{"id":7018,"date":"2025-04-27T09:20:59","date_gmt":"2025-04-27T09:20:59","guid":{"rendered":"https:\/\/motionte.com\/product\/duz-k%c9%99m%c9%99rl%c9%99r\/"},"modified":"2025-06-12T13:19:27","modified_gmt":"2025-06-12T13:19:27","slug":"duz-qayislar","status":"publish","type":"product","link":"https:\/\/motionte.com\/az\/product\/duz-qayislar\/","title":{"rendered":"D\u00dcZ QAYI\u015eLAR"},"content":{"rendered":"<p>D\u00dcZ QAYI\u015eLAR 2 N\u00d6V OLA B\u0130L\u018fR:<\/p>\n<p>B\u0130R T\u018fR\u018fFL\u0130 \u0130ST\u0130QAM\u018fTD\u018f \u0130\u015eL\u018fY\u018fN<\/p>\n<p>H\u018fR \u0130K\u0130 \u0130ST\u0130QAM\u018fTD\u018f \u0130\u015eL\u018fY\u018fN<\/p>\n<p>M\u00dcXT\u018fL\u0130F MATER\u0130ALDAN \u0130STEHSAL OLUNUR. QAYI\u015eLA M\u018fHSUL V\u018f YA ROL\u0130K ARASINDAKI S\u00dcRT\u00dcNM\u018fN\u0130 ARTIRMAQ V\u018f YA AZALTMAQ M\u018fQS\u018fD\u0130 \u0130L\u018f QAYI\u015e X\u00dcSUS\u0130 MATER\u0130ALLI QAT \u0130L\u018f \u00d6RT\u00dcL\u018f B\u0130L\u018fR.<\/p>\n","protected":false},"excerpt":{"rendered":"<p>D\u00dcZ QAYI\u015eLAR G\u00dcC \u00d6T\u00dcRM\u018f V\u018f YA BALACA, \u0130NC\u018f M\u018fHSULLARIN N\u018fQLED\u0130LM\u018fS\u0130 \u00dc\u00c7\u00dcN \u0130ST\u0130FAD\u018f OLUNUR. \u018fSAS\u018fN KA\u011eIZ, POL\u0130GRAF\u0130YA, TEKST\u0130L S\u018fNAYES\u0130ND\u018f, H\u018fM\u00c7\u0130N\u0130N G\u00dcC\u00d6T\u00dcR\u00dcLM\u018fN\u0130 T\u018fL\u018fB ED\u018fN B\u00dcT\u00dcN AVADANLIQLARDA \u0130ST\u0130FAD\u018f OLUNUR.<\/p>\n","protected":false},"featured_media":6997,"comment_status":"open","ping_status":"closed","template":"","meta":{"om_disable_all_campaigns":false,"_monsterinsights_skip_tracking":false,"_monsterinsights_sitenote_active":false,"_monsterinsights_sitenote_note":"","_monsterinsights_sitenote_category":0},"etheme_brands":[],"product_cat":[209],"product_tag":[],"class_list":{"0":"post-7018","1":"product","2":"type-product","3":"status-publish","4":"has-post-thumbnail","6":"product_cat-zamanlama-v-v-transmissiya-kmrlri","8":"first","9":"instock","10":"shipping-taxable","11":"product-type-simple"},"aioseo_notices":[],"_links":{"self":[{"href":"https:\/\/motionte.com\/az\/wp-json\/wp\/v2\/product\/7018","targetHints":{"allow":["GET"]}}],"collection":[{"href":"https:\/\/motionte.com\/az\/wp-json\/wp\/v2\/product"}],"about":[{"href":"https:\/\/motionte.com\/az\/wp-json\/wp\/v2\/types\/product"}],"replies":[{"embeddable":true,"href":"https:\/\/motionte.com\/az\/wp-json\/wp\/v2\/comments?post=7018"}],"version-history":[{"count":2,"href":"https:\/\/motionte.com\/az\/wp-json\/wp\/v2\/product\/7018\/revisions"}],"predecessor-version":[{"id":7101,"href":"https:\/\/motionte.com\/az\/wp-json\/wp\/v2\/product\/7018\/revisions\/7101"}],"wp:featuredmedia":[{"embeddable":true,"href":"https:\/\/motionte.com\/az\/wp-json\/wp\/v2\/media\/6997"}],"wp:attachment":[{"href":"https:\/\/motionte.com\/az\/wp-json\/wp\/v2\/media?parent=7018"}],"wp:term":[{"taxonomy":"brand","embeddable":true,"href":"https:\/\/motionte.com\/az\/wp-json\/wp\/v2\/etheme_brands?post=7018"},{"taxonomy":"product_cat","embeddable":true,"href":"https:\/\/motionte.com\/az\/wp-json\/wp\/v2\/product_cat?post=7018"},{"taxonomy":"product_tag","embeddable":true,"href":"https:\/\/motionte.com\/az\/wp-json\/wp\/v2\/product_tag?post=7018"}],"curies":[{"name":"wp","href":"https:\/\/api.w.org\/{rel}","templated":true}]}}