{"id":7017,"date":"2025-04-27T09:21:00","date_gmt":"2025-04-27T09:21:00","guid":{"rendered":"https:\/\/motionte.com\/product\/zamanlama-k%c9%99m%c9%99rl%c9%99ri\/"},"modified":"2025-06-12T13:16:21","modified_gmt":"2025-06-12T13:16:21","slug":"disli-qayislar","status":"publish","type":"product","link":"https:\/\/motionte.com\/az\/product\/disli-qayislar\/","title":{"rendered":"D\u0130\u015eL\u0130 QAYI\u015eLAR"},"content":{"rendered":"<p>D\u0130\u015eL\u0130 QAYI\u015eLAR UN\u0130VERSAL KODLA\u015eDIRMAYA MAL\u0130KD\u0130R V\u018f A\u015eA\u011eIDAKI N\u00d6VL\u018fR\u018f B\u00d6L\u00dcN\u00dcR:<\/p>\n<p>T &#8211; AT<\/p>\n<p>L &#8211; XL<\/p>\n<p>H &#8211; XH<\/p>\n<p>HTD \u2013 STD \u2013 RTD<\/p>\n<p>EN\u0130, D\u0130\u015eL\u018fR\u0130N SAYI V\u018f MATER\u0130AL SE\u00c7\u0130LM\u018fS\u0130 M\u00dcMK\u00dcND\u00dcR.<\/p>\n","protected":false},"excerpt":{"rendered":"<p>D\u0130\u015eL\u0130 QAYI\u015eLAR &#8211; G\u00dcC\u00dc B\u0130R D\u0130\u015eL\u0130 \u00c7ARXDAN D\u0130G\u018fR\u0130N\u018f \u00d6T\u00dcRM\u018fK \u00dc\u00c7\u00dcN \u0130ST\u0130FAD\u018f OLUNUR. DEM\u018fK OLAR K\u0130 H\u018fR\u018fK\u018fT\u0130 OLAN B\u00dcT\u00dcN AVADANLIQLARDA \u0130ST\u0130FAD\u018f OLUNUR.<\/p>\n","protected":false},"featured_media":6991,"comment_status":"open","ping_status":"closed","template":"","meta":{"om_disable_all_campaigns":false,"_monsterinsights_skip_tracking":false,"_monsterinsights_sitenote_active":false,"_monsterinsights_sitenote_note":"","_monsterinsights_sitenote_category":0},"etheme_brands":[],"product_cat":[209],"product_tag":[],"class_list":{"0":"post-7017","1":"product","2":"type-product","3":"status-publish","4":"has-post-thumbnail","6":"product_cat-zamanlama-v-v-transmissiya-kmrlri","8":"first","9":"instock","10":"shipping-taxable","11":"product-type-simple"},"aioseo_notices":[],"_links":{"self":[{"href":"https:\/\/motionte.com\/az\/wp-json\/wp\/v2\/product\/7017","targetHints":{"allow":["GET"]}}],"collection":[{"href":"https:\/\/motionte.com\/az\/wp-json\/wp\/v2\/product"}],"about":[{"href":"https:\/\/motionte.com\/az\/wp-json\/wp\/v2\/types\/product"}],"replies":[{"embeddable":true,"href":"https:\/\/motionte.com\/az\/wp-json\/wp\/v2\/comments?post=7017"}],"version-history":[{"count":2,"href":"https:\/\/motionte.com\/az\/wp-json\/wp\/v2\/product\/7017\/revisions"}],"predecessor-version":[{"id":7099,"href":"https:\/\/motionte.com\/az\/wp-json\/wp\/v2\/product\/7017\/revisions\/7099"}],"wp:featuredmedia":[{"embeddable":true,"href":"https:\/\/motionte.com\/az\/wp-json\/wp\/v2\/media\/6991"}],"wp:attachment":[{"href":"https:\/\/motionte.com\/az\/wp-json\/wp\/v2\/media?parent=7017"}],"wp:term":[{"taxonomy":"brand","embeddable":true,"href":"https:\/\/motionte.com\/az\/wp-json\/wp\/v2\/etheme_brands?post=7017"},{"taxonomy":"product_cat","embeddable":true,"href":"https:\/\/motionte.com\/az\/wp-json\/wp\/v2\/product_cat?post=7017"},{"taxonomy":"product_tag","embeddable":true,"href":"https:\/\/motionte.com\/az\/wp-json\/wp\/v2\/product_tag?post=7017"}],"curies":[{"name":"wp","href":"https:\/\/api.w.org\/{rel}","templated":true}]}}