{"id":7015,"date":"2025-04-27T09:20:59","date_gmt":"2025-04-27T09:20:59","guid":{"rendered":"https:\/\/motionte.com\/product\/dair%c9%99vi-k%c9%99m%c9%99rl%c9%99r\/"},"modified":"2025-07-02T12:10:34","modified_gmt":"2025-07-02T12:10:34","slug":"yumru-qayislar","status":"publish","type":"product","link":"https:\/\/motionte.com\/az\/product\/yumru-qayislar\/","title":{"rendered":"YUMRU QAY\u0130\u015eLAR"},"content":{"rendered":"<p>YUMRU QAYI\u015eLAR \u0130ST\u0130FAD\u018f OLUNACAQ \u00a0SEKTORDAN ASILI OLARAQ ELAST\u0130K V\u018f YA ELAST\u0130K OLMAYAN PVC, PU MATER\u0130ALDAN HAZIRLANIR.<\/p>\n<p>YUMRU QAYI\u015eLARIN S\u018fRTL\u0130Y\u0130 V\u018f S\u018fTH\u0130 LAZIM\u0130 S\u00dcRT\u00dcNM\u018fN\u0130 \u018fLD\u018f ETM\u018fK \u00dc\u00c7\u00dcN \u0130ST\u0130FAD\u018f OLUNAN SAH\u018fY\u018f UY\u011eUN SE\u00c7\u0130L\u0130R.<\/p>\n<p>YUMRU QAYI\u015eLARIN \u018fSAS \u00d6L\u00c7\u00dcL\u018fR\u0130 BUNLARDIR: QAYI\u015eIN \u00dcMUM\u0130 UZUNLU\u011eU V\u018f D\u0130AMETR\u0130.<\/p>\n","protected":false},"excerpt":{"rendered":"<p>YUMRU QAYI\u015eLAR \u018fN \u00c7OX POL\u0130QRAF\u0130YA SEKTORUNDA \u0130ST\u0130FAD\u018f OLUNUR. BU T\u0130P QAYI\u015eLAR \u018fSAS\u018fN NAZ\u0130K, KA\u011eIZ V\u018f YA KA\u011eIZA B\u018fNZ\u018fR MATER\u0130ALIN M\u00dcMK\u00dcN Q\u018fD\u018fR YUM\u015eAQ DA\u015eINMASI M\u018fQS\u018fD\u0130N\u018f X\u0130DM\u018fT ED\u0130R. EYN\u0130 ZAMANDA Q\u0130DA V\u018f M\u00dcXT\u018fL\u0130F S\u018fNAY\u018fL\u018fRD\u018f \u0130ST\u0130FAD\u018f OLUNUR.<\/p>\n","protected":false},"featured_media":6988,"comment_status":"open","ping_status":"closed","template":"","meta":{"om_disable_all_campaigns":false,"_monsterinsights_skip_tracking":false,"_monsterinsights_sitenote_active":false,"_monsterinsights_sitenote_note":"","_monsterinsights_sitenote_category":0},"etheme_brands":[],"product_cat":[209],"product_tag":[],"class_list":{"0":"post-7015","1":"product","2":"type-product","3":"status-publish","4":"has-post-thumbnail","6":"product_cat-zamanlama-v-v-transmissiya-kmrlri","8":"first","9":"instock","10":"shipping-taxable","11":"product-type-simple"},"aioseo_notices":[],"_links":{"self":[{"href":"https:\/\/motionte.com\/az\/wp-json\/wp\/v2\/product\/7015","targetHints":{"allow":["GET"]}}],"collection":[{"href":"https:\/\/motionte.com\/az\/wp-json\/wp\/v2\/product"}],"about":[{"href":"https:\/\/motionte.com\/az\/wp-json\/wp\/v2\/types\/product"}],"replies":[{"embeddable":true,"href":"https:\/\/motionte.com\/az\/wp-json\/wp\/v2\/comments?post=7015"}],"version-history":[{"count":3,"href":"https:\/\/motionte.com\/az\/wp-json\/wp\/v2\/product\/7015\/revisions"}],"predecessor-version":[{"id":7200,"href":"https:\/\/motionte.com\/az\/wp-json\/wp\/v2\/product\/7015\/revisions\/7200"}],"wp:featuredmedia":[{"embeddable":true,"href":"https:\/\/motionte.com\/az\/wp-json\/wp\/v2\/media\/6988"}],"wp:attachment":[{"href":"https:\/\/motionte.com\/az\/wp-json\/wp\/v2\/media?parent=7015"}],"wp:term":[{"taxonomy":"brand","embeddable":true,"href":"https:\/\/motionte.com\/az\/wp-json\/wp\/v2\/etheme_brands?post=7015"},{"taxonomy":"product_cat","embeddable":true,"href":"https:\/\/motionte.com\/az\/wp-json\/wp\/v2\/product_cat?post=7015"},{"taxonomy":"product_tag","embeddable":true,"href":"https:\/\/motionte.com\/az\/wp-json\/wp\/v2\/product_tag?post=7015"}],"curies":[{"name":"wp","href":"https:\/\/api.w.org\/{rel}","templated":true}]}}