{"id":7012,"date":"2025-04-27T09:20:59","date_gmt":"2025-04-27T09:20:59","guid":{"rendered":"https:\/\/motionte.com\/product\/v-k%c9%99m%c9%99rl%c9%99ri\/"},"modified":"2025-06-12T13:18:46","modified_gmt":"2025-06-12T13:18:46","slug":"v-qayislar","status":"publish","type":"product","link":"https:\/\/motionte.com\/az\/product\/v-qayislar\/","title":{"rendered":"V QAYI\u015eLAR"},"content":{"rendered":"<p>V QAYI\u015eLAR T\u018fY\u0130NATLARINDAN ASILI OLARAQ M\u00dcXT\u018fL\u0130F N\u00d6V V\u018f FORMALARDA M\u00d6VCUDDUR.<\/p>\n<p>ONLAR \u018fSAS\u018fN REZ\u0130N MATER\u0130ALDAN HAZIRLANIR. \u018fLAV\u018f M\u00d6HK\u018fML\u018fND\u0130R\u0130LM\u018fS\u0130 \u00dc\u00c7\u00dcN X\u00dcSUS\u0130 KORDONLARI M\u00d6VCUDDUR.<\/p>\n","protected":false},"excerpt":{"rendered":"<p>V (PAZVAR\u0130) QAYI\u015eLAR AVTOMOB\u0130L S\u018fNAYES\u0130ND\u018f DAHA \u00c7OX \u0130ST\u0130FAD\u018f OLUNUR, LAK\u0130N BUNA BAXMAYARAQ, M\u00dcXT\u018fL\u0130F S\u018fNAY\u018f SEKTORUNDA B\u0130R &#8220;\u015eK\u0130VD\u018fN&#8221; D\u0130G\u018fR\u0130N\u018f G\u00dcC \u00d6T\u00dcR\u00dcLM\u018fS\u0130 T\u018fL\u018fB OLUNAN H\u018fR B\u0130R AVADANLIQDA YET\u018fR\u0130NC\u018f RAST G\u018fL\u0130N\u0130R.<\/p>\n","protected":false},"featured_media":6994,"comment_status":"open","ping_status":"closed","template":"","meta":{"om_disable_all_campaigns":false,"_monsterinsights_skip_tracking":false,"_monsterinsights_sitenote_active":false,"_monsterinsights_sitenote_note":"","_monsterinsights_sitenote_category":0},"etheme_brands":[],"product_cat":[209],"product_tag":[],"class_list":{"0":"post-7012","1":"product","2":"type-product","3":"status-publish","4":"has-post-thumbnail","6":"product_cat-zamanlama-v-v-transmissiya-kmrlri","8":"first","9":"instock","10":"shipping-taxable","11":"product-type-simple"},"aioseo_notices":[],"_links":{"self":[{"href":"https:\/\/motionte.com\/az\/wp-json\/wp\/v2\/product\/7012","targetHints":{"allow":["GET"]}}],"collection":[{"href":"https:\/\/motionte.com\/az\/wp-json\/wp\/v2\/product"}],"about":[{"href":"https:\/\/motionte.com\/az\/wp-json\/wp\/v2\/types\/product"}],"replies":[{"embeddable":true,"href":"https:\/\/motionte.com\/az\/wp-json\/wp\/v2\/comments?post=7012"}],"version-history":[{"count":2,"href":"https:\/\/motionte.com\/az\/wp-json\/wp\/v2\/product\/7012\/revisions"}],"predecessor-version":[{"id":7100,"href":"https:\/\/motionte.com\/az\/wp-json\/wp\/v2\/product\/7012\/revisions\/7100"}],"wp:featuredmedia":[{"embeddable":true,"href":"https:\/\/motionte.com\/az\/wp-json\/wp\/v2\/media\/6994"}],"wp:attachment":[{"href":"https:\/\/motionte.com\/az\/wp-json\/wp\/v2\/media?parent=7012"}],"wp:term":[{"taxonomy":"brand","embeddable":true,"href":"https:\/\/motionte.com\/az\/wp-json\/wp\/v2\/etheme_brands?post=7012"},{"taxonomy":"product_cat","embeddable":true,"href":"https:\/\/motionte.com\/az\/wp-json\/wp\/v2\/product_cat?post=7012"},{"taxonomy":"product_tag","embeddable":true,"href":"https:\/\/motionte.com\/az\/wp-json\/wp\/v2\/product_tag?post=7012"}],"curies":[{"name":"wp","href":"https:\/\/api.w.org\/{rel}","templated":true}]}}