{"id":6815,"date":"2025-02-26T20:21:24","date_gmt":"2025-02-26T20:21:24","guid":{"rendered":"https:\/\/motionte.com\/product\/ss-ucf\/"},"modified":"2025-03-05T19:36:37","modified_gmt":"2025-03-05T19:36:37","slug":"ss-ucf","status":"publish","type":"product","link":"https:\/\/motionte.com\/az\/product\/ss-ucf\/","title":{"rendered":"SS-UCF"},"content":{"rendered":"<p>Rulmanlar bir \u00e7ox m\u0259qs\u0259dl\u0259r \u00fc\u00e7\u00fcn cihazlarda istifad\u0259 olunur: Konveyer kasnaklar\u0131n\u0131 tutmaq, f\u0131rlanan b\u0131\u00e7aqlar v\u0259 daha \u00e7ox. \u015eaft\u0131n diametrind\u0259n as\u0131l\u0131 olaraq 20 mm-d\u0259n 40-a q\u0259d\u0259r, 5 mm-lik art\u0131mlarla 204-d\u0259n 208-\u0259 q\u0259d\u0259r m\u00fcxt\u0259lif n\u00f6vl\u0259rd\u0259 g\u0259lir.<\/p>\n","protected":false},"excerpt":{"rendered":"<p>Rulmanlar tamamil\u0259 paslanmayan poladdan haz\u0131rlanm\u0131\u015fd\u0131r.<\/p>\n","protected":false},"featured_media":6387,"comment_status":"open","ping_status":"closed","template":"","meta":{"om_disable_all_campaigns":false,"_monsterinsights_skip_tracking":false,"_monsterinsights_sitenote_active":false,"_monsterinsights_sitenote_note":"","_monsterinsights_sitenote_category":0},"etheme_brands":[],"product_cat":[206,200,141],"product_tag":[],"class_list":{"0":"post-6815","1":"product","2":"type-product","3":"status-publish","4":"has-post-thumbnail","6":"product_cat-paslanmayan-polad","7":"product_cat-rulmanlar","8":"product_cat-ehtiyat-hisslri","10":"first","11":"instock","12":"shipping-taxable","13":"product-type-simple"},"aioseo_notices":[],"_links":{"self":[{"href":"https:\/\/motionte.com\/az\/wp-json\/wp\/v2\/product\/6815","targetHints":{"allow":["GET"]}}],"collection":[{"href":"https:\/\/motionte.com\/az\/wp-json\/wp\/v2\/product"}],"about":[{"href":"https:\/\/motionte.com\/az\/wp-json\/wp\/v2\/types\/product"}],"replies":[{"embeddable":true,"href":"https:\/\/motionte.com\/az\/wp-json\/wp\/v2\/comments?post=6815"}],"version-history":[{"count":1,"href":"https:\/\/motionte.com\/az\/wp-json\/wp\/v2\/product\/6815\/revisions"}],"predecessor-version":[{"id":6816,"href":"https:\/\/motionte.com\/az\/wp-json\/wp\/v2\/product\/6815\/revisions\/6816"}],"wp:featuredmedia":[{"embeddable":true,"href":"https:\/\/motionte.com\/az\/wp-json\/wp\/v2\/media\/6387"}],"wp:attachment":[{"href":"https:\/\/motionte.com\/az\/wp-json\/wp\/v2\/media?parent=6815"}],"wp:term":[{"taxonomy":"brand","embeddable":true,"href":"https:\/\/motionte.com\/az\/wp-json\/wp\/v2\/etheme_brands?post=6815"},{"taxonomy":"product_cat","embeddable":true,"href":"https:\/\/motionte.com\/az\/wp-json\/wp\/v2\/product_cat?post=6815"},{"taxonomy":"product_tag","embeddable":true,"href":"https:\/\/motionte.com\/az\/wp-json\/wp\/v2\/product_tag?post=6815"}],"curies":[{"name":"wp","href":"https:\/\/api.w.org\/{rel}","templated":true}]}}