{"id":6666,"date":"2025-02-25T18:13:24","date_gmt":"2025-02-25T18:13:24","guid":{"rendered":"https:\/\/motionte.com\/product\/l-profili\/"},"modified":"2025-07-02T08:31:47","modified_gmt":"2025-07-02T08:31:47","slug":"l-tipli-plastik-profil","status":"publish","type":"product","link":"https:\/\/motionte.com\/az\/product\/l-tipli-plastik-profil\/","title":{"rendered":"\u201cL\u201d T\u0130PL\u0130 PLAST\u0130K PROF\u0130L"},"content":{"rendered":"<p>X\u00dcSUS\u0130 L T\u0130PL\u0130 PLAST\u0130K PROF\u0130L, KONVEYERL\u018fRD\u018f MODULAR PLAST\u0130K LENTL\u018fR\u0130N ALT S\u018fTH\u0130N DAYAQ FUNKS\u0130YASINI T\u018fM\u0130N ED\u0130R. BUNDAN \u018fLAV\u018f M\u00dcXT\u018fL\u0130F T\u018fTB\u0130QL\u018fR \u00dc\u00c7\u00dcN \u0130ST\u0130FAD\u018f ED\u0130L\u018f B\u0130L\u018fR.<\/p>\n","protected":false},"excerpt":{"rendered":"<p>PVC-D\u018fN HAZIRLANMI\u015e X\u00dcSUSI PROFILL\u018fR.<\/p>\n","protected":false},"featured_media":6375,"comment_status":"open","ping_status":"closed","template":"elementor_theme","meta":{"om_disable_all_campaigns":false,"_monsterinsights_skip_tracking":false,"_monsterinsights_sitenote_active":false,"_monsterinsights_sitenote_note":"","_monsterinsights_sitenote_category":0},"etheme_brands":[],"product_cat":[202,141],"product_tag":[],"class_list":{"0":"post-6666","1":"product","2":"type-product","3":"status-publish","4":"has-post-thumbnail","6":"product_cat-plastik-profillr","7":"product_cat-ehtiyat-hisslri","9":"first","10":"instock","11":"shipping-taxable","12":"purchasable","13":"product-type-simple"},"aioseo_notices":[],"_links":{"self":[{"href":"https:\/\/motionte.com\/az\/wp-json\/wp\/v2\/product\/6666","targetHints":{"allow":["GET"]}}],"collection":[{"href":"https:\/\/motionte.com\/az\/wp-json\/wp\/v2\/product"}],"about":[{"href":"https:\/\/motionte.com\/az\/wp-json\/wp\/v2\/types\/product"}],"replies":[{"embeddable":true,"href":"https:\/\/motionte.com\/az\/wp-json\/wp\/v2\/comments?post=6666"}],"version-history":[{"count":3,"href":"https:\/\/motionte.com\/az\/wp-json\/wp\/v2\/product\/6666\/revisions"}],"predecessor-version":[{"id":7162,"href":"https:\/\/motionte.com\/az\/wp-json\/wp\/v2\/product\/6666\/revisions\/7162"}],"wp:featuredmedia":[{"embeddable":true,"href":"https:\/\/motionte.com\/az\/wp-json\/wp\/v2\/media\/6375"}],"wp:attachment":[{"href":"https:\/\/motionte.com\/az\/wp-json\/wp\/v2\/media?parent=6666"}],"wp:term":[{"taxonomy":"brand","embeddable":true,"href":"https:\/\/motionte.com\/az\/wp-json\/wp\/v2\/etheme_brands?post=6666"},{"taxonomy":"product_cat","embeddable":true,"href":"https:\/\/motionte.com\/az\/wp-json\/wp\/v2\/product_cat?post=6666"},{"taxonomy":"product_tag","embeddable":true,"href":"https:\/\/motionte.com\/az\/wp-json\/wp\/v2\/product_tag?post=6666"}],"curies":[{"name":"wp","href":"https:\/\/api.w.org\/{rel}","templated":true}]}}