{"id":6634,"date":"2025-02-24T15:20:42","date_gmt":"2025-02-24T15:20:42","guid":{"rendered":"https:\/\/motionte.com\/product\/ucfl\/"},"modified":"2025-03-05T19:36:19","modified_gmt":"2025-03-05T19:36:19","slug":"ucfl","status":"publish","type":"product","link":"https:\/\/motionte.com\/az\/product\/ucfl\/","title":{"rendered":"UCFL"},"content":{"rendered":"<p>Rulmanlar bir \u00e7ox m\u0259qs\u0259dl\u0259r \u00fc\u00e7\u00fcn cihazlarda istifad\u0259 olunur: Konveyer kasnaklar\u0131n\u0131 tutmaq, f\u0131rlanan b\u0131\u00e7aqlar v\u0259 daha \u00e7ox. \u015eaft\u0131n diametrind\u0259n as\u0131l\u0131 olaraq 20 mm-d\u0259n 50-y\u0259 q\u0259d\u0259r, 5 mm-lik art\u0131mlarla 204-d\u0259n 210-a q\u0259d\u0259r m\u00fcxt\u0259lif n\u00f6vl\u0259rd\u0259 g\u0259lir.<\/p>\n","protected":false},"excerpt":{"rendered":"<p>Rulmanlar tamamil\u0259 d\u0259mird\u0259n t\u00f6k\u00fcl\u00fcr.<\/p>\n","protected":false},"featured_media":6214,"comment_status":"open","ping_status":"closed","template":"elementor_theme","meta":{"om_disable_all_campaigns":false,"_monsterinsights_skip_tracking":false,"_monsterinsights_sitenote_active":false,"_monsterinsights_sitenote_note":"","_monsterinsights_sitenote_category":0},"etheme_brands":[],"product_cat":[201,200,141],"product_tag":[],"class_list":{"0":"post-6634","1":"product","2":"type-product","3":"status-publish","4":"has-post-thumbnail","6":"product_cat-cuqun","7":"product_cat-rulmanlar","8":"product_cat-ehtiyat-hisslri","10":"first","11":"instock","12":"shipping-taxable","13":"purchasable","14":"product-type-variable"},"aioseo_notices":[],"_links":{"self":[{"href":"https:\/\/motionte.com\/az\/wp-json\/wp\/v2\/product\/6634","targetHints":{"allow":["GET"]}}],"collection":[{"href":"https:\/\/motionte.com\/az\/wp-json\/wp\/v2\/product"}],"about":[{"href":"https:\/\/motionte.com\/az\/wp-json\/wp\/v2\/types\/product"}],"replies":[{"embeddable":true,"href":"https:\/\/motionte.com\/az\/wp-json\/wp\/v2\/comments?post=6634"}],"version-history":[{"count":1,"href":"https:\/\/motionte.com\/az\/wp-json\/wp\/v2\/product\/6634\/revisions"}],"predecessor-version":[{"id":6662,"href":"https:\/\/motionte.com\/az\/wp-json\/wp\/v2\/product\/6634\/revisions\/6662"}],"wp:featuredmedia":[{"embeddable":true,"href":"https:\/\/motionte.com\/az\/wp-json\/wp\/v2\/media\/6214"}],"wp:attachment":[{"href":"https:\/\/motionte.com\/az\/wp-json\/wp\/v2\/media?parent=6634"}],"wp:term":[{"taxonomy":"brand","embeddable":true,"href":"https:\/\/motionte.com\/az\/wp-json\/wp\/v2\/etheme_brands?post=6634"},{"taxonomy":"product_cat","embeddable":true,"href":"https:\/\/motionte.com\/az\/wp-json\/wp\/v2\/product_cat?post=6634"},{"taxonomy":"product_tag","embeddable":true,"href":"https:\/\/motionte.com\/az\/wp-json\/wp\/v2\/product_tag?post=6634"}],"curies":[{"name":"wp","href":"https:\/\/api.w.org\/{rel}","templated":true}]}}