{"id":5656,"date":"2024-12-05T12:47:21","date_gmt":"2024-12-05T12:47:21","guid":{"rendered":"https:\/\/motionte.com\/product\/metal-tel-mesh-k%c9%99m%c9%99rl%c9%99r\/"},"modified":"2025-07-02T11:05:55","modified_gmt":"2025-07-02T11:05:55","slug":"metal-lentler-tel-bant","status":"publish","type":"product","link":"https:\/\/motionte.com\/az\/product\/metal-lentler-tel-bant\/","title":{"rendered":"METAL LENTL\u018fR \u2013 TEL BANT"},"content":{"rendered":"<p>METAL LENTL\u018fR, M\u018fHSULUN Y\u00dcKS\u018fK V\u018f YA A\u015eA\u011eI TEMPERATURDA EMAL OLUNMASI \u00dc\u00c7\u00dcN M\u00dcXT\u018fL\u0130F S\u018fNAY\u018f SEKTORUNDA GEN\u0130\u015e \u0130ST\u0130FAD\u018f OLUNUR. LENT\u0130N TEMPERATURA DAVAMLILI\u011eI\u00a0 -50\u00b0 \u0130L\u018f 1200\u00b0 D\u018fR\u018fC\u018f ARASINDA D\u018fY\u0130\u015e\u0130R.<\/p>\n<p>PASLANMAZ POLAD, H\u018fM D\u018f X\u00dcSUS\u0130 QARA METAL \u0130L\u018f HAZIRLANIR.<\/p>\n<p>F\u018fRQL\u0130 \u00c7E\u015e\u0130DD\u018f M\u018fHSULLARIN N\u018fQL ED\u0130LM\u018fS\u0130 \u00dc\u00c7\u00dcN, M\u00dcXT\u018fL\u0130F N\u00d6V TOXUMA METAL LENTRL\u018fR M\u00d6VCUDDUR.<\/p>\n<p>UZUN M\u00dcDD\u018fTL\u0130 DAVAMLILI\u011eI \u0130L\u018f, Y\u00dcKS\u018fK TEMPERATURDA V\u018f SUDA DA\u0130M \u0130\u015eL\u018fM\u018fK QAB\u0130L\u0130YY\u018fT\u0130 \u0130L\u018f F\u018fRQL\u018fN\u0130R.<\/p>\n<p>\u0130ST\u018fN\u0130L\u018fN \u00d6L\u00c7\u00dcD\u018f METAL TEL LENTL\u018fR\u0130N (TEL BANT) SE\u00c7\u0130LM\u018fS\u0130 M\u00dcMK\u00dcND\u00dcR.<\/p>\n","protected":false},"excerpt":{"rendered":"<p>SON D\u018fR\u018fC\u018f Y\u00dcKS\u018fK TEMPERATURDA, SOBALARDA V\u018f SOYUTMA AVADANLIQLARINDA, X\u00dcSUS\u0130 YUMA X\u018fTL\u018fR\u0130ND\u018f \u0130ST\u0130FAD\u018f OLUNUR.<\/p>\n","protected":false},"featured_media":5416,"comment_status":"open","ping_status":"closed","template":"","meta":{"om_disable_all_campaigns":false,"_monsterinsights_skip_tracking":false,"_monsterinsights_sitenote_active":false,"_monsterinsights_sitenote_note":"","_monsterinsights_sitenote_category":0},"etheme_brands":[],"product_cat":[211],"product_tag":[],"class_list":{"0":"post-5656","1":"product","2":"type-product","3":"status-publish","4":"has-post-thumbnail","6":"product_cat-konveyer-lentler","8":"first","9":"instock","10":"shipping-taxable","11":"product-type-simple"},"aioseo_notices":[],"_links":{"self":[{"href":"https:\/\/motionte.com\/az\/wp-json\/wp\/v2\/product\/5656","targetHints":{"allow":["GET"]}}],"collection":[{"href":"https:\/\/motionte.com\/az\/wp-json\/wp\/v2\/product"}],"about":[{"href":"https:\/\/motionte.com\/az\/wp-json\/wp\/v2\/types\/product"}],"replies":[{"embeddable":true,"href":"https:\/\/motionte.com\/az\/wp-json\/wp\/v2\/comments?post=5656"}],"version-history":[{"count":3,"href":"https:\/\/motionte.com\/az\/wp-json\/wp\/v2\/product\/5656\/revisions"}],"predecessor-version":[{"id":7185,"href":"https:\/\/motionte.com\/az\/wp-json\/wp\/v2\/product\/5656\/revisions\/7185"}],"wp:featuredmedia":[{"embeddable":true,"href":"https:\/\/motionte.com\/az\/wp-json\/wp\/v2\/media\/5416"}],"wp:attachment":[{"href":"https:\/\/motionte.com\/az\/wp-json\/wp\/v2\/media?parent=5656"}],"wp:term":[{"taxonomy":"brand","embeddable":true,"href":"https:\/\/motionte.com\/az\/wp-json\/wp\/v2\/etheme_brands?post=5656"},{"taxonomy":"product_cat","embeddable":true,"href":"https:\/\/motionte.com\/az\/wp-json\/wp\/v2\/product_cat?post=5656"},{"taxonomy":"product_tag","embeddable":true,"href":"https:\/\/motionte.com\/az\/wp-json\/wp\/v2\/product_tag?post=5656"}],"curies":[{"name":"wp","href":"https:\/\/api.w.org\/{rel}","templated":true}]}}