{"id":5604,"date":"2024-12-04T14:01:36","date_gmt":"2024-12-04T14:01:36","guid":{"rendered":"https:\/\/motionte.com\/product\/aluminium-korpus-qurd-disli-motor\/"},"modified":"2024-12-04T14:01:36","modified_gmt":"2024-12-04T14:01:36","slug":"aluminium-korpus-qurd-disli-motor","status":"publish","type":"product","link":"https:\/\/motionte.com\/az\/product\/aluminium-korpus-qurd-disli-motor\/","title":{"rendered":"Al\u00fcminium Korpus Qurd Di\u015fli Motor"},"content":{"rendered":"<div>\n<div>\n<div>\n<h5>M\u018fHSULUN \u00dcST\u00dcNL\u018fR\u0130<\/h5>\n<\/div>\n<\/div>\n<\/div>\n<div id=\"gdlr-core-column-6\">\n<div>\n<div>\n<div>\n<div>\n<div>A\u015fa\u011f\u0131 vibrasiya<\/div>\n<div>A\u015fa\u011f\u0131 s\u0259s-k\u00fcy<\/div>\n<div>\u00c7oxlu montaj m\u00f6vqel\u0259ri<\/div>\n<div>\u00d6l\u00e7\u00fcl\u0259r v\u0259 montaj m\u00f6vqeyi \u00fc\u00e7\u00fcn standart sintetik ya\u011f il\u0259 t\u0259chiz olunmu\u015f qur\u011fular<\/div>\n<div>Geni\u015f se\u00e7iml\u0259r v\u0259 birl\u0259\u015fm\u0259l\u0259r<\/div>\n<\/div>\n<\/div>\n<\/div>\n<\/div>\n<\/div>\n","protected":false},"excerpt":{"rendered":"<div>\n<div>\n<div>\n<h5>Alt\u0131 f\u0259rqli m\u0259rh\u0259l\u0259d\u0259 m\u00f6vcud olan S Seriyas\u0131 geni\u015f t\u0259tbiq sah\u0259si \u00fc\u00e7\u00fcn optimal h\u0259ll\u0259r t\u0259qdim edir. S\u00fcr\u0259t qutusunun al\u00fcminium korpusu v\u0259 di\u015flil\u0259r texnologiyas\u0131 g\u00fcc v\u0259 m\u0259kan\u0131n optimalla\u015fd\u0131r\u0131lmas\u0131 aras\u0131nda m\u00fck\u0259mm\u0259l balans t\u0259klif edir. Y\u0131\u011fcam v\u0259 modul, S Serie geni\u015f t\u0259tbiql\u0259r v\u0259 sektorlar \u00fc\u00e7\u00fcn m\u00fck\u0259mm\u0259l h\u0259lldir.  <\/h5>\n<\/div>\n<\/div>\n<\/div>\n","protected":false},"featured_media":5541,"comment_status":"open","ping_status":"closed","template":"","meta":{"om_disable_all_campaigns":false,"_monsterinsights_skip_tracking":false,"_monsterinsights_sitenote_active":false,"_monsterinsights_sitenote_note":"","_monsterinsights_sitenote_category":0},"etheme_brands":[],"product_cat":[207,150],"product_tag":[],"class_list":{"0":"post-5604","1":"product","2":"type-product","3":"status-publish","4":"has-post-thumbnail","6":"product_cat-surt-qutulari","7":"product_cat-muhrrik-reduktorlar","9":"first","10":"instock","11":"shipping-taxable","12":"product-type-simple"},"aioseo_notices":[],"_links":{"self":[{"href":"https:\/\/motionte.com\/az\/wp-json\/wp\/v2\/product\/5604","targetHints":{"allow":["GET"]}}],"collection":[{"href":"https:\/\/motionte.com\/az\/wp-json\/wp\/v2\/product"}],"about":[{"href":"https:\/\/motionte.com\/az\/wp-json\/wp\/v2\/types\/product"}],"replies":[{"embeddable":true,"href":"https:\/\/motionte.com\/az\/wp-json\/wp\/v2\/comments?post=5604"}],"version-history":[{"count":0,"href":"https:\/\/motionte.com\/az\/wp-json\/wp\/v2\/product\/5604\/revisions"}],"wp:featuredmedia":[{"embeddable":true,"href":"https:\/\/motionte.com\/az\/wp-json\/wp\/v2\/media\/5541"}],"wp:attachment":[{"href":"https:\/\/motionte.com\/az\/wp-json\/wp\/v2\/media?parent=5604"}],"wp:term":[{"taxonomy":"brand","embeddable":true,"href":"https:\/\/motionte.com\/az\/wp-json\/wp\/v2\/etheme_brands?post=5604"},{"taxonomy":"product_cat","embeddable":true,"href":"https:\/\/motionte.com\/az\/wp-json\/wp\/v2\/product_cat?post=5604"},{"taxonomy":"product_tag","embeddable":true,"href":"https:\/\/motionte.com\/az\/wp-json\/wp\/v2\/product_tag?post=5604"}],"curies":[{"name":"wp","href":"https:\/\/api.w.org\/{rel}","templated":true}]}}