{"id":4518,"date":"2024-10-15T12:59:56","date_gmt":"2024-10-15T12:59:56","guid":{"rendered":"https:\/\/motionte.com\/product\/findiq-separasiya-sistemi-2\/"},"modified":"2024-12-08T12:10:26","modified_gmt":"2024-12-08T12:10:26","slug":"findiq-separasiya-sistemi-2","status":"publish","type":"product","link":"https:\/\/motionte.com\/az\/product\/findiq-separasiya-sistemi-2\/","title":{"rendered":"FINDIQ SEPARAS\u0130YA S\u0130STEM\u0130"},"content":{"rendered":"<p id=\"u13609-2\">F\u0130NDI\u011eIN QABI\u011eINDAN AYRILMASI \u00dc\u00c7\u00dcN \u0130ST\u0130FAD\u018f OLUNUR.<\/p>\n<p id=\"u13609-5\">AYRICA B\u0130R AVADANLIQ V\u018f YA \u0130STEHSALAT X\u018fTT\u0130N T\u018fRKIB HISS\u018fSI K\u0130M\u0130 \u0130ST\u0130FAD\u018f OLUNUR.<\/p>\n<p id=\"u13609-8\">\u0130\u015e PR\u0130NS\u0130P\u0130:<\/p>\n<p id=\"u13609-10\">XAMMAL S\u0130STEM\u018f DAX\u0130L OLUR V\u018f ORADA HAVANIN S\u0130KLONLU H\u018fR\u018fK\u018fT METODU \u0130L\u018f FINDIQ QABI\u011eININ L\u018fP\u018fS\u0130ND\u018fN AYRILMASI BA\u015e VER\u0130R.<\/p>\n<p id=\"u13609-13\">\u00d6L\u00c7\u00dcL\u018fR\u0130 V\u018f M\u018fHSULDARLI\u011eI, M\u00dc\u015eT\u018fR\u0130 T\u018fR\u018fF\u0130ND\u018fN VER\u0130L\u018fN T\u018fL\u018fBL\u018fR\u018f UY\u011eUN M\u00dc\u018fYY\u018fN OLUNUR.<\/p>\n","protected":false},"excerpt":{"rendered":"<p id=\"u13609-2\">F\u0130NDI\u011eIN QABI\u011eINDAN AYRILMASI \u00dc\u00c7\u00dcN \u0130ST\u0130FAD\u018f OLUNUR.<\/p>\n<p id=\"u13609-5\">AYRICA B\u0130R AVADANLIQ V\u018f YA \u0130STEHSALAT X\u018fTT\u0130N T\u018fRKIB HISS\u018fSI K\u0130M\u0130 \u0130ST\u0130FAD\u018f OLUNUR.<\/p>\n<p id=\"u13609-8\">\u0130\u015e PR\u0130NS\u0130P\u0130:<\/p>\n<p id=\"u13609-10\">XAMMAL S\u0130STEM\u018f DAX\u0130L OLUR V\u018f ORADA HAVANIN S\u0130KLONLU H\u018fR\u018fK\u018fT METODU \u0130L\u018f FINDIQ QABI\u011eININ L\u018fP\u018fS\u0130ND\u018fN AYRILMASI BA\u015e VER\u0130R.<\/p>\n<p id=\"u13609-13\">\u00d6L\u00c7\u00dcL\u018fR\u0130 V\u018f M\u018fHSULDARLI\u011eI, M\u00dc\u015eT\u018fR\u0130 T\u018fR\u018fF\u0130ND\u018fN VER\u0130L\u018fN T\u018fL\u018fBL\u018fR\u018f UY\u011eUN M\u00dc\u018fYY\u018fN OLUNUR.<\/p>\n","protected":false},"featured_media":3733,"comment_status":"open","ping_status":"closed","template":"","meta":{"om_disable_all_campaigns":false,"_monsterinsights_skip_tracking":false,"_monsterinsights_sitenote_active":false,"_monsterinsights_sitenote_note":"","_monsterinsights_sitenote_category":0},"etheme_brands":[],"product_cat":[133,135,132,138],"product_tag":[],"class_list":{"0":"post-4518","1":"product","2":"type-product","3":"status-publish","4":"has-post-thumbnail","6":"product_cat-badam-emali-xtti","7":"product_cat-findiq-emali-xtti","8":"product_cat-istehsal-xtlri","9":"product_cat-qoz-emali-xtti","11":"first","12":"instock","13":"shipping-taxable","14":"product-type-simple"},"aioseo_notices":[],"_links":{"self":[{"href":"https:\/\/motionte.com\/az\/wp-json\/wp\/v2\/product\/4518","targetHints":{"allow":["GET"]}}],"collection":[{"href":"https:\/\/motionte.com\/az\/wp-json\/wp\/v2\/product"}],"about":[{"href":"https:\/\/motionte.com\/az\/wp-json\/wp\/v2\/types\/product"}],"replies":[{"embeddable":true,"href":"https:\/\/motionte.com\/az\/wp-json\/wp\/v2\/comments?post=4518"}],"version-history":[{"count":1,"href":"https:\/\/motionte.com\/az\/wp-json\/wp\/v2\/product\/4518\/revisions"}],"predecessor-version":[{"id":5769,"href":"https:\/\/motionte.com\/az\/wp-json\/wp\/v2\/product\/4518\/revisions\/5769"}],"wp:featuredmedia":[{"embeddable":true,"href":"https:\/\/motionte.com\/az\/wp-json\/wp\/v2\/media\/3733"}],"wp:attachment":[{"href":"https:\/\/motionte.com\/az\/wp-json\/wp\/v2\/media?parent=4518"}],"wp:term":[{"taxonomy":"brand","embeddable":true,"href":"https:\/\/motionte.com\/az\/wp-json\/wp\/v2\/etheme_brands?post=4518"},{"taxonomy":"product_cat","embeddable":true,"href":"https:\/\/motionte.com\/az\/wp-json\/wp\/v2\/product_cat?post=4518"},{"taxonomy":"product_tag","embeddable":true,"href":"https:\/\/motionte.com\/az\/wp-json\/wp\/v2\/product_tag?post=4518"}],"curies":[{"name":"wp","href":"https:\/\/api.w.org\/{rel}","templated":true}]}}