{"id":4517,"date":"2024-10-15T13:13:24","date_gmt":"2024-10-15T13:13:24","guid":{"rendered":"https:\/\/motionte.com\/product\/findiq-qiran-masin\/"},"modified":"2024-12-08T12:10:27","modified_gmt":"2024-12-08T12:10:27","slug":"findiq-qiran-masin","status":"publish","type":"product","link":"https:\/\/motionte.com\/az\/product\/findiq-qiran-masin\/","title":{"rendered":"F\u0131nd\u0131q q\u0131ran ma\u015f\u0131n"},"content":{"rendered":"<p id=\"u15154-2\">F\u0131nd\u0131q qab\u0131qlar\u0131n\u0131 \u00fcy\u00fctm\u0259k \u00fc\u00e7\u00fcn istifad\u0259 olunur.<\/p>\n<p id=\"u15154-3\">\n<p id=\"u15154-5\">AYRICA B\u0130R AVADANLIQ V\u018f YA \u0130STEHSALAT X\u018fTT\u0130N T\u018fRKIB HISS\u018fSI K\u0130M\u0130 \u0130ST\u0130FAD\u018f OLUNUR.<\/p>\n<p id=\"u15154-6\">\n<p id=\"u15154-8\">\u0130\u015e PR\u0130NS\u0130P\u0130:<\/p>\n<p id=\"u15154-10\">Xam m\u0259hsul iki d\u0259yirman da\u015f\u0131 aras\u0131nda y\u00fckl\u0259nir, orada par\u00e7alan\u0131r.<\/p>\n<p id=\"u15154-11\">\n<p id=\"u15154-13\">\u00d6L\u00c7\u00dcL\u018fR\u0130 V\u018f M\u018fHSULDARLI\u011eI, M\u00dc\u015eT\u018fR\u0130 T\u018fR\u018fF\u0130ND\u018fN VER\u0130L\u018fN T\u018fL\u018fBL\u018fR\u018f UY\u011eUN M\u00dc\u018fYY\u018fN OLUNUR.<\/p>\n","protected":false},"excerpt":{"rendered":"<p id=\"u15154-2\">F\u0131nd\u0131q qab\u0131qlar\u0131n\u0131 \u00fcy\u00fctm\u0259k \u00fc\u00e7\u00fcn istifad\u0259 olunur.<\/p>\n<p id=\"u15154-3\">\n<p id=\"u15154-5\">AYRICA B\u0130R AVADANLIQ V\u018f YA \u0130STEHSALAT X\u018fTT\u0130N T\u018fRKIB HISS\u018fSI K\u0130M\u0130 \u0130ST\u0130FAD\u018f OLUNUR.<\/p>\n<p id=\"u15154-6\">\n<p id=\"u15154-8\">\u0130\u015e PR\u0130NS\u0130P\u0130:<\/p>\n<p id=\"u15154-10\">Xam m\u0259hsul iki d\u0259yirman da\u015f\u0131 aras\u0131nda y\u00fckl\u0259nir, orada par\u00e7alan\u0131r.<\/p>\n<p id=\"u15154-11\">\n<p id=\"u15154-13\">\u00d6L\u00c7\u00dcL\u018fR\u0130 V\u018f M\u018fHSULDARLI\u011eI, M\u00dc\u015eT\u018fR\u0130 T\u018fR\u018fF\u0130ND\u018fN VER\u0130L\u018fN T\u018fL\u018fBL\u018fR\u018f UY\u011eUN M\u00dc\u018fYY\u018fN OLUNUR.<\/p>\n","protected":false},"featured_media":3735,"comment_status":"open","ping_status":"closed","template":"","meta":{"om_disable_all_campaigns":false,"_monsterinsights_skip_tracking":false,"_monsterinsights_sitenote_active":false,"_monsterinsights_sitenote_note":"","_monsterinsights_sitenote_category":0},"etheme_brands":[],"product_cat":[133,135,132,138],"product_tag":[],"class_list":{"0":"post-4517","1":"product","2":"type-product","3":"status-publish","4":"has-post-thumbnail","6":"product_cat-badam-emali-xtti","7":"product_cat-findiq-emali-xtti","8":"product_cat-istehsal-xtlri","9":"product_cat-qoz-emali-xtti","11":"first","12":"instock","13":"shipping-taxable","14":"product-type-simple"},"aioseo_notices":[],"_links":{"self":[{"href":"https:\/\/motionte.com\/az\/wp-json\/wp\/v2\/product\/4517","targetHints":{"allow":["GET"]}}],"collection":[{"href":"https:\/\/motionte.com\/az\/wp-json\/wp\/v2\/product"}],"about":[{"href":"https:\/\/motionte.com\/az\/wp-json\/wp\/v2\/types\/product"}],"replies":[{"embeddable":true,"href":"https:\/\/motionte.com\/az\/wp-json\/wp\/v2\/comments?post=4517"}],"version-history":[{"count":1,"href":"https:\/\/motionte.com\/az\/wp-json\/wp\/v2\/product\/4517\/revisions"}],"predecessor-version":[{"id":5773,"href":"https:\/\/motionte.com\/az\/wp-json\/wp\/v2\/product\/4517\/revisions\/5773"}],"wp:featuredmedia":[{"embeddable":true,"href":"https:\/\/motionte.com\/az\/wp-json\/wp\/v2\/media\/3735"}],"wp:attachment":[{"href":"https:\/\/motionte.com\/az\/wp-json\/wp\/v2\/media?parent=4517"}],"wp:term":[{"taxonomy":"brand","embeddable":true,"href":"https:\/\/motionte.com\/az\/wp-json\/wp\/v2\/etheme_brands?post=4517"},{"taxonomy":"product_cat","embeddable":true,"href":"https:\/\/motionte.com\/az\/wp-json\/wp\/v2\/product_cat?post=4517"},{"taxonomy":"product_tag","embeddable":true,"href":"https:\/\/motionte.com\/az\/wp-json\/wp\/v2\/product_tag?post=4517"}],"curies":[{"name":"wp","href":"https:\/\/api.w.org\/{rel}","templated":true}]}}