{"id":4516,"date":"2024-10-15T13:17:46","date_gmt":"2024-10-15T13:17:46","guid":{"rendered":"https:\/\/motionte.com\/product\/findiq-kalibrovkasi-2\/"},"modified":"2024-12-08T12:10:25","modified_gmt":"2024-12-08T12:10:25","slug":"findiq-kalibrovkasi-2","status":"publish","type":"product","link":"https:\/\/motionte.com\/az\/product\/findiq-kalibrovkasi-2\/","title":{"rendered":"FINDIQ KALIBROVKASI"},"content":{"rendered":"<p id=\"u16036-2\">FINDI\u011eIN, K\u0130\u00c7\u0130K \u00d6L\u00c7\u00dcL\u00dc MEYV\u018fL\u018fR\u0130N V\u018f B\u018fZ\u0130 G\u0130L\u018fMEYV\u018fL\u018fR\u0130N \u00c7E\u015e\u0130DL\u018fNM\u018fS\u0130 \u00dc\u00c7\u00dcN N\u018fZ\u018fRD\u018f TUTULUB.<\/p>\n<p id=\"u16036-3\">\n<p id=\"u16036-5\">M\u00dc\u015eT\u018fR\u0130N\u0130N T\u018fL\u018fB\u0130N\u018f UY\u011eUN &#8211; M\u00dcXT\u018fL\u0130F FORMALI, \u00d6L\u00c7\u00dcL\u00dc V\u018f FRAKS\u0130YALARIN SAYINI N\u018fZ\u018fR\u018f ALARAQ, KAL\u0130BRATORUN HAZIRLANMASI M\u00dcMK\u00dcND\u00dcR.<\/p>\n<p id=\"u16036-6\">\n<p id=\"u16036-8\">AYRICA B\u0130R AVADANLIQ V\u018f YA \u0130STEHSALAT X\u018fTT\u0130N T\u018fRKIB HISS\u018fSI K\u0130M\u0130 \u0130ST\u0130FAD\u018f OLUNUR.<\/p>\n<p id=\"u16036-9\">\n<p id=\"u16036-11\">\u0130\u015e PR\u0130NS\u0130P\u0130:<\/p>\n<p id=\"u16036-13\">XAMMAL, KAL\u0130BRATORUN S\u0130L\u0130ND\u0130R\u0130ND\u018f Y\u00dcKL\u018fN\u0130R. S\u0130L\u0130ND\u0130R\u0130N DAX\u0130L\u0130ND\u018f F\u0130RLANIR V\u018f M\u00dcVAF\u0130Q D\u0130AMETRL\u0130 DE\u015e\u0130KD\u018fN M\u018fHSUL A\u015eA\u011eIYA D\u00dc\u015e\u018fN\u018f Q\u018fD\u018fR H\u018fR\u018fK\u018fT\u0130 DAVAM ED\u0130R.<\/p>\n<p id=\"u16036-14\">\n<p id=\"u16036-16\">BU METOD \u0130L\u018f B\u0130R NE\u00c7\u018f FRAKS\u0130YAYA B\u00d6L\u00dcNM\u00dc\u015e XAMMAL, N\u00d6B\u018fT\u0130 EMALI \u00dc\u00c7\u00dcN X\u00dcSUS\u0130 BUNKERL\u018fR\u018f DAX\u0130L OLUNUR.<\/p>\n<p id=\"u16036-17\">\n<p id=\"u16036-19\">AD\u0130 POLAD V\u018f PASLANMAZ POLAD \u0130L\u018f HAZIRLANIR.<\/p>\n<p id=\"u16036-21\">\u00d6L\u00c7\u00dcL\u018fR\u0130 V\u018f M\u018fHSULDARLI\u011eI, M\u00dc\u015eT\u018fR\u0130 T\u018fR\u018fF\u0130ND\u018fN VER\u0130L\u018fN T\u018fL\u018fBL\u018fR\u018f UY\u011eUN M\u00dc\u018fYY\u018fN OLUNUR.<\/p>\n","protected":false},"excerpt":{"rendered":"<p id=\"u16036-2\">FINDI\u011eIN, K\u0130\u00c7\u0130K \u00d6L\u00c7\u00dcL\u00dc MEYV\u018fL\u018fR\u0130N V\u018f B\u018fZ\u0130 G\u0130L\u018fMEYV\u018fL\u018fR\u0130N \u00c7E\u015e\u0130DL\u018fNM\u018fS\u0130 \u00dc\u00c7\u00dcN N\u018fZ\u018fRD\u018f TUTULUB.<\/p>\n<p id=\"u16036-3\">\n<p id=\"u16036-5\">M\u00dc\u015eT\u018fR\u0130N\u0130N T\u018fL\u018fB\u0130N\u018f UY\u011eUN &#8211; M\u00dcXT\u018fL\u0130F FORMALI, \u00d6L\u00c7\u00dcL\u00dc V\u018f FRAKS\u0130YALARIN SAYINI N\u018fZ\u018fR\u018f ALARAQ, KAL\u0130BRATORUN HAZIRLANMASI M\u00dcMK\u00dcND\u00dcR.<\/p>\n<p id=\"u16036-6\">\n<p id=\"u16036-8\">AYRICA B\u0130R AVADANLIQ V\u018f YA \u0130STEHSALAT X\u018fTT\u0130N T\u018fRKIB HISS\u018fSI K\u0130M\u0130 \u0130ST\u0130FAD\u018f OLUNUR.<\/p>\n<p id=\"u16036-9\">\n<p id=\"u16036-11\">\u0130\u015e PR\u0130NS\u0130P\u0130:<\/p>\n<p id=\"u16036-13\">XAMMAL, KAL\u0130BRATORUN S\u0130L\u0130ND\u0130R\u0130ND\u018f Y\u00dcKL\u018fN\u0130R. S\u0130L\u0130ND\u0130R\u0130N DAX\u0130L\u0130ND\u018f F\u0130RLANIR V\u018f M\u00dcVAF\u0130Q D\u0130AMETRL\u0130 DE\u015e\u0130KD\u018fN M\u018fHSUL A\u015eA\u011eIYA D\u00dc\u015e\u018fN\u018f Q\u018fD\u018fR H\u018fR\u018fK\u018fT\u0130 DAVAM ED\u0130R.<\/p>\n<p id=\"u16036-14\">\n<p id=\"u16036-16\">BU METOD \u0130L\u018f B\u0130R NE\u00c7\u018f FRAKS\u0130YAYA B\u00d6L\u00dcNM\u00dc\u015e XAMMAL, N\u00d6B\u018fT\u0130 EMALI \u00dc\u00c7\u00dcN X\u00dcSUS\u0130 BUNKERL\u018fR\u018f DAX\u0130L OLUNUR.<\/p>\n<p id=\"u16036-17\">\n<p id=\"u16036-19\">AD\u0130 POLAD V\u018f PASLANMAZ POLAD \u0130L\u018f HAZIRLANIR.<\/p>\n<p id=\"u16036-21\">\u00d6L\u00c7\u00dcL\u018fR\u0130 V\u018f M\u018fHSULDARLI\u011eI, M\u00dc\u015eT\u018fR\u0130 T\u018fR\u018fF\u0130ND\u018fN VER\u0130L\u018fN T\u018fL\u018fBL\u018fR\u018f UY\u011eUN M\u00dc\u018fYY\u018fN OLUNUR.<\/p>\n","protected":false},"featured_media":3737,"comment_status":"open","ping_status":"closed","template":"","meta":{"om_disable_all_campaigns":false,"_monsterinsights_skip_tracking":false,"_monsterinsights_sitenote_active":false,"_monsterinsights_sitenote_note":"","_monsterinsights_sitenote_category":0},"etheme_brands":[],"product_cat":[133,135,132,138],"product_tag":[],"class_list":{"0":"post-4516","1":"product","2":"type-product","3":"status-publish","4":"has-post-thumbnail","6":"product_cat-badam-emali-xtti","7":"product_cat-findiq-emali-xtti","8":"product_cat-istehsal-xtlri","9":"product_cat-qoz-emali-xtti","11":"first","12":"instock","13":"shipping-taxable","14":"product-type-simple"},"aioseo_notices":[],"_links":{"self":[{"href":"https:\/\/motionte.com\/az\/wp-json\/wp\/v2\/product\/4516","targetHints":{"allow":["GET"]}}],"collection":[{"href":"https:\/\/motionte.com\/az\/wp-json\/wp\/v2\/product"}],"about":[{"href":"https:\/\/motionte.com\/az\/wp-json\/wp\/v2\/types\/product"}],"replies":[{"embeddable":true,"href":"https:\/\/motionte.com\/az\/wp-json\/wp\/v2\/comments?post=4516"}],"version-history":[{"count":1,"href":"https:\/\/motionte.com\/az\/wp-json\/wp\/v2\/product\/4516\/revisions"}],"predecessor-version":[{"id":5768,"href":"https:\/\/motionte.com\/az\/wp-json\/wp\/v2\/product\/4516\/revisions\/5768"}],"wp:featuredmedia":[{"embeddable":true,"href":"https:\/\/motionte.com\/az\/wp-json\/wp\/v2\/media\/3737"}],"wp:attachment":[{"href":"https:\/\/motionte.com\/az\/wp-json\/wp\/v2\/media?parent=4516"}],"wp:term":[{"taxonomy":"brand","embeddable":true,"href":"https:\/\/motionte.com\/az\/wp-json\/wp\/v2\/etheme_brands?post=4516"},{"taxonomy":"product_cat","embeddable":true,"href":"https:\/\/motionte.com\/az\/wp-json\/wp\/v2\/product_cat?post=4516"},{"taxonomy":"product_tag","embeddable":true,"href":"https:\/\/motionte.com\/az\/wp-json\/wp\/v2\/product_tag?post=4516"}],"curies":[{"name":"wp","href":"https:\/\/api.w.org\/{rel}","templated":true}]}}