{"id":4515,"date":"2024-10-15T14:33:23","date_gmt":"2024-10-15T14:33:23","guid":{"rendered":"https:\/\/motionte.com\/product\/s%c9%99naye-t%c9%99r%c9%99zil%c9%99ri-puro\/"},"modified":"2024-12-08T12:10:27","modified_gmt":"2024-12-08T12:10:27","slug":"s%c9%99naye-t%c9%99r%c9%99zil%c9%99ri-puro","status":"publish","type":"product","link":"https:\/\/motionte.com\/az\/product\/s%c9%99naye-t%c9%99r%c9%99zil%c9%99ri-puro\/","title":{"rendered":"S\u0259naye t\u0259r\u0259zil\u0259ri PURO"},"content":{"rendered":"<p>Sa\u011flam dizayn\u0131, innovativ v\u0259 istifad\u0259\u00e7i dostu t\u0259tbiql\u0259ri il\u0259 Puro t\u0259r\u0259zil\u0259ri s\u0259naye \u00e7\u0259kisinin b\u00fct\u00fcn sah\u0259l\u0259rind\u0259 \u00f6z\u00fcn\u00fc s\u00fcbut edir. Onlara son d\u0259r\u0259c\u0259 uzun i\u015fl\u0259m\u0259 m\u00fcdd\u0259tin\u0259 malik USB-C t\u0259krar doldurulan batareya, h\u0259m\u00e7inin a\u011f\u0131ll\u0131 qo\u015fulma se\u00e7iml\u0259ri v\u0259 proqram paketl\u0259ri daxildir. Geni\u015f \u00e7e\u015fidli m\u0259hsullar aras\u0131ndan Puro-nu se\u00e7in v\u0259 Puro onlayn ma\u011fazas\u0131 vasit\u0259sil\u0259 asanl\u0131qla m\u00fck\u0259mm\u0259l \u00e7\u0259ki \u00f6l\u00e7m\u0259 h\u0259llinizi sifari\u015f edin. Qlobal distribyutor m\u0259rk\u0259zl\u0259rimiz birba\u015fa qap\u0131n\u0131za s\u00fcr\u0259tli v\u0259 s\u0259m\u0259r\u0259li \u00e7atd\u0131r\u0131lma t\u0259min edir. Bu innovativ x\u00fcsusiyy\u0259tl\u0259r Puro-nu \u0259sl \u00f6l\u00e7\u00fcy\u0259 \u00e7evirir.<\/p>\n","protected":false},"excerpt":{"rendered":"<h5>Puro <sup>\u00ae<\/sup> seriyas\u0131 sizin m\u00fcxt\u0259lif \u00e7\u0259ki ehtiyaclar\u0131n\u0131z \u00fc\u00e7\u00fcn haz\u0131rlanm\u0131\u015fd\u0131r. \u0130st\u0259r \u00e7\u0259kin, sayma, ist\u0259rs\u0259 d\u0259 keyfiyy\u0259t\u0259 n\u0259zar\u0259t \u2013 b\u00fct\u00fcn Puro t\u0259r\u0259zil\u0259ri s\u00fcr\u0259tli v\u0259 d\u0259qiq t\u0259r\u0259zi performans\u0131n\u0131 t\u0259min edir. <\/h5>\n","protected":false},"featured_media":3739,"comment_status":"open","ping_status":"closed","template":"","meta":{"om_disable_all_campaigns":false,"_monsterinsights_skip_tracking":false,"_monsterinsights_sitenote_active":false,"_monsterinsights_sitenote_note":"","_monsterinsights_sitenote_category":0},"etheme_brands":[],"product_cat":[96,133,136,135,132,134,140,138],"product_tag":[],"class_list":{"0":"post-4515","1":"product","2":"type-product","3":"status-publish","4":"has-post-thumbnail","6":"product_cat-anbar-logistika-avadanligi","7":"product_cat-badam-emali-xtti","8":"product_cat-et-v-baliq-emali","9":"product_cat-findiq-emali-xtti","10":"product_cat-istehsal-xtlri","11":"product_cat-meyv-v-trvz-emali-xtti","12":"product_cat-muxtlif-avadanliqlar","13":"product_cat-qoz-emali-xtti","15":"first","16":"instock","17":"shipping-taxable","18":"product-type-simple"},"aioseo_notices":[],"_links":{"self":[{"href":"https:\/\/motionte.com\/az\/wp-json\/wp\/v2\/product\/4515","targetHints":{"allow":["GET"]}}],"collection":[{"href":"https:\/\/motionte.com\/az\/wp-json\/wp\/v2\/product"}],"about":[{"href":"https:\/\/motionte.com\/az\/wp-json\/wp\/v2\/types\/product"}],"replies":[{"embeddable":true,"href":"https:\/\/motionte.com\/az\/wp-json\/wp\/v2\/comments?post=4515"}],"version-history":[{"count":1,"href":"https:\/\/motionte.com\/az\/wp-json\/wp\/v2\/product\/4515\/revisions"}],"predecessor-version":[{"id":5771,"href":"https:\/\/motionte.com\/az\/wp-json\/wp\/v2\/product\/4515\/revisions\/5771"}],"wp:featuredmedia":[{"embeddable":true,"href":"https:\/\/motionte.com\/az\/wp-json\/wp\/v2\/media\/3739"}],"wp:attachment":[{"href":"https:\/\/motionte.com\/az\/wp-json\/wp\/v2\/media?parent=4515"}],"wp:term":[{"taxonomy":"brand","embeddable":true,"href":"https:\/\/motionte.com\/az\/wp-json\/wp\/v2\/etheme_brands?post=4515"},{"taxonomy":"product_cat","embeddable":true,"href":"https:\/\/motionte.com\/az\/wp-json\/wp\/v2\/product_cat?post=4515"},{"taxonomy":"product_tag","embeddable":true,"href":"https:\/\/motionte.com\/az\/wp-json\/wp\/v2\/product_tag?post=4515"}],"curies":[{"name":"wp","href":"https:\/\/api.w.org\/{rel}","templated":true}]}}