{"id":4514,"date":"2024-10-15T14:36:19","date_gmt":"2024-10-15T14:36:19","guid":{"rendered":"https:\/\/motionte.com\/product\/elevator\/"},"modified":"2025-06-27T12:31:26","modified_gmt":"2025-06-27T12:31:26","slug":"elevator","status":"publish","type":"product","link":"https:\/\/motionte.com\/az\/product\/elevator\/","title":{"rendered":"ELEVATOR"},"content":{"rendered":"<p><strong>\u0130\u015e PR\u0130NS\u0130P\u0130:<\/strong><\/p>\n<p>XAMMAL V\u018f YA M\u018fHSUL \u018fVV\u018fLC\u018f KONVEYER\u0130N A\u015eA\u011eI V\u018f YA YUXARI \u00dcF\u00dcQ\u0130 H\u0130SS\u018fS\u0130N\u018f D\u00dc\u015e\u00dcR, DAHA SONRA \u00dcF\u00dcQ\u0130 PROF\u0130LL\u0130 KONVEYER LENT VAS\u0130T\u018fS\u0130 \u0130L\u018f, YUXARI V\u018f YA A\u015eA\u011eI \u0130ST\u0130QAM\u018fTL\u018fR\u0130ND\u018f N\u018fQL OLUNUR.<\/p>\n<p><strong>AVADANLIQ T\u018fCH\u0130Z OLUNA B\u0130L\u018fR:<\/strong><\/p>\n<ul>\n<li>AVADANLI\u011eIN YERINI D\u018fYI\u015eDIRM\u018fK \u00dc\u00c7\u00dcN AYAQLARIN \u00dcZ\u018fRIND\u018f KILIDLI T\u018fK\u018fRL\u018fR IL\u018f,<\/li>\n<li>LENTIN S\u00dcR\u018fTINI T\u018fNZIML\u018fY\u018fN C\u0130HAZ (\u0130NVERTOR) IL\u018f.<\/li>\n<\/ul>\n<p>QARA POLAD V\u018f YA PASLANMAZ POLAD \u0130L\u018f HAZIRLANIR.<\/p>\n<p>\u00d6L\u00c7\u00dcL\u018fR\u0130 V\u018f M\u018fHSULDARLI\u011eI, M\u00dc\u015eT\u018fR\u0130 T\u018fR\u018fF\u0130ND\u018fN VER\u0130L\u018fN T\u018fL\u018fBL\u018fR\u018f UY\u011eUN M\u00dc\u018fYY\u018fN OLUNUR.<\/p>\n","protected":false},"excerpt":{"rendered":"<div id=\"u9759-25\" class=\"clearfix grpelem\">\n<p>XAMMAL V\u018f YA HAZIR M\u018fHSULUN N\u018fQL EDILM\u018fSI \u00dc\u00c7\u00dcN ISTIFAD\u018f OLUNUR.<\/p>\n<p>AYRICA BIR AVADANLIQ V\u018f YA ISTEHSALAT X\u018fTTIN T\u018fRK\u0130B H\u0130SS\u018fS\u0130 KIMI ISTIFAD\u018f OLUNUR.<\/p>\n<\/div>\n","protected":false},"featured_media":3741,"comment_status":"open","ping_status":"closed","template":"","meta":{"om_disable_all_campaigns":false,"_monsterinsights_skip_tracking":false,"_monsterinsights_sitenote_active":false,"_monsterinsights_sitenote_note":"","_monsterinsights_sitenote_category":0},"etheme_brands":[],"product_cat":[96,133,136,135,132,134,140,138,161,159,137],"product_tag":[],"class_list":{"0":"post-4514","1":"product","2":"type-product","3":"status-publish","4":"has-post-thumbnail","6":"product_cat-anbar-logistika-avadanligi","7":"product_cat-badam-emali-xtti","8":"product_cat-et-v-baliq-emali","9":"product_cat-findiq-emali-xtti","10":"product_cat-istehsal-xtlri","11":"product_cat-meyv-v-trvz-emali-xtti","12":"product_cat-muxtlif-avadanliqlar","13":"product_cat-qoz-emali-xtti","14":"product_cat-sirniyyat-istehsalat-avadanliqlari","15":"product_cat-tutun-emali-zavodlari","16":"product_cat-yarimfabrikatlarin-istehsali","18":"first","19":"instock","20":"shipping-taxable","21":"product-type-simple"},"aioseo_notices":[],"_links":{"self":[{"href":"https:\/\/motionte.com\/az\/wp-json\/wp\/v2\/product\/4514","targetHints":{"allow":["GET"]}}],"collection":[{"href":"https:\/\/motionte.com\/az\/wp-json\/wp\/v2\/product"}],"about":[{"href":"https:\/\/motionte.com\/az\/wp-json\/wp\/v2\/types\/product"}],"replies":[{"embeddable":true,"href":"https:\/\/motionte.com\/az\/wp-json\/wp\/v2\/comments?post=4514"}],"version-history":[{"count":3,"href":"https:\/\/motionte.com\/az\/wp-json\/wp\/v2\/product\/4514\/revisions"}],"predecessor-version":[{"id":7116,"href":"https:\/\/motionte.com\/az\/wp-json\/wp\/v2\/product\/4514\/revisions\/7116"}],"wp:featuredmedia":[{"embeddable":true,"href":"https:\/\/motionte.com\/az\/wp-json\/wp\/v2\/media\/3741"}],"wp:attachment":[{"href":"https:\/\/motionte.com\/az\/wp-json\/wp\/v2\/media?parent=4514"}],"wp:term":[{"taxonomy":"brand","embeddable":true,"href":"https:\/\/motionte.com\/az\/wp-json\/wp\/v2\/etheme_brands?post=4514"},{"taxonomy":"product_cat","embeddable":true,"href":"https:\/\/motionte.com\/az\/wp-json\/wp\/v2\/product_cat?post=4514"},{"taxonomy":"product_tag","embeddable":true,"href":"https:\/\/motionte.com\/az\/wp-json\/wp\/v2\/product_tag?post=4514"}],"curies":[{"name":"wp","href":"https:\/\/api.w.org\/{rel}","templated":true}]}}