{"id":4513,"date":"2024-10-15T14:56:32","date_gmt":"2024-10-15T14:56:32","guid":{"rendered":"https:\/\/motionte.com\/product\/yoxlama-masasi-kesim-lovheleri-ile-2\/"},"modified":"2025-06-27T12:28:26","modified_gmt":"2025-06-27T12:28:26","slug":"cesidleme-masasi","status":"publish","type":"product","link":"https:\/\/motionte.com\/az\/product\/cesidleme-masasi\/","title":{"rendered":"\u00c7E\u015e\u0130DL\u018fM\u018f MASASI"},"content":{"rendered":"<p>\u00dcF\u00dcQI KONVEYER \u0130L\u018f V\u018f I\u015e\u00c7IL\u018fRIN M\u018fHSULA ASANLIQLA N\u018fZAR\u018fT ETM\u018fSI \u00dc\u00c7\u00dcN X\u00dcSUSI I\u015eIQLANDIRILMA S\u0130STEM\u0130 IL\u018f T\u018fCHIZ OLUNUB.<\/p>\n<p>BUNDAN \u018fLAV\u018f MASA \u00dcZ\u018fR\u0130ND\u018f N\u018fQL OLUNAN M\u018fHSULUN BIR NE\u00c7\u018f QRUPA AYRILMASI \u00dc\u00c7\u00dcN ARAK\u018fSM\u018fL\u018fR IL\u018f T\u018fCHIZ OLUNA BIL\u018fR.<\/p>\n<p>KONVEYER PU, PVC, PLASTIK LENT \u0130L\u018f V\u018f YA D\u0130Y\u0130RC\u018fK (ROL\u0130K) \u0130L\u018f T\u018fCH\u0130Z OLUNA B\u0130L\u018fR. MASADA HANSI M\u018fHSULUN N\u018fQL OLUNMASINDAN ASILIDIR.<\/p>\n<p>&nbsp;<\/p>\n<p><strong>AVADANLIQ T\u018fCH\u0130Z OLUNA B\u0130L\u018fR:<\/strong><\/p>\n<ul>\n<li>AVADANLI\u011eIN YERINI D\u018fYI\u015eDIRM\u018fK \u00dc\u00c7\u00dcN AYAQLARIN \u00dcZ\u018fRIND\u018f KILIDLI T\u018fK\u018fRL\u018fR IL\u018f,<\/li>\n<li>LENTIN S\u00dcR\u018fTINI T\u018fNZIML\u018fY\u018fN C\u0130HAZ (\u0130NVERTOR) IL\u018f.<\/li>\n<\/ul>\n<p>QARA POLAD V\u018f YA PASLANMAZ POLAD \u0130L\u018f HAZIRLANIR.<\/p>\n<p>\u00d6L\u00c7\u00dcL\u018fR\u0130 V\u018f M\u018fHSULDARLI\u011eI, M\u00dc\u015eT\u018fR\u0130 T\u018fR\u018fF\u0130ND\u018fN VER\u0130L\u018fN T\u018fL\u018fBL\u018fR\u018f UY\u011eUN M\u00dc\u018fYY\u018fN OLUNUR.<\/p>\n","protected":false},"excerpt":{"rendered":"<p>XAMMALIN V\u018f YA HAZIR M\u018fHSULUN \u00c7E\u015e\u0130DL\u018fM\u018fS\u0130 V\u018f KEYF\u0130YY\u018fT\u0130N\u018f N\u018fZAR\u018fT ED\u0130LM\u018fS\u0130 \u00dc\u00c7\u00dcN \u0130ST\u0130FAD\u018f OLUNUR.<\/p>\n<p>AYRICA B\u0130R AVADANLIQ V\u018f YA \u0130STEHSALAT X\u018fTT\u0130N T\u018fRK\u0130B H\u0130SS\u018fS\u0130 K\u0130M\u0130 \u0130ST\u0130FAD\u018f OLUNUR.<\/p>\n","protected":false},"featured_media":3743,"comment_status":"open","ping_status":"closed","template":"","meta":{"om_disable_all_campaigns":false,"_monsterinsights_skip_tracking":false,"_monsterinsights_sitenote_active":false,"_monsterinsights_sitenote_note":"","_monsterinsights_sitenote_category":0},"etheme_brands":[],"product_cat":[133,136,135,132,134,140,138,161,159],"product_tag":[],"class_list":{"0":"post-4513","1":"product","2":"type-product","3":"status-publish","4":"has-post-thumbnail","6":"product_cat-badam-emali-xtti","7":"product_cat-et-v-baliq-emali","8":"product_cat-findiq-emali-xtti","9":"product_cat-istehsal-xtlri","10":"product_cat-meyv-v-trvz-emali-xtti","11":"product_cat-muxtlif-avadanliqlar","12":"product_cat-qoz-emali-xtti","13":"product_cat-sirniyyat-istehsalat-avadanliqlari","14":"product_cat-tutun-emali-zavodlari","16":"first","17":"instock","18":"shipping-taxable","19":"product-type-simple"},"aioseo_notices":[],"_links":{"self":[{"href":"https:\/\/motionte.com\/az\/wp-json\/wp\/v2\/product\/4513","targetHints":{"allow":["GET"]}}],"collection":[{"href":"https:\/\/motionte.com\/az\/wp-json\/wp\/v2\/product"}],"about":[{"href":"https:\/\/motionte.com\/az\/wp-json\/wp\/v2\/types\/product"}],"replies":[{"embeddable":true,"href":"https:\/\/motionte.com\/az\/wp-json\/wp\/v2\/comments?post=4513"}],"version-history":[{"count":3,"href":"https:\/\/motionte.com\/az\/wp-json\/wp\/v2\/product\/4513\/revisions"}],"predecessor-version":[{"id":7113,"href":"https:\/\/motionte.com\/az\/wp-json\/wp\/v2\/product\/4513\/revisions\/7113"}],"wp:featuredmedia":[{"embeddable":true,"href":"https:\/\/motionte.com\/az\/wp-json\/wp\/v2\/media\/3743"}],"wp:attachment":[{"href":"https:\/\/motionte.com\/az\/wp-json\/wp\/v2\/media?parent=4513"}],"wp:term":[{"taxonomy":"brand","embeddable":true,"href":"https:\/\/motionte.com\/az\/wp-json\/wp\/v2\/etheme_brands?post=4513"},{"taxonomy":"product_cat","embeddable":true,"href":"https:\/\/motionte.com\/az\/wp-json\/wp\/v2\/product_cat?post=4513"},{"taxonomy":"product_tag","embeddable":true,"href":"https:\/\/motionte.com\/az\/wp-json\/wp\/v2\/product_tag?post=4513"}],"curies":[{"name":"wp","href":"https:\/\/api.w.org\/{rel}","templated":true}]}}