{"id":4512,"date":"2024-10-16T11:34:21","date_gmt":"2024-10-16T11:34:21","guid":{"rendered":"https:\/\/motionte.com\/product\/vibromasa\/"},"modified":"2025-06-27T13:11:48","modified_gmt":"2025-06-27T13:11:48","slug":"vibromasa","status":"publish","type":"product","link":"https:\/\/motionte.com\/az\/product\/vibromasa\/","title":{"rendered":"V\u0130BROMASA"},"content":{"rendered":"<p><strong>\u0130\u015e PR\u0130NS\u0130P\u0130:<\/strong><\/p>\n<p>XAMMAL V\u0130BROMASANIN \u00dcZ\u018fR\u0130N\u018f Y\u00dcKL\u018fN\u0130R.<\/p>\n<p>D\u018fL\u0130K\u0130 MASANIN \u00dcZ\u018fR\u0130ND\u018f V\u0130BRAS\u0130YA VAS\u0130T\u018fS\u0130 \u0130L\u018f H\u018fR\u018fK\u018fT ED\u018fR\u018fK, M\u00dcVAF\u0130Q D\u0130AMETRL\u0130 D\u018fL\u0130KD\u018fN, M\u018fHSUL A\u015eA\u011eIYA D\u00dc\u015e\u018fN\u018f Q\u018fD\u018fR H\u018fR\u018fK\u018fT\u018f DAVAM ED\u0130R.<\/p>\n<p>BU METOD \u0130L\u018f B\u0130R NE\u00c7\u018f GRUPA B\u00d6L\u00dcNM\u00dc\u015e XAMMAL, N\u00d6VB\u018fT\u0130 EMAL \u00dc\u00c7\u00dcN X\u00dcSUS\u0130 QABLARA DAX\u0130L OLUNUR.<\/p>\n<p>QARA POLAD V\u018f PASLANMaz POLAD \u0130L\u018f HAZIRLANIR.<\/p>\n<p>\u00d6L\u00c7\u00dcL\u018fR\u0130 V\u018f M\u018fHSULDARLI\u011eI, M\u00dc\u015eT\u018fR\u0130 T\u018fR\u018fF\u0130ND\u018fN VER\u0130L\u018fN T\u018fL\u018fBL\u018fR\u018f UY\u011eUN M\u00dc\u018fYY\u018fN OLUNUR.<\/p>\n","protected":false},"excerpt":{"rendered":"<div id=\"u14797-23\" class=\"clearfix grpelem\">\n<p>FINDI\u011eIN, K\u0130\u00c7\u0130K \u00d6L\u00c7\u00dcL\u00dc MEYV\u018fL\u018fR\u0130N V\u018f B\u018fZ\u0130 G\u0130L\u018fMEYV\u018fL\u018fR\u0130N \u00c7E\u015e\u0130DL\u018fNM\u018fS\u0130 \u00dc\u00c7\u00dcN N\u018fZ\u018fRD\u018f TUTULUB.<\/p>\n<p>M\u00dc\u015eT\u018fR\u0130N\u0130N \u0130ST\u018fY\u0130N\u018f UY\u011eUN &#8211;\u00a0 M\u00dcXT\u018fL\u0130F FORMALI, \u00d6L\u00c7\u00dcL\u00dc V\u018f FRAKS\u0130YALARIN SAYINI N\u018fZ\u018fR\u018f ALARAQ, V\u0130BROMASANIN HAZIRLANMASI M\u00dcMK\u00dcND\u00dcR.<\/p>\n<p>AYRICA B\u0130R AVADANLIQ V\u018f YA \u0130STEHSALAT X\u018fTT\u0130N t\u0259rkib hiss\u0259si K\u0130M\u0130 \u0130ST\u0130FAD\u018f OLUNUR.<\/p>\n<\/div>\n","protected":false},"featured_media":3747,"comment_status":"open","ping_status":"closed","template":"","meta":{"om_disable_all_campaigns":false,"_monsterinsights_skip_tracking":false,"_monsterinsights_sitenote_active":false,"_monsterinsights_sitenote_note":"","_monsterinsights_sitenote_category":0},"etheme_brands":[],"product_cat":[133,135,132,140,138],"product_tag":[],"class_list":{"0":"post-4512","1":"product","2":"type-product","3":"status-publish","4":"has-post-thumbnail","6":"product_cat-badam-emali-xtti","7":"product_cat-findiq-emali-xtti","8":"product_cat-istehsal-xtlri","9":"product_cat-muxtlif-avadanliqlar","10":"product_cat-qoz-emali-xtti","12":"first","13":"instock","14":"shipping-taxable","15":"product-type-simple"},"aioseo_notices":[],"_links":{"self":[{"href":"https:\/\/motionte.com\/az\/wp-json\/wp\/v2\/product\/4512","targetHints":{"allow":["GET"]}}],"collection":[{"href":"https:\/\/motionte.com\/az\/wp-json\/wp\/v2\/product"}],"about":[{"href":"https:\/\/motionte.com\/az\/wp-json\/wp\/v2\/types\/product"}],"replies":[{"embeddable":true,"href":"https:\/\/motionte.com\/az\/wp-json\/wp\/v2\/comments?post=4512"}],"version-history":[{"count":3,"href":"https:\/\/motionte.com\/az\/wp-json\/wp\/v2\/product\/4512\/revisions"}],"predecessor-version":[{"id":7135,"href":"https:\/\/motionte.com\/az\/wp-json\/wp\/v2\/product\/4512\/revisions\/7135"}],"wp:featuredmedia":[{"embeddable":true,"href":"https:\/\/motionte.com\/az\/wp-json\/wp\/v2\/media\/3747"}],"wp:attachment":[{"href":"https:\/\/motionte.com\/az\/wp-json\/wp\/v2\/media?parent=4512"}],"wp:term":[{"taxonomy":"brand","embeddable":true,"href":"https:\/\/motionte.com\/az\/wp-json\/wp\/v2\/etheme_brands?post=4512"},{"taxonomy":"product_cat","embeddable":true,"href":"https:\/\/motionte.com\/az\/wp-json\/wp\/v2\/product_cat?post=4512"},{"taxonomy":"product_tag","embeddable":true,"href":"https:\/\/motionte.com\/az\/wp-json\/wp\/v2\/product_tag?post=4512"}],"curies":[{"name":"wp","href":"https:\/\/api.w.org\/{rel}","templated":true}]}}