{"id":4510,"date":"2024-10-16T11:55:37","date_gmt":"2024-10-16T11:55:37","guid":{"rendered":"https:\/\/motionte.com\/product\/barbotaj-yuyucu-masin\/"},"modified":"2025-06-27T13:13:11","modified_gmt":"2025-06-27T13:13:11","slug":"meyve-yuma-masini","status":"publish","type":"product","link":"https:\/\/motionte.com\/az\/product\/meyve-yuma-masini\/","title":{"rendered":"MEYV\u018f YUMA MA\u015eINI"},"content":{"rendered":"<p><strong>\u0130\u015e PRINS\u0130P\u0130:<\/strong><\/p>\n<ul>\n<li>XAMMAL DAVAMLI OLARAQ SU \u0130L\u018f DOLDURULMU\u015e B\u0130R VANNA \u0130\u00c7\u018fR\u0130S\u0130N\u018f VER\u0130L\u0130R.<\/li>\n<li>ORADA, NASOSLA VER\u0130L\u018fN HAVA VAS\u0130T\u018fS\u0130 \u0130L\u018f \u0130LK BARBOTAJ (SOYUQ QAYNAMA) METODU \u0130L\u018f YUYULMASI BA\u015e VER\u0130R.<\/li>\n<li>YUYULMA PROSES\u0130ND\u018f M\u018fHSULUN \u00dcZ\u018fR\u0130ND\u018fN TORPA\u011eIN V\u018f K\u0130RL\u018fR\u0130N AYRILMASI BA\u015e VER\u0130R.<\/li>\n<li>SON YUYULMA PROSES\u0130 TRANSPART\u0130YOR LENT\u0130N \u00dcZ\u018fR\u0130ND\u018f BA\u015e VER\u0130R, ORADA XAMMAL T\u018fZY\u0130QL\u018f VER\u0130L\u018fN SU VAS\u0130T\u018fS\u0130 \u0130L\u018f YUYULUR.<\/li>\n<\/ul>\n<p>AVADANLIQ TAMAM\u0130L\u018f PASLANMAZ POLAD \u0130L\u018f HAZIRLANIR.<\/p>\n<p>X\u00dcSUS\u0130 QURA\u015eDIRILMASINA EHT\u0130YAC YOXDUR. DA\u015eINMA ZAMANI RAHAT V\u018f G\u00dcV\u018fNL\u0130D\u0130R.<\/p>\n<p>\u00d6L\u00c7\u00dcL\u018fR\u0130 V\u018f M\u018fHSULDARLI\u011eI, M\u00dc\u015eT\u018fR\u0130 T\u018fR\u018fF\u0130ND\u018fN VER\u0130L\u018fN T\u018fL\u018fBL\u018fR\u018f UY\u011eUN M\u00dc\u018fYY\u018fN OLUNUR.<\/p>\n","protected":false},"excerpt":{"rendered":"<p>MEYV\u018f YUMA MA\u015eINI, X\u00dcSUS\u018fN K\u018fND T\u018fSARR\u00dcFATINA A\u0130D OLAN M\u00dcXT\u018fLIF M\u018fHSULLARIN &#8211; MEYV\u018f, T\u018fR\u018fV\u018fZ\u0130N S\u018fNAY\u018f METODU \u0130L\u018f T\u018fM\u0130ZL\u018fNM\u018fSI \u00dc\u00c7\u00dcN N\u018fZ\u018fRD\u018f TUTULUB.<\/p>\n<p>AYRICA BIR AVADANLIQ V\u018f YA ISTEHSALAT X\u018fTTIN T\u018fRK\u0130B H\u0130SS\u018fS\u0130 KIMI ISTIFAD\u018f OLUNUR.<\/p>\n","protected":false},"featured_media":3751,"comment_status":"open","ping_status":"closed","template":"","meta":{"om_disable_all_campaigns":false,"_monsterinsights_skip_tracking":false,"_monsterinsights_sitenote_active":false,"_monsterinsights_sitenote_note":"","_monsterinsights_sitenote_category":0},"etheme_brands":[],"product_cat":[132,134,140],"product_tag":[],"class_list":{"0":"post-4510","1":"product","2":"type-product","3":"status-publish","4":"has-post-thumbnail","6":"product_cat-istehsal-xtlri","7":"product_cat-meyv-v-trvz-emali-xtti","8":"product_cat-muxtlif-avadanliqlar","10":"first","11":"instock","12":"shipping-taxable","13":"product-type-simple"},"aioseo_notices":[],"_links":{"self":[{"href":"https:\/\/motionte.com\/az\/wp-json\/wp\/v2\/product\/4510","targetHints":{"allow":["GET"]}}],"collection":[{"href":"https:\/\/motionte.com\/az\/wp-json\/wp\/v2\/product"}],"about":[{"href":"https:\/\/motionte.com\/az\/wp-json\/wp\/v2\/types\/product"}],"replies":[{"embeddable":true,"href":"https:\/\/motionte.com\/az\/wp-json\/wp\/v2\/comments?post=4510"}],"version-history":[{"count":3,"href":"https:\/\/motionte.com\/az\/wp-json\/wp\/v2\/product\/4510\/revisions"}],"predecessor-version":[{"id":7136,"href":"https:\/\/motionte.com\/az\/wp-json\/wp\/v2\/product\/4510\/revisions\/7136"}],"wp:featuredmedia":[{"embeddable":true,"href":"https:\/\/motionte.com\/az\/wp-json\/wp\/v2\/media\/3751"}],"wp:attachment":[{"href":"https:\/\/motionte.com\/az\/wp-json\/wp\/v2\/media?parent=4510"}],"wp:term":[{"taxonomy":"brand","embeddable":true,"href":"https:\/\/motionte.com\/az\/wp-json\/wp\/v2\/etheme_brands?post=4510"},{"taxonomy":"product_cat","embeddable":true,"href":"https:\/\/motionte.com\/az\/wp-json\/wp\/v2\/product_cat?post=4510"},{"taxonomy":"product_tag","embeddable":true,"href":"https:\/\/motionte.com\/az\/wp-json\/wp\/v2\/product_tag?post=4510"}],"curies":[{"name":"wp","href":"https:\/\/api.w.org\/{rel}","templated":true}]}}