{"id":4509,"date":"2024-10-16T12:03:47","date_gmt":"2024-10-16T12:03:47","guid":{"rendered":"https:\/\/motionte.com\/product\/yoxlama-masasi-kesim-lovheleri-ile\/"},"modified":"2025-06-27T12:27:08","modified_gmt":"2025-06-27T12:27:08","slug":"cesidleme-masasi-kesim-lovheleri-ile","status":"publish","type":"product","link":"https:\/\/motionte.com\/az\/product\/cesidleme-masasi-kesim-lovheleri-ile\/","title":{"rendered":"\u00c7E\u015e\u0130DL\u018fM\u018f MASASI K\u018fS\u0130M L\u00d6VH\u018fL\u018fR\u0130 \u0130L\u018f"},"content":{"rendered":"<p>K\u018fS\u0130M L\u00d6VH\u018fL\u018fR\u0130, \u00dcF\u00dcQ\u0130 KONVEYER \u0130L\u018f \u0130\u015e\u00c7\u0130L\u018fR\u0130N M\u018fHSULA ASANLIQLA N\u018fZAR\u018fT ETM\u018fS\u0130 \u00dc\u00c7\u00dcN X\u00dcSUS\u0130 \u0130\u015eIQLANDIRILMA \u0130L\u018f T\u018fCH\u0130Z OLUNUB.<\/p>\n<p>BUNDAN \u018fLAV\u018f MASA \u00dcZ\u018fR\u0130ND\u018f N\u018fQL OLUNAN M\u018fHSULUN BIR NE\u00c7\u018f QRUPA AYRILMASI \u00dc\u00c7\u00dcN ARAK\u018fSM\u018fL\u018fR IL\u018f T\u018fCHIZ OLUNA BIL\u018fR.<\/p>\n<p>KONVEYER PU, PVC, PLASTIK LENT \u0130L\u018f V\u018f YA D\u0130Y\u0130RC\u018fK (ROL\u0130K) \u0130L\u018f T\u018fCH\u0130Z OLUNA B\u0130L\u018fR. MASADA HANSI M\u018fHSULUN N\u018fQL OLUNMASINDAN ASILIDIR.<\/p>\n<p>&nbsp;<\/p>\n<p><strong>AVADANLIQ T\u018fCH\u0130Z OLUNA B\u0130L\u018fR:<\/strong><\/p>\n<ul>\n<li>AVADANLI\u011eIN YERINI D\u018fYI\u015eDIRM\u018fK \u00dc\u00c7\u00dcN AYAQLARIN \u00dcZ\u018fRIND\u018f KILIDLI T\u018fK\u018fRL\u018fR IL\u018f,<\/li>\n<li>LENTIN S\u00dcR\u018fTINI T\u018fNZIML\u018fY\u018fN C\u0130HAZ IL\u018f.<\/li>\n<\/ul>\n<p>QARA POLAD V\u018f YA PASLANMAZ POLAD \u0130L\u018f HAZIRLANIR.<\/p>\n<p>\u00d6L\u00c7\u00dcL\u018fR\u0130 V\u018f M\u018fHSULDARLI\u011eI, M\u00dc\u015eT\u018fR\u0130 T\u018fR\u018fF\u0130ND\u018fN VER\u0130L\u018fN T\u018fL\u018fBL\u018fR\u018f UY\u011eUN M\u00dc\u018fYY\u018fN OLUNUR.<\/p>\n","protected":false},"excerpt":{"rendered":"<div id=\"u9999\" class=\"rgba-background clearfix grpelem\">\n<div id=\"u10000-31\" class=\"clearfix grpelem\">\n<div id=\"u9749\" class=\"rgba-background clearfix grpelem\">\n<div id=\"u9750-30\" class=\"clearfix grpelem\">\n<p>XAMMALIN V\u018f YA HAZIR M\u018fHSULUN \u00c7E\u015e\u0130DL\u018fM\u018fS\u0130 V\u018f KEYF\u0130YY\u018fTIN\u018f N\u018fZAR\u018fT ED\u0130LM\u018fS\u0130 \u00dc\u00c7\u00dcN \u0130ST\u0130FAD\u018f OLUNUR.<\/p>\n<p>AYRICA B\u0130R AVADANLIQ V\u018f YA \u0130STEHSALAT X\u018fTT\u0130N T\u018fRK\u0130B H\u0130SS\u018fS\u0130 K\u0130M\u0130 \u0130ST\u0130FAD\u018f OLUNUR.<\/p>\n<\/div>\n<\/div>\n<\/div>\n<\/div>\n","protected":false},"featured_media":3753,"comment_status":"open","ping_status":"closed","template":"","meta":{"om_disable_all_campaigns":false,"_monsterinsights_skip_tracking":false,"_monsterinsights_sitenote_active":false,"_monsterinsights_sitenote_note":"","_monsterinsights_sitenote_category":0},"etheme_brands":[],"product_cat":[132,134,140,161,159],"product_tag":[],"class_list":{"0":"post-4509","1":"product","2":"type-product","3":"status-publish","4":"has-post-thumbnail","6":"product_cat-istehsal-xtlri","7":"product_cat-meyv-v-trvz-emali-xtti","8":"product_cat-muxtlif-avadanliqlar","9":"product_cat-sirniyyat-istehsalat-avadanliqlari","10":"product_cat-tutun-emali-zavodlari","12":"first","13":"instock","14":"shipping-taxable","15":"product-type-simple"},"aioseo_notices":[],"_links":{"self":[{"href":"https:\/\/motionte.com\/az\/wp-json\/wp\/v2\/product\/4509","targetHints":{"allow":["GET"]}}],"collection":[{"href":"https:\/\/motionte.com\/az\/wp-json\/wp\/v2\/product"}],"about":[{"href":"https:\/\/motionte.com\/az\/wp-json\/wp\/v2\/types\/product"}],"replies":[{"embeddable":true,"href":"https:\/\/motionte.com\/az\/wp-json\/wp\/v2\/comments?post=4509"}],"version-history":[{"count":4,"href":"https:\/\/motionte.com\/az\/wp-json\/wp\/v2\/product\/4509\/revisions"}],"predecessor-version":[{"id":7111,"href":"https:\/\/motionte.com\/az\/wp-json\/wp\/v2\/product\/4509\/revisions\/7111"}],"wp:featuredmedia":[{"embeddable":true,"href":"https:\/\/motionte.com\/az\/wp-json\/wp\/v2\/media\/3753"}],"wp:attachment":[{"href":"https:\/\/motionte.com\/az\/wp-json\/wp\/v2\/media?parent=4509"}],"wp:term":[{"taxonomy":"brand","embeddable":true,"href":"https:\/\/motionte.com\/az\/wp-json\/wp\/v2\/etheme_brands?post=4509"},{"taxonomy":"product_cat","embeddable":true,"href":"https:\/\/motionte.com\/az\/wp-json\/wp\/v2\/product_cat?post=4509"},{"taxonomy":"product_tag","embeddable":true,"href":"https:\/\/motionte.com\/az\/wp-json\/wp\/v2\/product_tag?post=4509"}],"curies":[{"name":"wp","href":"https:\/\/api.w.org\/{rel}","templated":true}]}}