{"id":4508,"date":"2024-10-16T12:11:25","date_gmt":"2024-10-16T12:11:25","guid":{"rendered":"https:\/\/motionte.com\/product\/lentli-konveyer\/"},"modified":"2025-06-27T13:04:37","modified_gmt":"2025-06-27T13:04:37","slug":"lentli-konveyer","status":"publish","type":"product","link":"https:\/\/motionte.com\/az\/product\/lentli-konveyer\/","title":{"rendered":"LENTL\u0130 KONVEYER"},"content":{"rendered":"<p><strong>\u0130\u015e PRINSIPI:<\/strong><\/p>\n<p>XAMMAL V\u018f YA M\u018fHSUL \u018fVV\u018fLC\u018f KONVEYERIN A\u015eA\u011eI V\u018f YA YUXARI \u00dcF\u00dcQI HISS\u018fSIN\u018f D\u00dc\u015e\u00dcR, DAHA SONRA \u00dcF\u00dcQI PROFILLI KONVEYER LENT VASIT\u018fSI IL\u018f, YUXARI V\u018f YA A\u015eA\u011eI ISTIQAM\u018fTL\u018fRIND\u018f N\u018fQL OLUNUR.<\/p>\n<p><strong>AVADANLIQ T\u018fCHIZ OLUNA BIL\u018fR:<\/strong><\/p>\n<ul>\n<li>AVADANLI\u011eIN YERINI D\u018fYI\u015eDIRM\u018fK \u00dc\u00c7\u00dcN AYAQLARIN \u00dcZ\u018fRIND\u018f KILIDLI T\u018fK\u018fRL\u018fR IL\u018f,<\/li>\n<li>LENTIN S\u00dcR\u018fTINI T\u018fNZIML\u018fY\u018fN C\u0130HAZ (\u0130NVERTOR) IL\u018f.<\/li>\n<\/ul>\n<p>QARA POLAD V\u018f YA PASLANMAZ POLAD IL\u018f HAZIRLANIR.<\/p>\n<p>\u00d6L\u00c7\u00dcL\u018fRI V\u018f M\u018fHSULDARLI\u011eI, M\u00dc\u015eT\u018fRI T\u018fR\u018fFIND\u018fN VERIL\u018fN T\u018fL\u018fBL\u018fR\u018f UY\u011eUN M\u00dc\u018fYY\u018fN OLUNUR.<\/p>\n","protected":false},"excerpt":{"rendered":"<div id=\"u11111-26\" class=\"clearfix grpelem\">\n<p>XAMMAL V\u018f YA HAZIR M\u018fHSULUN N\u018fQL EDILM\u018fSI \u00dc\u00c7\u00dcN ISTIFAD\u018f OLUNUR.<\/p>\n<p>AYRICA BIR AVADANLIQ V\u018f YA ISTEHSALAT X\u018fTTIN T\u018fRKIB HISS\u018fSI KIMI ISTIFAD\u018f OLUNUR.<\/p>\n<\/div>\n","protected":false},"featured_media":3755,"comment_status":"open","ping_status":"closed","template":"","meta":{"om_disable_all_campaigns":false,"_monsterinsights_skip_tracking":false,"_monsterinsights_sitenote_active":false,"_monsterinsights_sitenote_note":"","_monsterinsights_sitenote_category":0},"etheme_brands":[],"product_cat":[96,132,140,161,159],"product_tag":[],"class_list":{"0":"post-4508","1":"product","2":"type-product","3":"status-publish","4":"has-post-thumbnail","6":"product_cat-anbar-logistika-avadanligi","7":"product_cat-istehsal-xtlri","8":"product_cat-muxtlif-avadanliqlar","9":"product_cat-sirniyyat-istehsalat-avadanliqlari","10":"product_cat-tutun-emali-zavodlari","12":"first","13":"instock","14":"shipping-taxable","15":"product-type-simple"},"aioseo_notices":[],"_links":{"self":[{"href":"https:\/\/motionte.com\/az\/wp-json\/wp\/v2\/product\/4508","targetHints":{"allow":["GET"]}}],"collection":[{"href":"https:\/\/motionte.com\/az\/wp-json\/wp\/v2\/product"}],"about":[{"href":"https:\/\/motionte.com\/az\/wp-json\/wp\/v2\/types\/product"}],"replies":[{"embeddable":true,"href":"https:\/\/motionte.com\/az\/wp-json\/wp\/v2\/comments?post=4508"}],"version-history":[{"count":3,"href":"https:\/\/motionte.com\/az\/wp-json\/wp\/v2\/product\/4508\/revisions"}],"predecessor-version":[{"id":7130,"href":"https:\/\/motionte.com\/az\/wp-json\/wp\/v2\/product\/4508\/revisions\/7130"}],"wp:featuredmedia":[{"embeddable":true,"href":"https:\/\/motionte.com\/az\/wp-json\/wp\/v2\/media\/3755"}],"wp:attachment":[{"href":"https:\/\/motionte.com\/az\/wp-json\/wp\/v2\/media?parent=4508"}],"wp:term":[{"taxonomy":"brand","embeddable":true,"href":"https:\/\/motionte.com\/az\/wp-json\/wp\/v2\/etheme_brands?post=4508"},{"taxonomy":"product_cat","embeddable":true,"href":"https:\/\/motionte.com\/az\/wp-json\/wp\/v2\/product_cat?post=4508"},{"taxonomy":"product_tag","embeddable":true,"href":"https:\/\/motionte.com\/az\/wp-json\/wp\/v2\/product_tag?post=4508"}],"curies":[{"name":"wp","href":"https:\/\/api.w.org\/{rel}","templated":true}]}}