{"id":4505,"date":"2024-10-16T12:35:48","date_gmt":"2024-10-16T12:35:48","guid":{"rendered":"https:\/\/motionte.com\/product\/konveyer-hundurluyu-t%c9%99nziml%c9%99n%c9%99n\/"},"modified":"2025-06-27T12:58:07","modified_gmt":"2025-06-27T12:58:07","slug":"konveyer-hundurluyu-tenzimlenen","status":"publish","type":"product","link":"https:\/\/motionte.com\/az\/product\/konveyer-hundurluyu-tenzimlenen\/","title":{"rendered":"KONVEYER \u2013 H\u00dcND\u00dcRL\u00dcY\u00dc T\u018fNZ\u0130ML\u018fN\u018fN"},"content":{"rendered":"<p><strong>AVADANLIQ T\u018f<\/strong><strong>CH\u0130Z<\/strong><strong> OLUNA BIL\u018fR:<\/strong><\/p>\n<ul>\n<li>LENTIN S\u00dcR\u018fTINI T\u018fNZIML\u018fY\u018fN C\u0130HAZ (\u0130NVERTOR) IL\u018f,<\/li>\n<li>LENT\u0130N \u00dcZ\u018fR\u0130ND\u018f H\u018fR\u018fK\u018fT ED\u018fN M\u018fHSULUN DAHA YAX\u015eI \u0130ST\u0130QAM\u018fTL\u018fND\u0130R\u0130LM\u018fS\u0130 \u00dc\u00c7\u00dcN T\u018fNZ\u0130ML\u018fN\u018fN YAN D\u0130VARLARI \u0130L\u018f,<\/li>\n<li>AVADANLI\u011eIN YERINI D\u018fYI\u015eDIRM\u018fK \u00dc\u00c7\u00dcN AYAQLARIN \u00dcZ\u018fRIND\u018f KILIDLI T\u018fK\u018fRL\u018fR IL\u018f,<\/li>\n<li>AYAQLARIN H\u00dcND\u00dcRL\u00dcY\u00dcN\u00dc T\u018fNZ\u0130ML\u018fY\u018fN S\u00dcTUNLAR \u0130L\u018f.<\/li>\n<\/ul>\n<p>QARA POLAD V\u018f YA PASLANMAZ POLAD IL\u018f HAZIRLANIR.<\/p>\n<p>\u00d6L\u00c7\u00dcL\u018fR V\u018f M\u018fHSULDARLIQ, M\u00dc\u015eT\u018fRI T\u018fR\u018fFIND\u018fN VERIL\u018fN T\u018fL\u018fBL\u018fR\u018f UY\u011eUN M\u00dc\u018fYY\u018fN OLUNUR.<\/p>\n","protected":false},"excerpt":{"rendered":"<p>XAMMAL V\u018f YA HAZIR M\u018fHSULUN N\u018fQL EDILM\u018fSI \u00dc\u00c7\u00dcN ISTIFAD\u018f OLUNUR.<\/p>\n<p>AYRICA BIR AVADANLIQ V\u018f YA ISTEHSALAT X\u018fTTIN T\u018fRKIB HISS\u018fSI KIMI ISTIFAD\u018f OLUNUR.<\/p>\n<p>KONVEYER PU, PVC V\u018f YA PLASTIK MATERIALLI LENT IL\u018f T\u018fCHIZ OLUNA BIL\u018fR. MASADA HANSI M\u018fHSULUN N\u018fQL OLUNMASINDAN ASILIDIR.<\/p>\n<p>KONVEYERIN H\u00dcND\u00dcRL\u00dcY\u00dc T\u018fNZ\u0130ML\u018fN\u018fND\u0130R, BU X\u00dcSUS\u0130YY\u018fT M\u00dcXT\u018fL\u0130F Y\u00dcKS\u018fKL\u0130KL\u018fRD\u018f M\u018fHSULLARI N\u018fQL ETM\u018fK \u0130MKANI VER\u0130R.<\/p>\n<p>KONVEYER\u0130N MA\u0130LL\u0130 BUCA\u011eIN T\u018fNZ\u0130ML\u018fNM\u018fS\u0130, MANUAL (\u018fL) \u0130L\u018f V\u018f AVTOMATLA\u015eDIRILMI\u015e OLA B\u0130L\u018fR.<\/p>\n","protected":false},"featured_media":5410,"comment_status":"open","ping_status":"closed","template":"","meta":{"om_disable_all_campaigns":false,"_monsterinsights_skip_tracking":false,"_monsterinsights_sitenote_active":false,"_monsterinsights_sitenote_note":"","_monsterinsights_sitenote_category":0},"etheme_brands":[],"product_cat":[140,161,159],"product_tag":[],"class_list":{"0":"post-4505","1":"product","2":"type-product","3":"status-publish","4":"has-post-thumbnail","6":"product_cat-muxtlif-avadanliqlar","7":"product_cat-sirniyyat-istehsalat-avadanliqlari","8":"product_cat-tutun-emali-zavodlari","10":"first","11":"instock","12":"shipping-taxable","13":"product-type-simple"},"aioseo_notices":[],"_links":{"self":[{"href":"https:\/\/motionte.com\/az\/wp-json\/wp\/v2\/product\/4505","targetHints":{"allow":["GET"]}}],"collection":[{"href":"https:\/\/motionte.com\/az\/wp-json\/wp\/v2\/product"}],"about":[{"href":"https:\/\/motionte.com\/az\/wp-json\/wp\/v2\/types\/product"}],"replies":[{"embeddable":true,"href":"https:\/\/motionte.com\/az\/wp-json\/wp\/v2\/comments?post=4505"}],"version-history":[{"count":3,"href":"https:\/\/motionte.com\/az\/wp-json\/wp\/v2\/product\/4505\/revisions"}],"predecessor-version":[{"id":7124,"href":"https:\/\/motionte.com\/az\/wp-json\/wp\/v2\/product\/4505\/revisions\/7124"}],"wp:featuredmedia":[{"embeddable":true,"href":"https:\/\/motionte.com\/az\/wp-json\/wp\/v2\/media\/5410"}],"wp:attachment":[{"href":"https:\/\/motionte.com\/az\/wp-json\/wp\/v2\/media?parent=4505"}],"wp:term":[{"taxonomy":"brand","embeddable":true,"href":"https:\/\/motionte.com\/az\/wp-json\/wp\/v2\/etheme_brands?post=4505"},{"taxonomy":"product_cat","embeddable":true,"href":"https:\/\/motionte.com\/az\/wp-json\/wp\/v2\/product_cat?post=4505"},{"taxonomy":"product_tag","embeddable":true,"href":"https:\/\/motionte.com\/az\/wp-json\/wp\/v2\/product_tag?post=4505"}],"curies":[{"name":"wp","href":"https:\/\/api.w.org\/{rel}","templated":true}]}}