{"id":4504,"date":"2024-10-16T12:39:31","date_gmt":"2024-10-16T12:39:31","guid":{"rendered":"https:\/\/motionte.com\/product\/uzum-cece-cixaran-konveyer\/"},"modified":"2025-06-27T13:02:43","modified_gmt":"2025-06-27T13:02:43","slug":"cece-cixaran-konveyer","status":"publish","type":"product","link":"https:\/\/motionte.com\/az\/product\/cece-cixaran-konveyer\/","title":{"rendered":"CEC\u018f \u00c7IXARAN KONVEYER"},"content":{"rendered":"<p><strong>AVADANLIQ T\u018f<\/strong><strong>CH\u0130Z<\/strong><strong> OLUNA BIL\u018fR:<\/strong><\/p>\n<ul>\n<li>LENTIN S\u00dcR\u018fTINI T\u018fNZIML\u018fY\u018fN C\u0130HAZ (\u0130NVERTOR) IL\u018f,<\/li>\n<li>BO\u015eALTMA T\u018fR\u018fF\u0130ND\u018f \u0130K\u0130NC\u0130 KONVEYER \u0130L\u018f &#8211; HANSI K\u0130 M\u018fHSULU M\u00dcXT\u018fL\u0130F QUTULARA PAYLA\u015eDIRACAQ,<\/li>\n<li>\u015e\u018fFFAF QORUYUCU QUTU V\u018f QAPAQ \u0130L\u018f,<\/li>\n<li>AVADANLI\u011eIN YERINI D\u018fYI\u015eDIRM\u018fK \u00dc\u00c7\u00dcN AYAQLARIN \u00dcZ\u018fRIND\u018f KILIDLI T\u018fK\u018fRL\u018fR IL\u018f.<\/li>\n<\/ul>\n<p>QARA POLAD V\u018f YA PASLANMAZ POLAD IL\u018f HAZIRLANIR.<\/p>\n<p>\u00d6L\u00c7\u00dcL\u018fR V\u018f M\u018fHSULDARLIQ, M\u00dc\u015eT\u018fRI T\u018fR\u018fFIND\u018fN VERIL\u018fN T\u018fL\u018fBL\u018fR\u018f UY\u011eUN M\u00dc\u018fYY\u018fN OLUNUR.<\/p>\n","protected":false},"excerpt":{"rendered":"<p>XAMMALI V\u018f YA HAZIR M\u018fHSULUN N\u018fQL ED\u0130LM\u018fSI \u00dc\u00c7\u00dcN ISTIFAD\u018f OLUNUR.<\/p>\n<p>AYRICA BIR AVADANLIQ V\u018f YA ISTEHSALAT X\u018fTTIN T\u018fRK\u0130B H\u0130SS\u018fS\u0130 KIMI ISTIFAD\u018f OLUNUR.<\/p>\n<p>KONVEYER PU, PVC V\u018f YA PLASTIK MATERIALLI LENT IL\u018f T\u018fCHIZ OLUNA BIL\u018fR. MASADA HANSI M\u018fHSULUN N\u018fQL OLUNMASINDAN ASILIDIR.<\/p>\n","protected":false},"featured_media":3767,"comment_status":"open","ping_status":"closed","template":"","meta":{"om_disable_all_campaigns":false,"_monsterinsights_skip_tracking":false,"_monsterinsights_sitenote_active":false,"_monsterinsights_sitenote_note":"","_monsterinsights_sitenote_category":0},"etheme_brands":[],"product_cat":[140,161,159],"product_tag":[],"class_list":{"0":"post-4504","1":"product","2":"type-product","3":"status-publish","4":"has-post-thumbnail","6":"product_cat-muxtlif-avadanliqlar","7":"product_cat-sirniyyat-istehsalat-avadanliqlari","8":"product_cat-tutun-emali-zavodlari","10":"first","11":"instock","12":"shipping-taxable","13":"product-type-simple"},"aioseo_notices":[],"_links":{"self":[{"href":"https:\/\/motionte.com\/az\/wp-json\/wp\/v2\/product\/4504","targetHints":{"allow":["GET"]}}],"collection":[{"href":"https:\/\/motionte.com\/az\/wp-json\/wp\/v2\/product"}],"about":[{"href":"https:\/\/motionte.com\/az\/wp-json\/wp\/v2\/types\/product"}],"replies":[{"embeddable":true,"href":"https:\/\/motionte.com\/az\/wp-json\/wp\/v2\/comments?post=4504"}],"version-history":[{"count":3,"href":"https:\/\/motionte.com\/az\/wp-json\/wp\/v2\/product\/4504\/revisions"}],"predecessor-version":[{"id":7128,"href":"https:\/\/motionte.com\/az\/wp-json\/wp\/v2\/product\/4504\/revisions\/7128"}],"wp:featuredmedia":[{"embeddable":true,"href":"https:\/\/motionte.com\/az\/wp-json\/wp\/v2\/media\/3767"}],"wp:attachment":[{"href":"https:\/\/motionte.com\/az\/wp-json\/wp\/v2\/media?parent=4504"}],"wp:term":[{"taxonomy":"brand","embeddable":true,"href":"https:\/\/motionte.com\/az\/wp-json\/wp\/v2\/etheme_brands?post=4504"},{"taxonomy":"product_cat","embeddable":true,"href":"https:\/\/motionte.com\/az\/wp-json\/wp\/v2\/product_cat?post=4504"},{"taxonomy":"product_tag","embeddable":true,"href":"https:\/\/motionte.com\/az\/wp-json\/wp\/v2\/product_tag?post=4504"}],"curies":[{"name":"wp","href":"https:\/\/api.w.org\/{rel}","templated":true}]}}