{"id":4502,"date":"2024-10-16T12:45:20","date_gmt":"2024-10-16T12:45:20","guid":{"rendered":"https:\/\/motionte.com\/product\/diyircekli-konveyer\/"},"modified":"2025-06-27T13:10:37","modified_gmt":"2025-06-27T13:10:37","slug":"diyircekli-rolikli-konveyer-rolgang","status":"publish","type":"product","link":"https:\/\/motionte.com\/az\/product\/diyircekli-rolikli-konveyer-rolgang\/","title":{"rendered":"D\u0130Y\u0130RC\u018fKL\u0130 (ROL\u0130KL\u0130) KONVEYER &#8211; ROLGANG"},"content":{"rendered":"<p><strong>\u0130\u015e PRINSIPI:<\/strong><\/p>\n<p>DIYIRC\u018fKLI KONVEYERL\u018fRD\u018f LENTIN \u018fV\u018fZIN\u018f UZUN ROLLAR (ROLIKL\u018fR) ISTIFAD\u018f OLUNUR, BU IS\u018f A\u011eIR Y\u00dcKL\u018fRIN Y\u00dcKS\u018fK S\u00dcR\u018fTL\u018f DA\u015eINMASINI T\u018fMIN EDIR.<\/p>\n<p>AVADANL\u0130Q M\u00dcH\u018fRR\u0130K QURA\u015eDIRILMADAN DA \u0130ST\u0130FAD\u018f OLUNA B\u0130L\u018fR.<\/p>\n<p>BU HALDA DIYIRC\u018fKLI KONVEYER MAILLI OLMALIDIR V\u018f Y\u00dcK \u00d6Z A\u011eIRLI\u011eI HESABINA S\u018fRB\u018fST FIRLANAN DIYIRC\u018fKL\u018fRIN \u00dcZ\u018fRIND\u018f H\u018fR\u018fK\u018fT ED\u018fC\u018fK.<\/p>\n<p><strong>\u00a0<\/strong><strong>AVADANLIQ T\u018f<\/strong><strong>CH\u0130Z<\/strong><strong> OLUNA BIL\u018fR:<\/strong><\/p>\n<ul>\n<li>S\u00dcR\u018fTINI T\u018fNZIML\u018fY\u018fN C\u0130HAZ (\u0130NVERTOR) IL\u018f,<\/li>\n<li>AVADANLI\u011eIN YERINI D\u018fYI\u015eDIRM\u018fK \u00dc\u00c7\u00dcN AYAQLARIN \u00dcZ\u018fRIND\u018f KILIDLI T\u018fK\u018fRL\u018fR IL\u018f,<\/li>\n<li>AYAQLARIN H\u00dcND\u00dcRL\u00dcY\u00dcN\u00dc T\u018fNZ\u0130ML\u018fY\u018fN S\u00dcTUNLAR \u0130L\u018f.<\/li>\n<\/ul>\n<p>QARA POLAD V\u018f YA PASLANMAZ POLAD IL\u018f HAZIRLANIR.<\/p>\n<p>\u00d6L\u00c7\u00dcL\u018fR V\u018f M\u018fHSULDARLIQ, M\u00dc\u015eT\u018fRI T\u018fR\u018fFIND\u018fN VERIL\u018fN T\u018fL\u018fBL\u018fR\u018f UY\u011eUN M\u00dc\u018fYY\u018fN OLUNUR.<\/p>\n","protected":false},"excerpt":{"rendered":"<div id=\"u11064-35\" class=\"clearfix grpelem\">\n<p>XAMMALIN V\u018f YA HAZIR M\u018fHSULUN N\u018fQL ED\u0130LM\u018fS\u0130 \u00dc\u00c7\u00dcN \u0130ST\u0130FAD\u018f OLUNUR.<\/p>\n<p>AYRICA BIR AVADANLIQ V\u018f YA ISTEHSALAT X\u018fTTIN T\u018fRKIB HISS\u018fSI KIMI ISTIFAD\u018f OLUNUR.<\/p>\n<\/div>\n","protected":false},"featured_media":3779,"comment_status":"open","ping_status":"closed","template":"","meta":{"om_disable_all_campaigns":false,"_monsterinsights_skip_tracking":false,"_monsterinsights_sitenote_active":false,"_monsterinsights_sitenote_note":"","_monsterinsights_sitenote_category":0},"etheme_brands":[],"product_cat":[140,161,159],"product_tag":[],"class_list":{"0":"post-4502","1":"product","2":"type-product","3":"status-publish","4":"has-post-thumbnail","6":"product_cat-muxtlif-avadanliqlar","7":"product_cat-sirniyyat-istehsalat-avadanliqlari","8":"product_cat-tutun-emali-zavodlari","10":"first","11":"instock","12":"shipping-taxable","13":"product-type-simple"},"aioseo_notices":[],"_links":{"self":[{"href":"https:\/\/motionte.com\/az\/wp-json\/wp\/v2\/product\/4502","targetHints":{"allow":["GET"]}}],"collection":[{"href":"https:\/\/motionte.com\/az\/wp-json\/wp\/v2\/product"}],"about":[{"href":"https:\/\/motionte.com\/az\/wp-json\/wp\/v2\/types\/product"}],"replies":[{"embeddable":true,"href":"https:\/\/motionte.com\/az\/wp-json\/wp\/v2\/comments?post=4502"}],"version-history":[{"count":2,"href":"https:\/\/motionte.com\/az\/wp-json\/wp\/v2\/product\/4502\/revisions"}],"predecessor-version":[{"id":7133,"href":"https:\/\/motionte.com\/az\/wp-json\/wp\/v2\/product\/4502\/revisions\/7133"}],"wp:featuredmedia":[{"embeddable":true,"href":"https:\/\/motionte.com\/az\/wp-json\/wp\/v2\/media\/3779"}],"wp:attachment":[{"href":"https:\/\/motionte.com\/az\/wp-json\/wp\/v2\/media?parent=4502"}],"wp:term":[{"taxonomy":"brand","embeddable":true,"href":"https:\/\/motionte.com\/az\/wp-json\/wp\/v2\/etheme_brands?post=4502"},{"taxonomy":"product_cat","embeddable":true,"href":"https:\/\/motionte.com\/az\/wp-json\/wp\/v2\/product_cat?post=4502"},{"taxonomy":"product_tag","embeddable":true,"href":"https:\/\/motionte.com\/az\/wp-json\/wp\/v2\/product_tag?post=4502"}],"curies":[{"name":"wp","href":"https:\/\/api.w.org\/{rel}","templated":true}]}}