{"id":4501,"date":"2024-10-16T13:13:26","date_gmt":"2024-10-16T13:13:26","guid":{"rendered":"https:\/\/motionte.com\/product\/findiq-qirma-avadanligi\/"},"modified":"2025-06-27T13:17:22","modified_gmt":"2025-06-27T13:17:22","slug":"findiq-qirma-avadanligi","status":"publish","type":"product","link":"https:\/\/motionte.com\/az\/product\/findiq-qirma-avadanligi\/","title":{"rendered":"FINDIQ QIRMA AVADANLI\u011eI"},"content":{"rendered":"<p><strong>\u0130\u015e PR\u0130NS\u0130P\u0130:<\/strong><\/p>\n<p>XAMMAL \u0130K\u0130 METAL DOLABIN ARASINA D\u00dc\u015e\u00dcR V\u018f DAHA SONRA FINDIQ QIRILMASI BA\u015e VER\u0130R.<\/p>\n<p>\u00d6L\u00c7\u00dcL\u018fR\u0130 V\u018f M\u018fHSULDARLI\u011eI, M\u00dc\u015eT\u018fR\u0130 T\u018fR\u018fF\u0130ND\u018fN VER\u0130L\u018fN T\u018fL\u018fBL\u018fR\u018f UY\u011eUN M\u00dc\u018fYY\u018fN OLUNUR.<\/p>\n","protected":false},"excerpt":{"rendered":"<div id=\"u15154-15\" class=\"clearfix grpelem\">\n<p>FINDIQ QABI\u011eININ QIRMASI \u00dc\u00c7\u00dcN N\u018fZ\u018fRD\u018f TUTULUB<\/p>\n<p>AYRICA B\u0130R AVADANLIQ V\u018f YA \u0130STEHSALAT X\u018fTT\u0130N t\u0259rk\u0130b hiss\u0259si K\u0130M\u0130 \u0130ST\u0130FAD\u018f OLUNUR.<\/p><\/div>\n","protected":false},"featured_media":3735,"comment_status":"open","ping_status":"closed","template":"","meta":{"om_disable_all_campaigns":false,"_monsterinsights_skip_tracking":false,"_monsterinsights_sitenote_active":false,"_monsterinsights_sitenote_note":"","_monsterinsights_sitenote_category":0},"etheme_brands":[],"product_cat":[140],"product_tag":[],"class_list":{"0":"post-4501","1":"product","2":"type-product","3":"status-publish","4":"has-post-thumbnail","6":"product_cat-muxtlif-avadanliqlar","8":"first","9":"instock","10":"shipping-taxable","11":"product-type-simple"},"aioseo_notices":[],"_links":{"self":[{"href":"https:\/\/motionte.com\/az\/wp-json\/wp\/v2\/product\/4501","targetHints":{"allow":["GET"]}}],"collection":[{"href":"https:\/\/motionte.com\/az\/wp-json\/wp\/v2\/product"}],"about":[{"href":"https:\/\/motionte.com\/az\/wp-json\/wp\/v2\/types\/product"}],"replies":[{"embeddable":true,"href":"https:\/\/motionte.com\/az\/wp-json\/wp\/v2\/comments?post=4501"}],"version-history":[{"count":3,"href":"https:\/\/motionte.com\/az\/wp-json\/wp\/v2\/product\/4501\/revisions"}],"predecessor-version":[{"id":7141,"href":"https:\/\/motionte.com\/az\/wp-json\/wp\/v2\/product\/4501\/revisions\/7141"}],"wp:featuredmedia":[{"embeddable":true,"href":"https:\/\/motionte.com\/az\/wp-json\/wp\/v2\/media\/3735"}],"wp:attachment":[{"href":"https:\/\/motionte.com\/az\/wp-json\/wp\/v2\/media?parent=4501"}],"wp:term":[{"taxonomy":"brand","embeddable":true,"href":"https:\/\/motionte.com\/az\/wp-json\/wp\/v2\/etheme_brands?post=4501"},{"taxonomy":"product_cat","embeddable":true,"href":"https:\/\/motionte.com\/az\/wp-json\/wp\/v2\/product_cat?post=4501"},{"taxonomy":"product_tag","embeddable":true,"href":"https:\/\/motionte.com\/az\/wp-json\/wp\/v2\/product_tag?post=4501"}],"curies":[{"name":"wp","href":"https:\/\/api.w.org\/{rel}","templated":true}]}}