{"id":4500,"date":"2024-10-16T12:49:57","date_gmt":"2024-10-16T12:49:57","guid":{"rendered":"https:\/\/motionte.com\/product\/findiq-qurutma-cenleri-2\/"},"modified":"2024-12-08T12:09:15","modified_gmt":"2024-12-08T12:09:15","slug":"findiq-qurutma-cenleri-2","status":"publish","type":"product","link":"https:\/\/motionte.com\/az\/product\/findiq-qurutma-cenleri-2\/","title":{"rendered":"FINDIQ QURUTMA \u00c7\u018fNL\u018fR\u0130"},"content":{"rendered":"<h5 id=\"u14994-2\">Qura\u015fd\u0131rma qoz-f\u0131nd\u0131qlar\u0131 qurutmaq \u00fc\u00e7\u00fcn istifad\u0259 olunur. AYRICA B\u0130R AVADANLIQ V\u018f YA \u0130STEHSALAT X\u018fTT\u0130N T\u018fRKIB HISS\u018fSI K\u0130M\u0130 \u0130ST\u0130FAD\u018f OLUNUR.<\/h5>\n","protected":false},"excerpt":{"rendered":"<h5 id=\"u14994-8\">\u0130\u015e PR\u0130NS\u0130P\u0130:<\/h5>\n<h5 id=\"u14994-10\">Quruma\u011fa haz\u0131r m\u0259hsul quruducuya y\u00fckl\u0259nir, burada isti hava ax\u0131n\u0131 d\u00f6vriyy\u0259si il\u0259 m\u0259hsul qurudulur. Tamamil\u0259 normal poladdan haz\u0131rlan\u0131b. \u00d6l\u00e7\u00fcl\u0259r v\u0259 \u00f6t\u00fcrm\u0259 qabiliyy\u0259ti m\u00fc\u015ft\u0259rinin s\u0259naye ehtiyaclar\u0131na uy\u011fun olaraq hesablan\u0131r  <\/h5>\n","protected":false},"featured_media":3781,"comment_status":"open","ping_status":"closed","template":"","meta":{"om_disable_all_campaigns":false,"_monsterinsights_skip_tracking":false,"_monsterinsights_sitenote_active":false,"_monsterinsights_sitenote_note":"","_monsterinsights_sitenote_category":0},"etheme_brands":[],"product_cat":[133,135,132,138],"product_tag":[],"class_list":{"0":"post-4500","1":"product","2":"type-product","3":"status-publish","4":"has-post-thumbnail","6":"product_cat-badam-emali-xtti","7":"product_cat-findiq-emali-xtti","8":"product_cat-istehsal-xtlri","9":"product_cat-qoz-emali-xtti","11":"first","12":"instock","13":"shipping-taxable","14":"product-type-simple"},"aioseo_notices":[],"_links":{"self":[{"href":"https:\/\/motionte.com\/az\/wp-json\/wp\/v2\/product\/4500","targetHints":{"allow":["GET"]}}],"collection":[{"href":"https:\/\/motionte.com\/az\/wp-json\/wp\/v2\/product"}],"about":[{"href":"https:\/\/motionte.com\/az\/wp-json\/wp\/v2\/types\/product"}],"replies":[{"embeddable":true,"href":"https:\/\/motionte.com\/az\/wp-json\/wp\/v2\/comments?post=4500"}],"version-history":[{"count":1,"href":"https:\/\/motionte.com\/az\/wp-json\/wp\/v2\/product\/4500\/revisions"}],"predecessor-version":[{"id":5732,"href":"https:\/\/motionte.com\/az\/wp-json\/wp\/v2\/product\/4500\/revisions\/5732"}],"wp:featuredmedia":[{"embeddable":true,"href":"https:\/\/motionte.com\/az\/wp-json\/wp\/v2\/media\/3781"}],"wp:attachment":[{"href":"https:\/\/motionte.com\/az\/wp-json\/wp\/v2\/media?parent=4500"}],"wp:term":[{"taxonomy":"brand","embeddable":true,"href":"https:\/\/motionte.com\/az\/wp-json\/wp\/v2\/etheme_brands?post=4500"},{"taxonomy":"product_cat","embeddable":true,"href":"https:\/\/motionte.com\/az\/wp-json\/wp\/v2\/product_cat?post=4500"},{"taxonomy":"product_tag","embeddable":true,"href":"https:\/\/motionte.com\/az\/wp-json\/wp\/v2\/product_tag?post=4500"}],"curies":[{"name":"wp","href":"https:\/\/api.w.org\/{rel}","templated":true}]}}