{"id":4499,"date":"2024-10-16T13:16:17","date_gmt":"2024-10-16T13:16:17","guid":{"rendered":"https:\/\/motionte.com\/product\/findiq-qurutma-cenleri\/"},"modified":"2025-06-27T13:18:35","modified_gmt":"2025-06-27T13:18:35","slug":"findiq-qurutma-cenleri","status":"publish","type":"product","link":"https:\/\/motionte.com\/az\/product\/findiq-qurutma-cenleri\/","title":{"rendered":"FINDIQ QURUTMA \u00c7\u018fNL\u018fR\u0130"},"content":{"rendered":"<p><strong>\u0130\u015e PR\u0130NS\u0130P\u0130:<\/strong><\/p>\n<p>QURUDULMASI \u00dc\u00c7\u00dcN HAZIRLANMI\u015e M\u018fHSUL QURUTMA AQREQATA VER\u0130L\u0130R, ORADA \u0130ST\u0130 HAVA AXINI V\u018f S\u0130RKULYAS\u0130YA VAS\u0130T\u018fS\u0130 \u0130L\u018f M\u018fHSULUN QURUDULMASI BA\u015e VER\u0130R.<\/p>\n<p>\u00dcMUM\u0130 KONSTRUKS\u0130YAL POLAD \u0130L\u018f HAZIRLANIR.<\/p>\n<p>\u00d6L\u00c7\u00dcL\u018fR\u0130 V\u018f M\u018fHSULDARLI\u011eI, M\u00dc\u015eT\u018fR\u0130 T\u018fR\u018fF\u0130ND\u018fN VER\u0130L\u018fN T\u018fL\u018fBL\u018fR\u018f UY\u011eUN M\u00dc\u018fYY\u018fN OLUNUR.<\/p>\n","protected":false},"excerpt":{"rendered":"<div id=\"u14994-18\" class=\"clearfix grpelem\">\n<p>AVADANLIQ FINDI\u011eIN QURUDULMASI \u00dc\u00c7\u00dcN N\u018fZ\u018fRD\u018f TUTULUB.<\/p>\n<p>AYRICA B\u0130R AQREQAT V\u018f YA \u0130STEHSALAT X\u018fTT\u0130N t\u0259rk\u0130b H\u0130SS\u018fS\u0130 K\u0130M\u0130 \u0130ST\u0130FAD\u018f OLUNUR.<\/p>\n<\/div>\n","protected":false},"featured_media":3781,"comment_status":"open","ping_status":"closed","template":"","meta":{"om_disable_all_campaigns":false,"_monsterinsights_skip_tracking":false,"_monsterinsights_sitenote_active":false,"_monsterinsights_sitenote_note":"","_monsterinsights_sitenote_category":0},"etheme_brands":[],"product_cat":[140],"product_tag":[],"class_list":{"0":"post-4499","1":"product","2":"type-product","3":"status-publish","4":"has-post-thumbnail","6":"product_cat-muxtlif-avadanliqlar","8":"first","9":"instock","10":"shipping-taxable","11":"product-type-simple"},"aioseo_notices":[],"_links":{"self":[{"href":"https:\/\/motionte.com\/az\/wp-json\/wp\/v2\/product\/4499","targetHints":{"allow":["GET"]}}],"collection":[{"href":"https:\/\/motionte.com\/az\/wp-json\/wp\/v2\/product"}],"about":[{"href":"https:\/\/motionte.com\/az\/wp-json\/wp\/v2\/types\/product"}],"replies":[{"embeddable":true,"href":"https:\/\/motionte.com\/az\/wp-json\/wp\/v2\/comments?post=4499"}],"version-history":[{"count":2,"href":"https:\/\/motionte.com\/az\/wp-json\/wp\/v2\/product\/4499\/revisions"}],"predecessor-version":[{"id":7142,"href":"https:\/\/motionte.com\/az\/wp-json\/wp\/v2\/product\/4499\/revisions\/7142"}],"wp:featuredmedia":[{"embeddable":true,"href":"https:\/\/motionte.com\/az\/wp-json\/wp\/v2\/media\/3781"}],"wp:attachment":[{"href":"https:\/\/motionte.com\/az\/wp-json\/wp\/v2\/media?parent=4499"}],"wp:term":[{"taxonomy":"brand","embeddable":true,"href":"https:\/\/motionte.com\/az\/wp-json\/wp\/v2\/etheme_brands?post=4499"},{"taxonomy":"product_cat","embeddable":true,"href":"https:\/\/motionte.com\/az\/wp-json\/wp\/v2\/product_cat?post=4499"},{"taxonomy":"product_tag","embeddable":true,"href":"https:\/\/motionte.com\/az\/wp-json\/wp\/v2\/product_tag?post=4499"}],"curies":[{"name":"wp","href":"https:\/\/api.w.org\/{rel}","templated":true}]}}