{"id":4496,"date":"2024-10-16T13:25:46","date_gmt":"2024-10-16T13:25:46","guid":{"rendered":"https:\/\/motionte.com\/product\/qovurma-aparati\/"},"modified":"2025-06-27T13:21:38","modified_gmt":"2025-06-27T13:21:38","slug":"qovurma-aparati","status":"publish","type":"product","link":"https:\/\/motionte.com\/az\/product\/qovurma-aparati\/","title":{"rendered":"QOVURMA APARATI"},"content":{"rendered":"<p><strong>\u0130\u015e PR\u0130NS\u0130P\u0130:<\/strong><\/p>\n<p>\u0130ST\u0130 HAVANIN \u00dcF\u00dcRM\u018fS\u0130 V\u018f QIZDIRILMI\u015e BARABAN \u018fSASINDA M\u018fHSULUN B\u018fRAB\u018fR QOVURULMASI M\u00dcMK\u00dcND\u00dcR.<\/p>\n<p><strong>AVADANLIQ T\u018fCH\u0130Z OLUNA B\u0130L\u018fR:<\/strong><\/p>\n<p>AVADANLI\u011eIN YER\u0130N\u0130 D\u018fY\u0130\u015eD\u0130RM\u018fK \u00dc\u00c7\u00dcN ayaqlar\u0131n \u00dcZ\u018fR\u0130ND\u018f K\u0130L\u0130DL\u0130 T\u018fK\u018fRL\u018fR \u0130L\u018f,<\/p>\n<p>TAM V\u018f YA Q\u0130SM\u018fN PASLANMAZ POLAD \u0130L\u018f HAZIRLANIR.<\/p>\n<p>\u00d6L\u00c7\u00dcL\u018fR\u0130 V\u018f M\u018fHSULDARLI\u011eI, M\u00dc\u015eT\u018fR\u0130 T\u018fR\u018fF\u0130ND\u018fN VER\u0130L\u018fN T\u018fL\u018fBL\u018fR\u018f UY\u011eUN M\u00dc\u018fYY\u018fN OLUNUR.<\/p>\n","protected":false},"excerpt":{"rendered":"<div id=\"u15947-23\" class=\"clearfix grpelem\">\n<p>AVADANLIQ \u2013 FINDIq, YER FINDI\u011eI, G\u00dcN\u018fBAXAn V\u018f D\u0130G\u018fR OX\u015eAR XAMMALIN B\u018fRAB\u018fR QUVURULMASI \u00dc\u00c7\u00dcN N\u018fZ\u018fRD\u018f TUTULUB.<\/p>\n<p>AYRICA AVADANLIQ V\u018f YA \u0130STEHSALAT X\u018fTT\u0130N t\u0259rk\u0130b h\u0130ss\u0259s\u0130 K\u0130M\u0130 \u0130ST\u0130FAD\u018f OLUNUR.<\/p>\n<\/div>\n","protected":false},"featured_media":3783,"comment_status":"open","ping_status":"closed","template":"","meta":{"om_disable_all_campaigns":false,"_monsterinsights_skip_tracking":false,"_monsterinsights_sitenote_active":false,"_monsterinsights_sitenote_note":"","_monsterinsights_sitenote_category":0},"etheme_brands":[],"product_cat":[140],"product_tag":[],"class_list":{"0":"post-4496","1":"product","2":"type-product","3":"status-publish","4":"has-post-thumbnail","6":"product_cat-muxtlif-avadanliqlar","8":"first","9":"instock","10":"shipping-taxable","11":"product-type-simple"},"aioseo_notices":[],"_links":{"self":[{"href":"https:\/\/motionte.com\/az\/wp-json\/wp\/v2\/product\/4496","targetHints":{"allow":["GET"]}}],"collection":[{"href":"https:\/\/motionte.com\/az\/wp-json\/wp\/v2\/product"}],"about":[{"href":"https:\/\/motionte.com\/az\/wp-json\/wp\/v2\/types\/product"}],"replies":[{"embeddable":true,"href":"https:\/\/motionte.com\/az\/wp-json\/wp\/v2\/comments?post=4496"}],"version-history":[{"count":3,"href":"https:\/\/motionte.com\/az\/wp-json\/wp\/v2\/product\/4496\/revisions"}],"predecessor-version":[{"id":7145,"href":"https:\/\/motionte.com\/az\/wp-json\/wp\/v2\/product\/4496\/revisions\/7145"}],"wp:featuredmedia":[{"embeddable":true,"href":"https:\/\/motionte.com\/az\/wp-json\/wp\/v2\/media\/3783"}],"wp:attachment":[{"href":"https:\/\/motionte.com\/az\/wp-json\/wp\/v2\/media?parent=4496"}],"wp:term":[{"taxonomy":"brand","embeddable":true,"href":"https:\/\/motionte.com\/az\/wp-json\/wp\/v2\/etheme_brands?post=4496"},{"taxonomy":"product_cat","embeddable":true,"href":"https:\/\/motionte.com\/az\/wp-json\/wp\/v2\/product_cat?post=4496"},{"taxonomy":"product_tag","embeddable":true,"href":"https:\/\/motionte.com\/az\/wp-json\/wp\/v2\/product_tag?post=4496"}],"curies":[{"name":"wp","href":"https:\/\/api.w.org\/{rel}","templated":true}]}}