{"id":4495,"date":"2024-10-16T13:31:27","date_gmt":"2024-10-16T13:31:27","guid":{"rendered":"https:\/\/motionte.com\/product\/senaye-terezisi\/"},"modified":"2024-12-08T12:09:15","modified_gmt":"2024-12-08T12:09:15","slug":"senaye-terezisi","status":"publish","type":"product","link":"https:\/\/motionte.com\/az\/product\/senaye-terezisi\/","title":{"rendered":"S\u0259naye t\u0259r\u0259zil\u0259ri"},"content":{"rendered":"<p>Bizd\u0259 \u00e7\u0259ki g\u00f6st\u0259ricil\u0259ri, printerl\u0259r v\u0259 ya \u015ftrix-kod oxuyucular\u0131 kimi b\u00fct\u00fcn aksesuarlar daxil olmaqla d\u0259zgah t\u0259r\u0259zil\u0259rinin geni\u015f se\u00e7imi var. H\u0259rt\u0259r\u0259fli xidm\u0259t yana\u015fmam\u0131z say\u0259sind\u0259 &#8211; ilkin m\u0259sl\u0259h\u0259tl\u0259\u015fm\u0259d\u0259n istismara verm\u0259 v\u0259 texniki xidm\u0259t\u0259 q\u0259d\u0259r &#8211; biz siz\u0259 x\u00fcsusi t\u0259tbiqinizin t\u0259l\u0259bl\u0259rin\u0259 d\u0259qiq uy\u011funla\u015fd\u0131r\u0131lm\u0131\u015f d\u0259zgah miqyas\u0131 h\u0259ll\u0259rini t\u0259qdim ed\u0259 bil\u0259rik: uy\u011funluq qiym\u0259tl\u0259ndirilmi\u015fd\u0259n gigiyenikd\u0259n EX sertifikat\u0131na q\u0259d\u0259r. N\u0259tic\u0259 ist\u0259nil\u0259n vaxt v\u0259 ist\u0259nil\u0259n t\u0259l\u0259b \u00fc\u00e7\u00fcn y\u00fcks\u0259k d\u0259qiq v\u0259 etibarl\u0131 \u00f6l\u00e7m\u0259 n\u0259tic\u0259l\u0259ridir.<\/p>\n","protected":false},"excerpt":{"rendered":"<h5>D\u0259zgah t\u0259r\u0259zil\u0259ri skamyalara, stollara v\u0259 ya i\u015f s\u0259thl\u0259rin\u0259 yerl\u0259\u015fdiril\u0259 bil\u0259n t\u0259r\u0259zil\u0259rdir. D\u0259zgah t\u0259r\u0259zil\u0259ri ist\u0259r fabrikd\u0259 istehsalat sah\u0259sind\u0259, ist\u0259rs\u0259 d\u0259 laboratoriyalarda m\u00fcxt\u0259lif sah\u0259l\u0259rd\u0259 v\u0259 t\u0259tbiql\u0259rd\u0259 istifad\u0259 olunur: ki\u00e7ik miqdarlar\u0131n y\u00fcks\u0259k d\u0259qiqlikl\u0259 \u00e7\u0259kilm\u0259li oldu\u011fu h\u0259r yerd\u0259. <\/h5>\n","protected":false},"featured_media":3745,"comment_status":"open","ping_status":"closed","template":"","meta":{"om_disable_all_campaigns":false,"_monsterinsights_skip_tracking":false,"_monsterinsights_sitenote_active":false,"_monsterinsights_sitenote_note":"","_monsterinsights_sitenote_category":0},"etheme_brands":[],"product_cat":[96,133,136,135,132,134,140,138,137],"product_tag":[],"class_list":{"0":"post-4495","1":"product","2":"type-product","3":"status-publish","4":"has-post-thumbnail","6":"product_cat-anbar-logistika-avadanligi","7":"product_cat-badam-emali-xtti","8":"product_cat-et-v-baliq-emali","9":"product_cat-findiq-emali-xtti","10":"product_cat-istehsal-xtlri","11":"product_cat-meyv-v-trvz-emali-xtti","12":"product_cat-muxtlif-avadanliqlar","13":"product_cat-qoz-emali-xtti","14":"product_cat-yarimfabrikatlarin-istehsali","16":"first","17":"instock","18":"shipping-taxable","19":"product-type-simple"},"aioseo_notices":[],"_links":{"self":[{"href":"https:\/\/motionte.com\/az\/wp-json\/wp\/v2\/product\/4495","targetHints":{"allow":["GET"]}}],"collection":[{"href":"https:\/\/motionte.com\/az\/wp-json\/wp\/v2\/product"}],"about":[{"href":"https:\/\/motionte.com\/az\/wp-json\/wp\/v2\/types\/product"}],"replies":[{"embeddable":true,"href":"https:\/\/motionte.com\/az\/wp-json\/wp\/v2\/comments?post=4495"}],"version-history":[{"count":1,"href":"https:\/\/motionte.com\/az\/wp-json\/wp\/v2\/product\/4495\/revisions"}],"predecessor-version":[{"id":5731,"href":"https:\/\/motionte.com\/az\/wp-json\/wp\/v2\/product\/4495\/revisions\/5731"}],"wp:featuredmedia":[{"embeddable":true,"href":"https:\/\/motionte.com\/az\/wp-json\/wp\/v2\/media\/3745"}],"wp:attachment":[{"href":"https:\/\/motionte.com\/az\/wp-json\/wp\/v2\/media?parent=4495"}],"wp:term":[{"taxonomy":"brand","embeddable":true,"href":"https:\/\/motionte.com\/az\/wp-json\/wp\/v2\/etheme_brands?post=4495"},{"taxonomy":"product_cat","embeddable":true,"href":"https:\/\/motionte.com\/az\/wp-json\/wp\/v2\/product_cat?post=4495"},{"taxonomy":"product_tag","embeddable":true,"href":"https:\/\/motionte.com\/az\/wp-json\/wp\/v2\/product_tag?post=4495"}],"curies":[{"name":"wp","href":"https:\/\/api.w.org\/{rel}","templated":true}]}}