{"id":4494,"date":"2024-10-18T21:56:47","date_gmt":"2024-10-18T21:56:47","guid":{"rendered":"https:\/\/motionte.com\/product\/helisel-disli-motor\/"},"modified":"2025-03-05T19:40:36","modified_gmt":"2025-03-05T19:40:36","slug":"helisel-disli-motor","status":"publish","type":"product","link":"https:\/\/motionte.com\/az\/product\/helisel-disli-motor\/","title":{"rendered":"Helisel Di\u015fli Motor"},"content":{"rendered":"<div id=\"u11018\" class=\"rgba-background clearfix grpelem\">\n<div id=\"u11019-30\" class=\"clearfix grpelem\">\n<div class=\"gdlr-core-accordion-item-content\">\n<p class=\"gdlr-core-accordion-item-title gdlr-core-js \">M\u018fHSULUN \u00dcST\u00dcNL\u018fR\u0130<\/p>\n<div class=\"gdlr-core-accordion-item-content\">\n<p><i class=\"fa fa-plus-square-o \"><\/i>Kompakt modul montaj<br \/>\n<i class=\"fa fa-plus-square-o \"><\/i> Geni\u015f \u00e7e\u015fidli montaj h\u0259ll\u0259ri<br \/>\n<i class=\"fa fa-plus-square-o \"><\/i> Geni\u015f \u00e7e\u015fidli sektorlara v\u0259 t\u0259tbiql\u0259r\u0259 uy\u011funla\u015fd\u0131r\u0131lm\u0131\u015fd\u0131r<br \/>\n<i class=\"fa fa-plus-square-o \"><\/i> A\u015fa\u011f\u0131 f\u0131rlanma s\u00fcr\u0259tin\u0259 \u00e7atmaq \u00fc\u00e7\u00fcn y\u00fcks\u0259k nisb\u0259tl\u0259r<br \/>\n<i class=\"fa fa-plus-square-o \"><\/i> Y\u00fcks\u0259k radial y\u00fck\u00fc d\u0259st\u0259kl\u0259yin.<\/p>\n<\/div>\n<\/div>\n<\/div>\n<\/div>\n","protected":false},"excerpt":{"rendered":"<h5>\u00d6t\u00fcr\u00fcc\u00fcl\u0259rin bir v\u0259 ya iki pill\u0259sind\u0259 m\u00f6vcud olan IR Series s\u00fcr\u0259t qutular\u0131 geni\u015f t\u0259tbiq sah\u0259si \u00fc\u00e7\u00fcn optimal h\u0259ll\u0259r t\u0259qdim edir. S\u00fcr\u0259t qutusunun v\u0259 di\u015fli texnologiyas\u0131n\u0131n unicase korpusu g\u00fcc v\u0259 m\u0259kan\u0131n optimalla\u015fd\u0131r\u0131lmas\u0131 aras\u0131nda m\u00fck\u0259mm\u0259l balans t\u0259klif edir. <\/h5>\n","protected":false},"featured_media":5529,"comment_status":"open","ping_status":"closed","template":"","meta":{"om_disable_all_campaigns":false,"_monsterinsights_skip_tracking":false,"_monsterinsights_sitenote_active":false,"_monsterinsights_sitenote_note":"","_monsterinsights_sitenote_category":0},"etheme_brands":[],"product_cat":[207,150],"product_tag":[],"class_list":{"0":"post-4494","1":"product","2":"type-product","3":"status-publish","4":"has-post-thumbnail","6":"product_cat-surt-qutulari","7":"product_cat-muhrrik-reduktorlar","9":"first","10":"instock","11":"shipping-taxable","12":"product-type-simple"},"aioseo_notices":[],"_links":{"self":[{"href":"https:\/\/motionte.com\/az\/wp-json\/wp\/v2\/product\/4494","targetHints":{"allow":["GET"]}}],"collection":[{"href":"https:\/\/motionte.com\/az\/wp-json\/wp\/v2\/product"}],"about":[{"href":"https:\/\/motionte.com\/az\/wp-json\/wp\/v2\/types\/product"}],"replies":[{"embeddable":true,"href":"https:\/\/motionte.com\/az\/wp-json\/wp\/v2\/comments?post=4494"}],"version-history":[{"count":1,"href":"https:\/\/motionte.com\/az\/wp-json\/wp\/v2\/product\/4494\/revisions"}],"predecessor-version":[{"id":6916,"href":"https:\/\/motionte.com\/az\/wp-json\/wp\/v2\/product\/4494\/revisions\/6916"}],"wp:featuredmedia":[{"embeddable":true,"href":"https:\/\/motionte.com\/az\/wp-json\/wp\/v2\/media\/5529"}],"wp:attachment":[{"href":"https:\/\/motionte.com\/az\/wp-json\/wp\/v2\/media?parent=4494"}],"wp:term":[{"taxonomy":"brand","embeddable":true,"href":"https:\/\/motionte.com\/az\/wp-json\/wp\/v2\/etheme_brands?post=4494"},{"taxonomy":"product_cat","embeddable":true,"href":"https:\/\/motionte.com\/az\/wp-json\/wp\/v2\/product_cat?post=4494"},{"taxonomy":"product_tag","embeddable":true,"href":"https:\/\/motionte.com\/az\/wp-json\/wp\/v2\/product_tag?post=4494"}],"curies":[{"name":"wp","href":"https:\/\/api.w.org\/{rel}","templated":true}]}}