{"id":4493,"date":"2024-10-18T22:04:44","date_gmt":"2024-10-18T22:04:44","guid":{"rendered":"https:\/\/motionte.com\/product\/helisel-konik-disli-motor\/"},"modified":"2025-03-05T19:40:37","modified_gmt":"2025-03-05T19:40:37","slug":"helisel-konik-disli-motor","status":"publish","type":"product","link":"https:\/\/motionte.com\/az\/product\/helisel-konik-disli-motor\/","title":{"rendered":"Helisel Konik Di\u015fli Motor"},"content":{"rendered":"<p class=\"gdlr-core-accordion-item-title gdlr-core-js \">M\u018fHSULUN \u00dcST\u00dcNL\u018fR\u0130<\/p>\n<div class=\"gdlr-core-accordion-item-content\">\n<p><i class=\"fa fa-plus-square-o \"><\/i>Y\u00fcks\u0259k s\u0259m\u0259r\u0259lilik<br \/>\n<i class=\"fa fa-plus-square-o \"><\/i> Yer\u0259 q\u0259na\u0259t ed\u0259n kompakt dizayn<br \/>\n<i class=\"fa fa-plus-square-o \"><\/i> Sakit \u0259m\u0259liyyat<br \/>\n<i class=\"fa fa-plus-square-o \"><\/i> Uzunm\u00fcdd\u0259tli m\u0259hsullar, az texniki xidm\u0259t<br \/>\n<i class=\"fa fa-plus-square-o \"><\/i> B\u00f6y\u00fck nisb\u0259t diapazonu v\u0259 y\u00fcks\u0259k xidm\u0259t amill\u0259ri<\/p>\n<\/div>\n","protected":false},"excerpt":{"rendered":"<h5>\u0130stifad\u0259si \u00fc\u00e7\u00fcn n\u0259z\u0259rd\u0259 tutulmu\u015f, IRK seriyal\u0131 spiral di\u015fli di\u015fli qutular\u0131 y\u00fcks\u0259k effektiv s\u00fcr\u0259t qutular\u0131na ehtiyac\u0131 olan t\u0259tbiql\u0259r \u00fc\u00e7\u00fcn m\u00fck\u0259mm\u0259l uy\u011funla\u015fd\u0131r\u0131lm\u0131\u015fd\u0131r. \u00d6t\u00fcr\u00fcc\u00fc dizayn h\u0259m\u00e7inin bu qur\u011funun s\u0259ssiz i\u015fl\u0259m\u0259sini t\u0259klif edir. Bu \u00fcst\u00fcnl\u00fckl\u0259r siz\u0259 s\u0259s-k\u00fcys\u00fcz v\u0259 az t\u0259mirli s\u00fcr\u0259t qutusu z\u0259man\u0259tini t\u0259klif edir.  <\/h5>\n","protected":false},"featured_media":5532,"comment_status":"open","ping_status":"closed","template":"","meta":{"om_disable_all_campaigns":false,"_monsterinsights_skip_tracking":false,"_monsterinsights_sitenote_active":false,"_monsterinsights_sitenote_note":"","_monsterinsights_sitenote_category":0},"etheme_brands":[],"product_cat":[207,150],"product_tag":[],"class_list":{"0":"post-4493","1":"product","2":"type-product","3":"status-publish","4":"has-post-thumbnail","6":"product_cat-surt-qutulari","7":"product_cat-muhrrik-reduktorlar","9":"first","10":"instock","11":"shipping-taxable","12":"product-type-simple"},"aioseo_notices":[],"_links":{"self":[{"href":"https:\/\/motionte.com\/az\/wp-json\/wp\/v2\/product\/4493","targetHints":{"allow":["GET"]}}],"collection":[{"href":"https:\/\/motionte.com\/az\/wp-json\/wp\/v2\/product"}],"about":[{"href":"https:\/\/motionte.com\/az\/wp-json\/wp\/v2\/types\/product"}],"replies":[{"embeddable":true,"href":"https:\/\/motionte.com\/az\/wp-json\/wp\/v2\/comments?post=4493"}],"version-history":[{"count":1,"href":"https:\/\/motionte.com\/az\/wp-json\/wp\/v2\/product\/4493\/revisions"}],"predecessor-version":[{"id":6919,"href":"https:\/\/motionte.com\/az\/wp-json\/wp\/v2\/product\/4493\/revisions\/6919"}],"wp:featuredmedia":[{"embeddable":true,"href":"https:\/\/motionte.com\/az\/wp-json\/wp\/v2\/media\/5532"}],"wp:attachment":[{"href":"https:\/\/motionte.com\/az\/wp-json\/wp\/v2\/media?parent=4493"}],"wp:term":[{"taxonomy":"brand","embeddable":true,"href":"https:\/\/motionte.com\/az\/wp-json\/wp\/v2\/etheme_brands?post=4493"},{"taxonomy":"product_cat","embeddable":true,"href":"https:\/\/motionte.com\/az\/wp-json\/wp\/v2\/product_cat?post=4493"},{"taxonomy":"product_tag","embeddable":true,"href":"https:\/\/motionte.com\/az\/wp-json\/wp\/v2\/product_tag?post=4493"}],"curies":[{"name":"wp","href":"https:\/\/api.w.org\/{rel}","templated":true}]}}