{"id":4492,"date":"2024-10-20T23:08:47","date_gmt":"2024-10-20T23:08:47","guid":{"rendered":"https:\/\/motionte.com\/product\/paralel-saftli-spiral-disli-muh%c9%99rrik\/"},"modified":"2025-03-05T19:39:50","modified_gmt":"2025-03-05T19:39:50","slug":"paralel-saftli-spiral-disli-muh%c9%99rrik","status":"publish","type":"product","link":"https:\/\/motionte.com\/az\/product\/paralel-saftli-spiral-disli-muh%c9%99rrik\/","title":{"rendered":"Paralel \u015faftl\u0131 spiral di\u015fli m\u00fch\u0259rrik"},"content":{"rendered":"<p class=\"gdlr-core-accordion-item-title gdlr-core-js \">M\u018fHSULUN \u00dcST\u00dcNL\u018fR\u0130<\/p>\n<div class=\"gdlr-core-accordion-item-content\">\n<p><i class=\"fa fa-plus-square-o \"><\/i>Asan qura\u015fd\u0131rma<br \/>\n<i class=\"fa fa-plus-square-o \"><\/i> Geni\u015f \u00e7e\u015fidli montaj birl\u0259\u015fm\u0259l\u0259ri<br \/>\n<i class=\"fa fa-plus-square-o \"><\/i> Y\u00fcks\u0259k y\u00fckl\u0259r\u0259 d\u00f6z\u00fcml\u00fcl\u00fck<br \/>\n<i class=\"fa fa-plus-square-o \"><\/i> A\u015fa\u011f\u0131 \u00e7\u0131x\u0131\u015f s\u00fcr\u0259ti \u00fc\u00e7\u00fcn \u00e7ox m\u0259rh\u0259l\u0259li se\u00e7iml\u0259r<br \/>\n<i class=\"fa fa-plus-square-o \"><\/i> Sakit \u0259m\u0259liyyat<br \/>\n<i class=\"fa fa-plus-square-o \"><\/i> Asan t\u0259mizlik<\/p>\n<\/div>\n","protected":false},"excerpt":{"rendered":"<h5>YP seriyal\u0131 paralel spiral \u015faft di\u015fli aqreqatlar\u0131 m\u00fcr\u0259kk\u0259b v\u0259 m\u0259hdud m\u0259kan t\u0259tbiql\u0259ri \u00fc\u00e7\u00fcn optimal h\u0259ll yolu olaraq qal\u0131r. S\u00fcr\u0259t qutusunun tam t\u0259rsin\u0259 \u00e7evril\u0259 bil\u0259n dizayn\u0131 geni\u015f montaj m\u00f6vqel\u0259rini t\u0259klif edir. \u00d6t\u00fcr\u00fcc\u00fc birl\u0259\u015fm\u0259l\u0259ri y\u00fcks\u0259k y\u00fckl\u0259r\u0259 imkan verir v\u0259 a\u015fa\u011f\u0131 \u00e7\u0131x\u0131\u015f s\u00fcr\u0259ti variantlar\u0131 onu \u00e7ox geni\u015f t\u0259tbiql\u0259r \u00fc\u00e7\u00fcn ideal h\u0259ll edir.  <\/h5>\n","protected":false},"featured_media":5535,"comment_status":"open","ping_status":"closed","template":"","meta":{"om_disable_all_campaigns":false,"_monsterinsights_skip_tracking":false,"_monsterinsights_sitenote_active":false,"_monsterinsights_sitenote_note":"","_monsterinsights_sitenote_category":0},"etheme_brands":[],"product_cat":[207,150],"product_tag":[],"class_list":{"0":"post-4492","1":"product","2":"type-product","3":"status-publish","4":"has-post-thumbnail","6":"product_cat-surt-qutulari","7":"product_cat-muhrrik-reduktorlar","9":"first","10":"instock","11":"shipping-taxable","12":"product-type-simple"},"aioseo_notices":[],"_links":{"self":[{"href":"https:\/\/motionte.com\/az\/wp-json\/wp\/v2\/product\/4492","targetHints":{"allow":["GET"]}}],"collection":[{"href":"https:\/\/motionte.com\/az\/wp-json\/wp\/v2\/product"}],"about":[{"href":"https:\/\/motionte.com\/az\/wp-json\/wp\/v2\/types\/product"}],"replies":[{"embeddable":true,"href":"https:\/\/motionte.com\/az\/wp-json\/wp\/v2\/comments?post=4492"}],"version-history":[{"count":1,"href":"https:\/\/motionte.com\/az\/wp-json\/wp\/v2\/product\/4492\/revisions"}],"predecessor-version":[{"id":6889,"href":"https:\/\/motionte.com\/az\/wp-json\/wp\/v2\/product\/4492\/revisions\/6889"}],"wp:featuredmedia":[{"embeddable":true,"href":"https:\/\/motionte.com\/az\/wp-json\/wp\/v2\/media\/5535"}],"wp:attachment":[{"href":"https:\/\/motionte.com\/az\/wp-json\/wp\/v2\/media?parent=4492"}],"wp:term":[{"taxonomy":"brand","embeddable":true,"href":"https:\/\/motionte.com\/az\/wp-json\/wp\/v2\/etheme_brands?post=4492"},{"taxonomy":"product_cat","embeddable":true,"href":"https:\/\/motionte.com\/az\/wp-json\/wp\/v2\/product_cat?post=4492"},{"taxonomy":"product_tag","embeddable":true,"href":"https:\/\/motionte.com\/az\/wp-json\/wp\/v2\/product_tag?post=4492"}],"curies":[{"name":"wp","href":"https:\/\/api.w.org\/{rel}","templated":true}]}}