{"id":4491,"date":"2024-10-20T23:29:12","date_gmt":"2024-10-20T23:29:12","guid":{"rendered":"https:\/\/motionte.com\/product\/qaldirici-oturucu-disli-motor\/"},"modified":"2025-03-05T19:39:51","modified_gmt":"2025-03-05T19:39:51","slug":"qaldirici-oturucu-disli-motor","status":"publish","type":"product","link":"https:\/\/motionte.com\/az\/product\/qaldirici-oturucu-disli-motor\/","title":{"rendered":"Qald\u0131r\u0131c\u0131 \u00d6t\u00fcr\u00fcc\u00fc Di\u015fli Motor"},"content":{"rendered":"<div id=\"u11018\" class=\"rgba-background clearfix grpelem\">\n<div id=\"u11019-30\" class=\"clearfix grpelem\">\n<p class=\"gdlr-core-accordion-item-title gdlr-core-js \">M\u018fHSULUN \u00dcST\u00dcNL\u018fR\u0130<\/p>\n<div class=\"gdlr-core-accordion-item-content\">\n<p><i class=\"fa fa-plus-square-o \"><\/i>Y\u00fcks\u0259k s\u0259m\u0259r\u0259lilik<br \/>\n<i class=\"fa fa-plus-square-o \"><\/i> Yer\u0259 q\u0259na\u0259t ed\u0259n kompakt dizayn<br \/>\n<i class=\"fa fa-plus-square-o \"><\/i> Sakit \u0259m\u0259liyyat<br \/>\n<i class=\"fa fa-plus-square-o \"><\/i> Uzunm\u00fcdd\u0259tli m\u0259hsullar, az texniki xidm\u0259t<br \/>\n<i class=\"fa fa-plus-square-o \"><\/i> B\u00f6y\u00fck nisb\u0259t diapazonu v\u0259 y\u00fcks\u0259k xidm\u0259t amill\u0259ri<\/p>\n<\/div>\n<\/div>\n<\/div>\n","protected":false},"excerpt":{"rendered":"<h5>Qald\u0131rma v\u0259 qald\u0131rma texnologiyalar\u0131 \u00fc\u00e7\u00fcn haz\u0131rlanm\u0131\u015f yeni IRC Series geni\u015f \u00e7e\u015fidli se\u00e7iml\u0259r v\u0259 h\u0259ll\u0259r t\u0259klif edir. \u00dc\u00e7 pill\u0259li di\u015flil\u0259rd\u0259n ibar\u0259t IRC seriyas\u0131 be\u015f m\u00fcxt\u0259lif \u00f6l\u00e7\u00fcd\u0259 m\u00f6vcuddur. <\/h5>\n<h5>6 m\u00fcxt\u0259lif \u00f6l\u00e7\u00fcl\u00fc m\u0259nzild\u0259 m\u00f6vcud olan IRC Seriyas\u0131 qald\u0131r\u0131c\u0131 s\u0259naye ehtiyaclar\u0131n\u0131n geni\u015f spektrini \u0259hat\u0259 edir.<\/h5>\n","protected":false},"featured_media":5538,"comment_status":"open","ping_status":"closed","template":"","meta":{"om_disable_all_campaigns":false,"_monsterinsights_skip_tracking":false,"_monsterinsights_sitenote_active":false,"_monsterinsights_sitenote_note":"","_monsterinsights_sitenote_category":0},"etheme_brands":[],"product_cat":[207,150],"product_tag":[],"class_list":{"0":"post-4491","1":"product","2":"type-product","3":"status-publish","4":"has-post-thumbnail","6":"product_cat-surt-qutulari","7":"product_cat-muhrrik-reduktorlar","9":"first","10":"instock","11":"shipping-taxable","12":"product-type-simple"},"aioseo_notices":[],"_links":{"self":[{"href":"https:\/\/motionte.com\/az\/wp-json\/wp\/v2\/product\/4491","targetHints":{"allow":["GET"]}}],"collection":[{"href":"https:\/\/motionte.com\/az\/wp-json\/wp\/v2\/product"}],"about":[{"href":"https:\/\/motionte.com\/az\/wp-json\/wp\/v2\/types\/product"}],"replies":[{"embeddable":true,"href":"https:\/\/motionte.com\/az\/wp-json\/wp\/v2\/comments?post=4491"}],"version-history":[{"count":1,"href":"https:\/\/motionte.com\/az\/wp-json\/wp\/v2\/product\/4491\/revisions"}],"predecessor-version":[{"id":6890,"href":"https:\/\/motionte.com\/az\/wp-json\/wp\/v2\/product\/4491\/revisions\/6890"}],"wp:featuredmedia":[{"embeddable":true,"href":"https:\/\/motionte.com\/az\/wp-json\/wp\/v2\/media\/5538"}],"wp:attachment":[{"href":"https:\/\/motionte.com\/az\/wp-json\/wp\/v2\/media?parent=4491"}],"wp:term":[{"taxonomy":"brand","embeddable":true,"href":"https:\/\/motionte.com\/az\/wp-json\/wp\/v2\/etheme_brands?post=4491"},{"taxonomy":"product_cat","embeddable":true,"href":"https:\/\/motionte.com\/az\/wp-json\/wp\/v2\/product_cat?post=4491"},{"taxonomy":"product_tag","embeddable":true,"href":"https:\/\/motionte.com\/az\/wp-json\/wp\/v2\/product_tag?post=4491"}],"curies":[{"name":"wp","href":"https:\/\/api.w.org\/{rel}","templated":true}]}}