{"id":4490,"date":"2024-10-20T23:54:59","date_gmt":"2024-10-20T23:54:59","guid":{"rendered":"https:\/\/motionte.com\/product\/qurd-disli-motor\/"},"modified":"2025-03-05T19:39:52","modified_gmt":"2025-03-05T19:39:52","slug":"qurd-disli-motor","status":"publish","type":"product","link":"https:\/\/motionte.com\/az\/product\/qurd-disli-motor\/","title":{"rendered":"Qurd Di\u015fli Motor"},"content":{"rendered":"<h5 class=\"gdlr-core-toggle-box-item-title gdlr-core-js \">M\u018fHSULUN \u00dcST\u00dcNL\u018fR\u0130<\/h5>\n<div class=\"gdlr-core-toggle-box-item-content\">\n<p><i class=\"fa fa-plus-square-o \"><\/i>G\u00fccl\u00fc v\u0259 davaml\u0131 \u00e7uqun korpus<br \/>\n<i class=\"fa fa-plus-square-o \"><\/i> A\u015fa\u011f\u0131 \u00e7\u0131x\u0131\u015f s\u00fcr\u0259ti \u00fc\u00e7\u00fcn y\u00fcks\u0259k nisb\u0259tl\u0259r<br \/>\n<i class=\"fa fa-plus-square-o \"><\/i> A\u015fa\u011f\u0131 vibrasiya<br \/>\n<i class=\"fa fa-plus-square-o \"><\/i> \u00c7oxlu montaj m\u00f6vqel\u0259ri<\/p>\n<\/div>\n","protected":false},"excerpt":{"rendered":"<div class=\"gdlr-core-toggle-box-item-content\">\n<h5>Qurd di\u015fli qur\u011fular\u0131, IRS seriyas\u0131 y\u00fcks\u0259k nisb\u0259tl\u0259r\u0259 ehtiyac\u0131 olan sad\u0259 t\u0259tbiql\u0259r \u00fc\u00e7\u00fcn \u0259n yax\u015f\u0131 h\u0259ll yolu olaraq qal\u0131r. Bu s\u00fcr\u0259t qutusu aqreqat h\u0259m d\u0259 arxa stopun g\u00fccl\u00fc v\u0259 davaml\u0131 olmas\u0131 laz\u0131m olan v\u0259ziyy\u0259tl\u0259r \u00fc\u00e7\u00fcn m\u00fck\u0259mm\u0259l k\u00f6m\u0259k t\u0259klif edir. <\/h5>\n<\/div>\n","protected":false},"featured_media":5544,"comment_status":"open","ping_status":"closed","template":"","meta":{"om_disable_all_campaigns":false,"_monsterinsights_skip_tracking":false,"_monsterinsights_sitenote_active":false,"_monsterinsights_sitenote_note":"","_monsterinsights_sitenote_category":0},"etheme_brands":[],"product_cat":[207,150],"product_tag":[],"class_list":{"0":"post-4490","1":"product","2":"type-product","3":"status-publish","4":"has-post-thumbnail","6":"product_cat-surt-qutulari","7":"product_cat-muhrrik-reduktorlar","9":"first","10":"instock","11":"shipping-taxable","12":"product-type-simple"},"aioseo_notices":[],"_links":{"self":[{"href":"https:\/\/motionte.com\/az\/wp-json\/wp\/v2\/product\/4490","targetHints":{"allow":["GET"]}}],"collection":[{"href":"https:\/\/motionte.com\/az\/wp-json\/wp\/v2\/product"}],"about":[{"href":"https:\/\/motionte.com\/az\/wp-json\/wp\/v2\/types\/product"}],"replies":[{"embeddable":true,"href":"https:\/\/motionte.com\/az\/wp-json\/wp\/v2\/comments?post=4490"}],"version-history":[{"count":1,"href":"https:\/\/motionte.com\/az\/wp-json\/wp\/v2\/product\/4490\/revisions"}],"predecessor-version":[{"id":6892,"href":"https:\/\/motionte.com\/az\/wp-json\/wp\/v2\/product\/4490\/revisions\/6892"}],"wp:featuredmedia":[{"embeddable":true,"href":"https:\/\/motionte.com\/az\/wp-json\/wp\/v2\/media\/5544"}],"wp:attachment":[{"href":"https:\/\/motionte.com\/az\/wp-json\/wp\/v2\/media?parent=4490"}],"wp:term":[{"taxonomy":"brand","embeddable":true,"href":"https:\/\/motionte.com\/az\/wp-json\/wp\/v2\/etheme_brands?post=4490"},{"taxonomy":"product_cat","embeddable":true,"href":"https:\/\/motionte.com\/az\/wp-json\/wp\/v2\/product_cat?post=4490"},{"taxonomy":"product_tag","embeddable":true,"href":"https:\/\/motionte.com\/az\/wp-json\/wp\/v2\/product_tag?post=4490"}],"curies":[{"name":"wp","href":"https:\/\/api.w.org\/{rel}","templated":true}]}}