{"id":4489,"date":"2024-10-21T00:02:08","date_gmt":"2024-10-21T00:02:08","guid":{"rendered":"https:\/\/motionte.com\/product\/helisel-qurd-disli-motor\/"},"modified":"2025-03-05T19:39:52","modified_gmt":"2025-03-05T19:39:52","slug":"helisel-qurd-disli-motor","status":"publish","type":"product","link":"https:\/\/motionte.com\/az\/product\/helisel-qurd-disli-motor\/","title":{"rendered":"Helisel Qurd Di\u015fli Motor"},"content":{"rendered":"<p>Spiral v\u0259 qurd di\u015flil\u0259rin birl\u0259\u015fm\u0259si azald\u0131lm\u0131\u015f korpusda m\u00fcxt\u0259lif f\u0131rlanma momenti v\u0259 s\u00fcr\u0259t variantlar\u0131 t\u0259klif edir. Sad\u0259 qurd di\u015fli qur\u011fular\u0131 il\u0259 m\u00fcqayis\u0259d\u0259 azald\u0131lm\u0131\u015f s\u0259s-k\u00fcy v\u0259 artan s\u0259m\u0259r\u0259lilik il\u0259 IRSD Seriyas\u0131 m\u00fcxt\u0259lif t\u0259tbiql\u0259r \u00fc\u00e7\u00fcn \u0259la h\u0259ll t\u0259klif edir.<\/p>\n","protected":false},"excerpt":{"rendered":"<h5>Qurd di\u015fli qur\u011fular\u0131, IRSD seriyas\u0131 y\u00fcks\u0259k nisb\u0259tl\u0259r\u0259 ehtiyac\u0131 olan sad\u0259 t\u0259tbiql\u0259r \u00fc\u00e7\u00fcn \u0259n yax\u015f\u0131 h\u0259ll yolu olaraq qal\u0131r. S\u00fcr\u0259t qutusunun dizayn\u0131 onu \u00e7ox q\u0259na\u0259tcil edir. <\/h5>\n","protected":false},"featured_media":5547,"comment_status":"open","ping_status":"closed","template":"","meta":{"om_disable_all_campaigns":false,"_monsterinsights_skip_tracking":false,"_monsterinsights_sitenote_active":false,"_monsterinsights_sitenote_note":"","_monsterinsights_sitenote_category":0},"etheme_brands":[],"product_cat":[207,150],"product_tag":[],"class_list":{"0":"post-4489","1":"product","2":"type-product","3":"status-publish","4":"has-post-thumbnail","6":"product_cat-surt-qutulari","7":"product_cat-muhrrik-reduktorlar","9":"first","10":"instock","11":"shipping-taxable","12":"product-type-simple"},"aioseo_notices":[],"_links":{"self":[{"href":"https:\/\/motionte.com\/az\/wp-json\/wp\/v2\/product\/4489","targetHints":{"allow":["GET"]}}],"collection":[{"href":"https:\/\/motionte.com\/az\/wp-json\/wp\/v2\/product"}],"about":[{"href":"https:\/\/motionte.com\/az\/wp-json\/wp\/v2\/types\/product"}],"replies":[{"embeddable":true,"href":"https:\/\/motionte.com\/az\/wp-json\/wp\/v2\/comments?post=4489"}],"version-history":[{"count":1,"href":"https:\/\/motionte.com\/az\/wp-json\/wp\/v2\/product\/4489\/revisions"}],"predecessor-version":[{"id":6895,"href":"https:\/\/motionte.com\/az\/wp-json\/wp\/v2\/product\/4489\/revisions\/6895"}],"wp:featuredmedia":[{"embeddable":true,"href":"https:\/\/motionte.com\/az\/wp-json\/wp\/v2\/media\/5547"}],"wp:attachment":[{"href":"https:\/\/motionte.com\/az\/wp-json\/wp\/v2\/media?parent=4489"}],"wp:term":[{"taxonomy":"brand","embeddable":true,"href":"https:\/\/motionte.com\/az\/wp-json\/wp\/v2\/etheme_brands?post=4489"},{"taxonomy":"product_cat","embeddable":true,"href":"https:\/\/motionte.com\/az\/wp-json\/wp\/v2\/product_cat?post=4489"},{"taxonomy":"product_tag","embeddable":true,"href":"https:\/\/motionte.com\/az\/wp-json\/wp\/v2\/product_tag?post=4489"}],"curies":[{"name":"wp","href":"https:\/\/api.w.org\/{rel}","templated":true}]}}