{"id":4488,"date":"2024-10-21T00:05:41","date_gmt":"2024-10-21T00:05:41","guid":{"rendered":"https:\/\/motionte.com\/product\/saftli-oturucu-2\/"},"modified":"2025-03-05T19:39:53","modified_gmt":"2025-03-05T19:39:53","slug":"saftli-oturucu-2","status":"publish","type":"product","link":"https:\/\/motionte.com\/az\/product\/saftli-oturucu-2\/","title":{"rendered":"\u015eaftl\u0131 \u00d6t\u00fcr\u00fcc\u00fc"},"content":{"rendered":"<h5 class=\"gdlr-core-toggle-box-item-title gdlr-core-js \">M\u018fHSULUN \u00dcST\u00dcNL\u018fR\u0130<\/h5>\n<div class=\"gdlr-core-toggle-box-item-content\">\n<p><i class=\"fa fa-plus-square-o \"><\/i>Asan montaj<br \/>\n<i class=\"fa fa-plus-square-o \"><\/i> Geri dayanma funksiyas\u0131<br \/>\n<i class=\"fa fa-plus-square-o \"><\/i> A\u011f\u0131r y\u00fck m\u00fcqavim\u0259ti<br \/>\n<i class=\"fa fa-plus-square-o \"><\/i> Asan t\u0259mizlik v\u0259 toza davaml\u0131l\u0131q \u00fc\u00e7\u00fcn n\u0259z\u0259rd\u0259 tutulmu\u015fdur<\/p>\n<\/div>\n","protected":false},"excerpt":{"rendered":"<h5>Vala qura\u015fd\u0131r\u0131lm\u0131\u015f di\u015fli seriyas\u0131 (IRO) karxanalar v\u0259 m\u0259d\u0259n sektorlar\u0131 \u00fc\u00e7\u00fcn \u0259n yax\u015f\u0131 h\u0259ll\u0259rdir. S\u00fcr\u0259t qutular\u0131n\u0131n arxa dayanma x\u00fcsusiyy\u0259ti siz\u0259 meylli konveyerl\u0259riniz\u0259 v\u0259 ya t\u0259tbiql\u0259riniz\u0259 a\u011f\u0131r y\u00fckl\u0259r y\u00fckl\u0259m\u0259y\u0259 imkan verir. IRO seriyas\u0131 h\u0259m\u00e7inin a\u015fa\u011f\u0131 texniki xidm\u0259t v\u0259 y\u00fcks\u0259k etibarl\u0131l\u0131q il\u0259 siz\u0259 k\u00f6m\u0259k edir.  <\/h5>\n","protected":false},"featured_media":5550,"comment_status":"open","ping_status":"closed","template":"","meta":{"om_disable_all_campaigns":false,"_monsterinsights_skip_tracking":false,"_monsterinsights_sitenote_active":false,"_monsterinsights_sitenote_note":"","_monsterinsights_sitenote_category":0},"etheme_brands":[],"product_cat":[207,150],"product_tag":[],"class_list":{"0":"post-4488","1":"product","2":"type-product","3":"status-publish","4":"has-post-thumbnail","6":"product_cat-surt-qutulari","7":"product_cat-muhrrik-reduktorlar","9":"first","10":"instock","11":"shipping-taxable","12":"product-type-simple"},"aioseo_notices":[],"_links":{"self":[{"href":"https:\/\/motionte.com\/az\/wp-json\/wp\/v2\/product\/4488","targetHints":{"allow":["GET"]}}],"collection":[{"href":"https:\/\/motionte.com\/az\/wp-json\/wp\/v2\/product"}],"about":[{"href":"https:\/\/motionte.com\/az\/wp-json\/wp\/v2\/types\/product"}],"replies":[{"embeddable":true,"href":"https:\/\/motionte.com\/az\/wp-json\/wp\/v2\/comments?post=4488"}],"version-history":[{"count":1,"href":"https:\/\/motionte.com\/az\/wp-json\/wp\/v2\/product\/4488\/revisions"}],"predecessor-version":[{"id":6897,"href":"https:\/\/motionte.com\/az\/wp-json\/wp\/v2\/product\/4488\/revisions\/6897"}],"wp:featuredmedia":[{"embeddable":true,"href":"https:\/\/motionte.com\/az\/wp-json\/wp\/v2\/media\/5550"}],"wp:attachment":[{"href":"https:\/\/motionte.com\/az\/wp-json\/wp\/v2\/media?parent=4488"}],"wp:term":[{"taxonomy":"brand","embeddable":true,"href":"https:\/\/motionte.com\/az\/wp-json\/wp\/v2\/etheme_brands?post=4488"},{"taxonomy":"product_cat","embeddable":true,"href":"https:\/\/motionte.com\/az\/wp-json\/wp\/v2\/product_cat?post=4488"},{"taxonomy":"product_tag","embeddable":true,"href":"https:\/\/motionte.com\/az\/wp-json\/wp\/v2\/product_tag?post=4488"}],"curies":[{"name":"wp","href":"https:\/\/api.w.org\/{rel}","templated":true}]}}