{"id":4487,"date":"2024-10-21T00:14:13","date_gmt":"2024-10-21T00:14:13","guid":{"rendered":"https:\/\/motionte.com\/product\/saftli-oturucu\/"},"modified":"2025-03-05T19:39:50","modified_gmt":"2025-03-05T19:39:50","slug":"saftli-oturucu","status":"publish","type":"product","link":"https:\/\/motionte.com\/az\/product\/saftli-oturucu\/","title":{"rendered":"\u015eaftl\u0131 \u00d6t\u00fcr\u00fcc\u00fc"},"content":{"rendered":"<h5 class=\"gdlr-core-toggle-box-item-title gdlr-core-js \">M\u018fHSULUN \u00dcST\u00dcNL\u018fR\u0130<\/h5>\n<div class=\"gdlr-core-toggle-box-item-content\">\n<p><i class=\"fa fa-plus-square-o \"><\/i>Asan montaj<br \/>\n<i class=\"fa fa-plus-square-o \"><\/i> Geri dayanma funksiyas\u0131<br \/>\n<i class=\"fa fa-plus-square-o \"><\/i> Kompakt dizayn<br \/>\n<i class=\"fa fa-plus-square-o \"><\/i> Geni\u015f se\u00e7im \u00e7e\u015fidi<\/p>\n<\/div>\n","protected":false},"excerpt":{"rendered":"<h5>M\u00fcasir s\u0259nayenin s\u0259rt v\u0259 s\u0259rt m\u00fchiti \u00fc\u00e7\u00fcn x\u00fcsusi olaraq haz\u0131rlanm\u0131\u015f IRNX Series toplu materiallar\u0131n da\u015f\u0131nmas\u0131, m\u0259d\u0259n\u00e7\u0131xarma v\u0259 sement s\u0259nayesi \u00fc\u00e7\u00fcn \u0259n yax\u015f\u0131 h\u0259ll\u0259rdir.<\/h5>\n<h5>\u015eafta qura\u015fd\u0131r\u0131lm\u0131\u015f x\u00fcsusiyy\u0259t s\u00fcr\u0259t qutular\u0131n\u0131 bir \u00e7ox m\u00fcxt\u0259lif t\u0259tbiql\u0259r\u0259 birba\u015fa qura\u015fd\u0131rmaq imkan\u0131 verir. IRNX Series-in s\u00fcr\u0259tli v\u0259 asan montaj\u0131 v\u0259 y\u00fcks\u0259k universall\u0131\u011f\u0131 h\u0259m d\u0259 bahal\u0131 dayanma vaxtlar\u0131n\u0131 m\u0259hdudla\u015fd\u0131rmaq \u00fc\u00e7\u00fcn s\u00fcr\u0259tli v\u0259 s\u00fcr\u0259tli h\u0259r\u0259k\u0259t\u0259 imkan verir. <\/h5>\n","protected":false},"featured_media":5553,"comment_status":"open","ping_status":"closed","template":"","meta":{"om_disable_all_campaigns":false,"_monsterinsights_skip_tracking":false,"_monsterinsights_sitenote_active":false,"_monsterinsights_sitenote_note":"","_monsterinsights_sitenote_category":0},"etheme_brands":[],"product_cat":[207,150],"product_tag":[],"class_list":{"0":"post-4487","1":"product","2":"type-product","3":"status-publish","4":"has-post-thumbnail","6":"product_cat-surt-qutulari","7":"product_cat-muhrrik-reduktorlar","9":"first","10":"instock","11":"shipping-taxable","12":"product-type-simple"},"aioseo_notices":[],"_links":{"self":[{"href":"https:\/\/motionte.com\/az\/wp-json\/wp\/v2\/product\/4487","targetHints":{"allow":["GET"]}}],"collection":[{"href":"https:\/\/motionte.com\/az\/wp-json\/wp\/v2\/product"}],"about":[{"href":"https:\/\/motionte.com\/az\/wp-json\/wp\/v2\/types\/product"}],"replies":[{"embeddable":true,"href":"https:\/\/motionte.com\/az\/wp-json\/wp\/v2\/comments?post=4487"}],"version-history":[{"count":1,"href":"https:\/\/motionte.com\/az\/wp-json\/wp\/v2\/product\/4487\/revisions"}],"predecessor-version":[{"id":6888,"href":"https:\/\/motionte.com\/az\/wp-json\/wp\/v2\/product\/4487\/revisions\/6888"}],"wp:featuredmedia":[{"embeddable":true,"href":"https:\/\/motionte.com\/az\/wp-json\/wp\/v2\/media\/5553"}],"wp:attachment":[{"href":"https:\/\/motionte.com\/az\/wp-json\/wp\/v2\/media?parent=4487"}],"wp:term":[{"taxonomy":"brand","embeddable":true,"href":"https:\/\/motionte.com\/az\/wp-json\/wp\/v2\/etheme_brands?post=4487"},{"taxonomy":"product_cat","embeddable":true,"href":"https:\/\/motionte.com\/az\/wp-json\/wp\/v2\/product_cat?post=4487"},{"taxonomy":"product_tag","embeddable":true,"href":"https:\/\/motionte.com\/az\/wp-json\/wp\/v2\/product_tag?post=4487"}],"curies":[{"name":"wp","href":"https:\/\/api.w.org\/{rel}","templated":true}]}}