{"id":4486,"date":"2024-10-21T00:17:36","date_gmt":"2024-10-21T00:17:36","guid":{"rendered":"https:\/\/motionte.com\/product\/s%c9%99naye-oturucu-cihaz\/"},"modified":"2025-07-02T12:03:58","modified_gmt":"2025-07-02T12:03:58","slug":"s%c9%99naye-oturucu-cihaz","status":"publish","type":"product","link":"https:\/\/motionte.com\/az\/product\/s%c9%99naye-oturucu-cihaz\/","title":{"rendered":"??? S\u0259naye \u00d6t\u00fcr\u00fcc\u00fc Cihaz"},"content":{"rendered":"<h5 class=\"gdlr-core-toggle-box-item-title gdlr-core-js \">M\u018fHSULUN \u00dcST\u00dcNL\u018fR\u0130<\/h5>\n<div class=\"gdlr-core-toggle-box-item-content\">\n<p><i class=\"fa fa-plus-square-o \"><\/i>M\u00f6hk\u0259m v\u0259 davaml\u0131 korpus<br \/>\n<i class=\"fa fa-plus-square-o \"><\/i> Y\u00fcks\u0259k di\u015fli nisb\u0259ti<br \/>\n<i class=\"fa fa-plus-square-o \"><\/i> Y\u00fcks\u0259k tork v\u0259 xidm\u0259t faktoru<br \/>\n<i class=\"fa fa-plus-square-o \"><\/i> Uzun \u0259m\u0259liyyat m\u00fcdd\u0259ti<\/p>\n<\/div>\n","protected":false},"excerpt":{"rendered":"<h5>A\u011f\u0131r s\u0259naye v\u0259zif\u0259l\u0259ri \u00fc\u00e7\u00fcn n\u0259z\u0259rd\u0259 tutulmu\u015f A \/ AE seriyas\u0131 \u00e7\u0259tin m\u00fchit\u0259 v\u0259 v\u0259zif\u0259l\u0259r\u0259 m\u00fck\u0259mm\u0259l uy\u011funla\u015fman\u0131n \u00fcst\u00fcnl\u00fckl\u0259rini t\u0259qdim edir. \u00d6t\u00fcr\u00fcc\u00fcl\u0259r uzun v\u0259 a\u011f\u0131r \u0259m\u0259liyyatlar zaman\u0131 s\u0259s-k\u00fcy\u00fcn v\u0259 vibrasiyan\u0131n qar\u015f\u0131s\u0131n\u0131 alma\u011fa k\u00f6m\u0259k etm\u0259k \u00fc\u00e7\u00fcn n\u0259z\u0259rd\u0259 tutulmu\u015fdur.<\/h5>\n","protected":false},"featured_media":5556,"comment_status":"open","ping_status":"closed","template":"","meta":{"om_disable_all_campaigns":false,"_monsterinsights_skip_tracking":false,"_monsterinsights_sitenote_active":false,"_monsterinsights_sitenote_note":"","_monsterinsights_sitenote_category":0},"etheme_brands":[],"product_cat":[207,150],"product_tag":[],"class_list":{"0":"post-4486","1":"product","2":"type-product","3":"status-publish","4":"has-post-thumbnail","6":"product_cat-surt-qutulari","7":"product_cat-muhrrik-reduktorlar","9":"first","10":"instock","11":"shipping-taxable","12":"product-type-simple"},"aioseo_notices":[],"_links":{"self":[{"href":"https:\/\/motionte.com\/az\/wp-json\/wp\/v2\/product\/4486","targetHints":{"allow":["GET"]}}],"collection":[{"href":"https:\/\/motionte.com\/az\/wp-json\/wp\/v2\/product"}],"about":[{"href":"https:\/\/motionte.com\/az\/wp-json\/wp\/v2\/types\/product"}],"replies":[{"embeddable":true,"href":"https:\/\/motionte.com\/az\/wp-json\/wp\/v2\/comments?post=4486"}],"version-history":[{"count":3,"href":"https:\/\/motionte.com\/az\/wp-json\/wp\/v2\/product\/4486\/revisions"}],"predecessor-version":[{"id":7195,"href":"https:\/\/motionte.com\/az\/wp-json\/wp\/v2\/product\/4486\/revisions\/7195"}],"wp:featuredmedia":[{"embeddable":true,"href":"https:\/\/motionte.com\/az\/wp-json\/wp\/v2\/media\/5556"}],"wp:attachment":[{"href":"https:\/\/motionte.com\/az\/wp-json\/wp\/v2\/media?parent=4486"}],"wp:term":[{"taxonomy":"brand","embeddable":true,"href":"https:\/\/motionte.com\/az\/wp-json\/wp\/v2\/etheme_brands?post=4486"},{"taxonomy":"product_cat","embeddable":true,"href":"https:\/\/motionte.com\/az\/wp-json\/wp\/v2\/product_cat?post=4486"},{"taxonomy":"product_tag","embeddable":true,"href":"https:\/\/motionte.com\/az\/wp-json\/wp\/v2\/product_tag?post=4486"}],"curies":[{"name":"wp","href":"https:\/\/api.w.org\/{rel}","templated":true}]}}