{"id":4485,"date":"2024-10-21T00:21:38","date_gmt":"2024-10-21T00:21:38","guid":{"rendered":"https:\/\/motionte.com\/product\/monoblok-s%c9%99naye-oturucu\/"},"modified":"2025-07-02T12:05:17","modified_gmt":"2025-07-02T12:05:17","slug":"ma-mk-seriayali-monoblok-agir-isler-ucun-reduktorler","status":"publish","type":"product","link":"https:\/\/motionte.com\/az\/product\/ma-mk-seriayali-monoblok-agir-isler-ucun-reduktorler\/","title":{"rendered":"MA\/MK SER\u0130AYALI MONOBLOK A\u011eIR \u0130\u015eL\u018fR \u00dc\u00c7\u00dcN RED\u00dcKT\u00d6RLER"},"content":{"rendered":"","protected":false},"excerpt":{"rendered":"<p>G\u00d6VD\u018f GG22 DIN 1691 \u00c7UQUN MATER\u0130ALINDAN, D\u0130\u015eL\u0130 \u00c7ARXLAR DIN 16MNCR5 (SAE 8620) SEMENTL\u018fNM\u0130\u015e POLADDAN HAZIRLANMI\u015eDIR. \u0130ST\u0130L\u0130K PROSES\u0130 (HRC 57), \u0130L\u018f S\u018fRTL\u018f\u015eD\u0130R\u0130LM\u0130\u015e D\u0130\u015eL\u0130L\u018fR CNC D\u018fZGAHLARI \u0130L\u018f DIN 58405, 7E KEYF\u0130YY\u018fT\u0130ND\u018f \u0130STEHSAL OLUNUR. SAE 1050, DIN 42CRMO4 (SAE 4140) VALLARI \u0130ST\u0130FAD\u018f OLUNUR.<\/p>\n","protected":false},"featured_media":5559,"comment_status":"open","ping_status":"closed","template":"","meta":{"om_disable_all_campaigns":false,"_monsterinsights_skip_tracking":false,"_monsterinsights_sitenote_active":false,"_monsterinsights_sitenote_note":"","_monsterinsights_sitenote_category":0},"etheme_brands":[],"product_cat":[207,150],"product_tag":[],"class_list":{"0":"post-4485","1":"product","2":"type-product","3":"status-publish","4":"has-post-thumbnail","6":"product_cat-surt-qutulari","7":"product_cat-muhrrik-reduktorlar","9":"first","10":"instock","11":"shipping-taxable","12":"product-type-simple"},"aioseo_notices":[],"_links":{"self":[{"href":"https:\/\/motionte.com\/az\/wp-json\/wp\/v2\/product\/4485","targetHints":{"allow":["GET"]}}],"collection":[{"href":"https:\/\/motionte.com\/az\/wp-json\/wp\/v2\/product"}],"about":[{"href":"https:\/\/motionte.com\/az\/wp-json\/wp\/v2\/types\/product"}],"replies":[{"embeddable":true,"href":"https:\/\/motionte.com\/az\/wp-json\/wp\/v2\/comments?post=4485"}],"version-history":[{"count":3,"href":"https:\/\/motionte.com\/az\/wp-json\/wp\/v2\/product\/4485\/revisions"}],"predecessor-version":[{"id":7199,"href":"https:\/\/motionte.com\/az\/wp-json\/wp\/v2\/product\/4485\/revisions\/7199"}],"wp:featuredmedia":[{"embeddable":true,"href":"https:\/\/motionte.com\/az\/wp-json\/wp\/v2\/media\/5559"}],"wp:attachment":[{"href":"https:\/\/motionte.com\/az\/wp-json\/wp\/v2\/media?parent=4485"}],"wp:term":[{"taxonomy":"brand","embeddable":true,"href":"https:\/\/motionte.com\/az\/wp-json\/wp\/v2\/etheme_brands?post=4485"},{"taxonomy":"product_cat","embeddable":true,"href":"https:\/\/motionte.com\/az\/wp-json\/wp\/v2\/product_cat?post=4485"},{"taxonomy":"product_tag","embeddable":true,"href":"https:\/\/motionte.com\/az\/wp-json\/wp\/v2\/product_tag?post=4485"}],"curies":[{"name":"wp","href":"https:\/\/api.w.org\/{rel}","templated":true}]}}