{"id":4484,"date":"2024-10-21T00:27:36","date_gmt":"2024-10-21T00:27:36","guid":{"rendered":"https:\/\/motionte.com\/product\/monoblok-ekstruder-oturucu\/"},"modified":"2025-07-02T12:04:48","modified_gmt":"2025-07-02T12:04:48","slug":"ma-mk-seriayali-monoblok-agir-isler-ucun-reduktorlar","status":"publish","type":"product","link":"https:\/\/motionte.com\/az\/product\/ma-mk-seriayali-monoblok-agir-isler-ucun-reduktorlar\/","title":{"rendered":"MA\/MK SER\u0130AYALI MONOBLOK A\u011eIR \u0130\u015eL\u018fR \u00dc\u00c7\u00dcN REDUKTORLAR"},"content":{"rendered":"","protected":false},"excerpt":{"rendered":"<p>G\u00d6VD\u018f GG22 DIN 1691 \u00c7UQUN MATERIALINDAN, DI\u015eLI \u00c7ARXLAR DIN 16MNCR5 (SAE 8620) SEMENTL\u018fNMI\u015e POLADDAN HAZIRLANMI\u015eDIR. \u0130STILIK PROSESI (HRC 57), IL\u018f S\u018fRTL\u018f\u015eDIRILMI\u015e DI\u015eLIL\u018fR CNC D\u018fZGAHLARI IL\u018f DIN 58405, 7E KEYFIYY\u018fTIND\u018f ISTEHSAL OLUNUR. SAE 1050, DIN 42CRMO4 (SAE 4140) VALLARI ISTIFAD\u018f OLUNUR<\/p>\n","protected":false},"featured_media":5562,"comment_status":"open","ping_status":"closed","template":"","meta":{"om_disable_all_campaigns":false,"_monsterinsights_skip_tracking":false,"_monsterinsights_sitenote_active":false,"_monsterinsights_sitenote_note":"","_monsterinsights_sitenote_category":0},"etheme_brands":[],"product_cat":[207,150],"product_tag":[],"class_list":{"0":"post-4484","1":"product","2":"type-product","3":"status-publish","4":"has-post-thumbnail","6":"product_cat-surt-qutulari","7":"product_cat-muhrrik-reduktorlar","9":"first","10":"instock","11":"shipping-taxable","12":"product-type-simple"},"aioseo_notices":[],"_links":{"self":[{"href":"https:\/\/motionte.com\/az\/wp-json\/wp\/v2\/product\/4484","targetHints":{"allow":["GET"]}}],"collection":[{"href":"https:\/\/motionte.com\/az\/wp-json\/wp\/v2\/product"}],"about":[{"href":"https:\/\/motionte.com\/az\/wp-json\/wp\/v2\/types\/product"}],"replies":[{"embeddable":true,"href":"https:\/\/motionte.com\/az\/wp-json\/wp\/v2\/comments?post=4484"}],"version-history":[{"count":4,"href":"https:\/\/motionte.com\/az\/wp-json\/wp\/v2\/product\/4484\/revisions"}],"predecessor-version":[{"id":7197,"href":"https:\/\/motionte.com\/az\/wp-json\/wp\/v2\/product\/4484\/revisions\/7197"}],"wp:featuredmedia":[{"embeddable":true,"href":"https:\/\/motionte.com\/az\/wp-json\/wp\/v2\/media\/5562"}],"wp:attachment":[{"href":"https:\/\/motionte.com\/az\/wp-json\/wp\/v2\/media?parent=4484"}],"wp:term":[{"taxonomy":"brand","embeddable":true,"href":"https:\/\/motionte.com\/az\/wp-json\/wp\/v2\/etheme_brands?post=4484"},{"taxonomy":"product_cat","embeddable":true,"href":"https:\/\/motionte.com\/az\/wp-json\/wp\/v2\/product_cat?post=4484"},{"taxonomy":"product_tag","embeddable":true,"href":"https:\/\/motionte.com\/az\/wp-json\/wp\/v2\/product_tag?post=4484"}],"curies":[{"name":"wp","href":"https:\/\/api.w.org\/{rel}","templated":true}]}}