{"id":4483,"date":"2024-10-21T00:32:40","date_gmt":"2024-10-21T00:32:40","guid":{"rendered":"https:\/\/motionte.com\/product\/aerator-oturucu-qurgu\/"},"modified":"2025-03-05T19:39:53","modified_gmt":"2025-03-05T19:39:53","slug":"aerator-oturucu-qurgu","status":"publish","type":"product","link":"https:\/\/motionte.com\/az\/product\/aerator-oturucu-qurgu\/","title":{"rendered":"Aerator \u00d6t\u00fcr\u00fcc\u00fc Qur\u011fu"},"content":{"rendered":"<h5 class=\"gdlr-core-toggle-box-item-title gdlr-core-js \">M\u018fHSULUN \u00dcST\u00dcNL\u018fR\u0130<\/h5>\n<div class=\"gdlr-core-toggle-box-item-content\">\n<p><i class=\"fa fa-plus-square-o \"><\/i>Ayaq v\u0259 flan\u015flar\u0131n qura\u015fd\u0131r\u0131lmas\u0131 m\u00f6vcuddur<br \/>\n<i class=\"fa fa-plus-square-o \"><\/i> Birba\u015fa mil \u00fcz\u0259rind\u0259 y\u00fcks\u0259k y\u00fck istehlak\u0131<br \/>\n<i class=\"fa fa-plus-square-o \"><\/i> X\u00fcsusi s\u0131zd\u0131rmazl\u0131q sisteml\u0259ri il\u0259 \u0259lav\u0259 qorunma<\/p>\n<\/div>\n","protected":false},"excerpt":{"rendered":"<h5>Qar\u0131\u015fd\u0131r\u0131c\u0131lar, qar\u0131\u015fd\u0131r\u0131c\u0131lar v\u0259 aeratorlar \u00fc\u00e7\u00fcn n\u0259z\u0259rd\u0259 tutulmu\u015f x\u00fcsusi 4DSM a\u011f\u0131r v\u0259 m\u00fcr\u0259kk\u0259b t\u0259tbiql\u0259riniz \u00fc\u00e7\u00fcn \u0259n yax\u015f\u0131 h\u0259ll\u0259rdir. \u00dc\u00e7 \u00f6l\u00e7\u00fcl\u00fc korpusda m\u00f6vcud olan 4DSM bir \u00e7ox \u015f\u0259rait\u0259 uy\u011funla\u015fmaq v\u0259 uy\u011funla\u015fmaq \u00fc\u00e7\u00fcn bir ne\u00e7\u0259 f\u0259rqli konfiqurasiyaya malikdir. <\/h5>\n","protected":false},"featured_media":5565,"comment_status":"open","ping_status":"closed","template":"","meta":{"om_disable_all_campaigns":false,"_monsterinsights_skip_tracking":false,"_monsterinsights_sitenote_active":false,"_monsterinsights_sitenote_note":"","_monsterinsights_sitenote_category":0},"etheme_brands":[],"product_cat":[207,150],"product_tag":[],"class_list":{"0":"post-4483","1":"product","2":"type-product","3":"status-publish","4":"has-post-thumbnail","6":"product_cat-surt-qutulari","7":"product_cat-muhrrik-reduktorlar","9":"first","10":"instock","11":"shipping-taxable","12":"product-type-simple"},"aioseo_notices":[],"_links":{"self":[{"href":"https:\/\/motionte.com\/az\/wp-json\/wp\/v2\/product\/4483","targetHints":{"allow":["GET"]}}],"collection":[{"href":"https:\/\/motionte.com\/az\/wp-json\/wp\/v2\/product"}],"about":[{"href":"https:\/\/motionte.com\/az\/wp-json\/wp\/v2\/types\/product"}],"replies":[{"embeddable":true,"href":"https:\/\/motionte.com\/az\/wp-json\/wp\/v2\/comments?post=4483"}],"version-history":[{"count":1,"href":"https:\/\/motionte.com\/az\/wp-json\/wp\/v2\/product\/4483\/revisions"}],"predecessor-version":[{"id":6896,"href":"https:\/\/motionte.com\/az\/wp-json\/wp\/v2\/product\/4483\/revisions\/6896"}],"wp:featuredmedia":[{"embeddable":true,"href":"https:\/\/motionte.com\/az\/wp-json\/wp\/v2\/media\/5565"}],"wp:attachment":[{"href":"https:\/\/motionte.com\/az\/wp-json\/wp\/v2\/media?parent=4483"}],"wp:term":[{"taxonomy":"brand","embeddable":true,"href":"https:\/\/motionte.com\/az\/wp-json\/wp\/v2\/etheme_brands?post=4483"},{"taxonomy":"product_cat","embeddable":true,"href":"https:\/\/motionte.com\/az\/wp-json\/wp\/v2\/product_cat?post=4483"},{"taxonomy":"product_tag","embeddable":true,"href":"https:\/\/motionte.com\/az\/wp-json\/wp\/v2\/product_tag?post=4483"}],"curies":[{"name":"wp","href":"https:\/\/api.w.org\/{rel}","templated":true}]}}