{"id":4482,"date":"2024-10-21T00:41:38","date_gmt":"2024-10-21T00:41:38","guid":{"rendered":"https:\/\/motionte.com\/product\/planet-oturucu-qurgu\/"},"modified":"2025-07-02T11:25:06","modified_gmt":"2025-07-02T11:25:06","slug":"ipr-iprk-seriyali-planetar-reduktorlar","status":"publish","type":"product","link":"https:\/\/motionte.com\/az\/product\/ipr-iprk-seriyali-planetar-reduktorlar\/","title":{"rendered":"IPR\/IPRK SER\u0130YALI PLANETAR RED\u00dcKT\u00d6RLAR"},"content":{"rendered":"<div class=\"short-description\">\n<div class=\"woocommerce-product-details__short-description\">\n<p>20-D\u018fN \u00c7OX STANDART \u00d6L\u00c7\u00dcL\u00dc G\u00d6VD\u018fS\u0130 OLAN IPR M\u018fHSUL \u00c7E\u015e\u0130D\u0130 ARTIQ 1.000.000-DAN \u00c7OX M\u018fHSULU REFERANSA MAL\u0130K OLAN I-MAK M\u018fHSUL \u00c7E\u015e\u0130D\u0130N\u018f \u018fLAV\u018f ED\u0130LM\u0130\u015eD\u0130R.<\/p>\n<\/div>\n<\/div>\n<h5 class=\"catcbll_preview_button\"><\/h5>\n","protected":false},"excerpt":{"rendered":"<p>IPR\/IPRK SER\u0130YALI REDUKTORLAR K\u0130\u00c7\u0130K H\u018fCML\u018fRD\u018f Y\u00dcKS\u018fK FIRLANMA MOMENT\u0130 T\u018fL\u018fB ED\u018fN T\u018fTB\u0130QL\u018fR V\u018f M\u00dc\u018fSS\u0130S\u018fL\u018fR \u00dc\u00c7\u00dcN X\u00dcSUS\u0130 OLARAQ HAZIRLANMI\u015eDIR. IPR\/IPRK SER\u0130YALI REDUKTORLAR N\u018f\u0130NK\u0130 K\u0130\u00c7\u0130K \u00d6L\u00c7\u00dcL\u018fRD\u018f, Y\u00dcKS\u018fK TORK T\u018fL\u018fBL\u018fR\u0130N\u0130 T\u018fM\u0130N ED\u0130R, H\u018fM D\u018f GEN\u0130\u015e KONF\u0130QURAS\u0130YALARI \u0130L\u018f M\u00dcXT\u018fL\u0130F SAH\u018fL\u018fR\u0130ND\u018f \u0130ST\u0130FAD\u018f OLUNUR. 1000 N.M \u2013 2.500.000 N.M MOMENT D\u0130APAZONUNA MAL\u0130K OLAN IPR\/IPRK SER\u0130YALI REDUKTORLAR QAZMA, D\u018fN\u0130Z, M\u018fD\u018fN\u00c7\u0130L\u0130K, MOB\u0130L V\u018f S\u018fNAYE T\u018fTB\u0130QL\u018fR\u0130 \u00dc\u00c7\u00dcN \u00c7OX UY\u011eUNDUR.<\/p>\n","protected":false},"featured_media":5568,"comment_status":"open","ping_status":"closed","template":"","meta":{"om_disable_all_campaigns":false,"_monsterinsights_skip_tracking":false,"_monsterinsights_sitenote_active":false,"_monsterinsights_sitenote_note":"","_monsterinsights_sitenote_category":0},"etheme_brands":[],"product_cat":[207,150],"product_tag":[],"class_list":{"0":"post-4482","1":"product","2":"type-product","3":"status-publish","4":"has-post-thumbnail","6":"product_cat-surt-qutulari","7":"product_cat-muhrrik-reduktorlar","9":"first","10":"instock","11":"shipping-taxable","12":"product-type-simple"},"aioseo_notices":[],"_links":{"self":[{"href":"https:\/\/motionte.com\/az\/wp-json\/wp\/v2\/product\/4482","targetHints":{"allow":["GET"]}}],"collection":[{"href":"https:\/\/motionte.com\/az\/wp-json\/wp\/v2\/product"}],"about":[{"href":"https:\/\/motionte.com\/az\/wp-json\/wp\/v2\/types\/product"}],"replies":[{"embeddable":true,"href":"https:\/\/motionte.com\/az\/wp-json\/wp\/v2\/comments?post=4482"}],"version-history":[{"count":3,"href":"https:\/\/motionte.com\/az\/wp-json\/wp\/v2\/product\/4482\/revisions"}],"predecessor-version":[{"id":7192,"href":"https:\/\/motionte.com\/az\/wp-json\/wp\/v2\/product\/4482\/revisions\/7192"}],"wp:featuredmedia":[{"embeddable":true,"href":"https:\/\/motionte.com\/az\/wp-json\/wp\/v2\/media\/5568"}],"wp:attachment":[{"href":"https:\/\/motionte.com\/az\/wp-json\/wp\/v2\/media?parent=4482"}],"wp:term":[{"taxonomy":"brand","embeddable":true,"href":"https:\/\/motionte.com\/az\/wp-json\/wp\/v2\/etheme_brands?post=4482"},{"taxonomy":"product_cat","embeddable":true,"href":"https:\/\/motionte.com\/az\/wp-json\/wp\/v2\/product_cat?post=4482"},{"taxonomy":"product_tag","embeddable":true,"href":"https:\/\/motionte.com\/az\/wp-json\/wp\/v2\/product_tag?post=4482"}],"curies":[{"name":"wp","href":"https:\/\/api.w.org\/{rel}","templated":true}]}}