{"id":4481,"date":"2024-10-21T00:44:42","date_gmt":"2024-10-21T00:44:42","guid":{"rendered":"https:\/\/motionte.com\/product\/xususi-tip-oturucu\/"},"modified":"2025-03-05T19:39:57","modified_gmt":"2025-03-05T19:39:57","slug":"xususi-tip-oturucu","status":"publish","type":"product","link":"https:\/\/motionte.com\/az\/product\/xususi-tip-oturucu\/","title":{"rendered":"X\u00fcsusi Tip \u00d6t\u00fcr\u00fcc\u00fc"},"content":{"rendered":"<div class=\"short-description\">\n<div class=\"woocommerce-product-details__short-description\">\n<p>M\u00fcxt\u0259lif t\u0259tbiql\u0259r v\u0259 sektorlar \u00fc\u00e7\u00fcn X\u00fcsusi Tip \u00d6t\u00fcr\u00fcc\u00fcl\u0259r\u2026<\/p>\n<\/div>\n<\/div>\n<div class=\"catcbll_preview_button\"><\/div>\n","protected":false},"excerpt":{"rendered":"<div class=\"short-description\">\n<div class=\"woocommerce-product-details__short-description\">\n<h5>M\u00fcxt\u0259lif t\u0259tbiql\u0259r v\u0259 sektorlar \u00fc\u00e7\u00fcn X\u00fcsusi Tip \u00d6t\u00fcr\u00fcc\u00fcl\u0259r\u2026<\/h5>\n<\/div>\n<\/div>\n<div class=\"catcbll_preview_button\"><\/div>\n","protected":false},"featured_media":5571,"comment_status":"open","ping_status":"closed","template":"","meta":{"om_disable_all_campaigns":false,"_monsterinsights_skip_tracking":false,"_monsterinsights_sitenote_active":false,"_monsterinsights_sitenote_note":"","_monsterinsights_sitenote_category":0},"etheme_brands":[],"product_cat":[207,150],"product_tag":[],"class_list":{"0":"post-4481","1":"product","2":"type-product","3":"status-publish","4":"has-post-thumbnail","6":"product_cat-surt-qutulari","7":"product_cat-muhrrik-reduktorlar","9":"first","10":"instock","11":"shipping-taxable","12":"product-type-simple"},"aioseo_notices":[],"_links":{"self":[{"href":"https:\/\/motionte.com\/az\/wp-json\/wp\/v2\/product\/4481","targetHints":{"allow":["GET"]}}],"collection":[{"href":"https:\/\/motionte.com\/az\/wp-json\/wp\/v2\/product"}],"about":[{"href":"https:\/\/motionte.com\/az\/wp-json\/wp\/v2\/types\/product"}],"replies":[{"embeddable":true,"href":"https:\/\/motionte.com\/az\/wp-json\/wp\/v2\/comments?post=4481"}],"version-history":[{"count":1,"href":"https:\/\/motionte.com\/az\/wp-json\/wp\/v2\/product\/4481\/revisions"}],"predecessor-version":[{"id":6902,"href":"https:\/\/motionte.com\/az\/wp-json\/wp\/v2\/product\/4481\/revisions\/6902"}],"wp:featuredmedia":[{"embeddable":true,"href":"https:\/\/motionte.com\/az\/wp-json\/wp\/v2\/media\/5571"}],"wp:attachment":[{"href":"https:\/\/motionte.com\/az\/wp-json\/wp\/v2\/media?parent=4481"}],"wp:term":[{"taxonomy":"brand","embeddable":true,"href":"https:\/\/motionte.com\/az\/wp-json\/wp\/v2\/etheme_brands?post=4481"},{"taxonomy":"product_cat","embeddable":true,"href":"https:\/\/motionte.com\/az\/wp-json\/wp\/v2\/product_cat?post=4481"},{"taxonomy":"product_tag","embeddable":true,"href":"https:\/\/motionte.com\/az\/wp-json\/wp\/v2\/product_tag?post=4481"}],"curies":[{"name":"wp","href":"https:\/\/api.w.org\/{rel}","templated":true}]}}