{"id":4480,"date":"2024-10-21T00:48:26","date_gmt":"2024-10-21T00:48:26","guid":{"rendered":"https:\/\/motionte.com\/product\/xususi-tip-oturucu-adk-seriyasi\/"},"modified":"2025-07-02T11:21:09","modified_gmt":"2025-07-02T11:21:09","slug":"adk-seriyali-xususi-reduktor-novleri","status":"publish","type":"product","link":"https:\/\/motionte.com\/az\/product\/adk-seriyali-xususi-reduktor-novleri\/","title":{"rendered":"ADK SER\u0130YALI X\u00dcSUSI REDUKTOR N\u00d6VL\u018fRI"},"content":{"rendered":"<p>\u00c7IXI\u015e M\u0130L\u0130 M\u018fSAF\u018fS\u0130 AVADANLI\u011eIN D\u0130ZAYNINA V\u018f KONF\u0130QURAS\u0130YASINA UY\u011eUNLA\u015eA B\u0130L\u018fR.<\/p>\n<p>BU UN\u0130KAL H\u018fLL HAQQINDA \u018fTRAFLI M\u018fLUMAT \u00dc\u00c7\u00dcN EKSPERT KOMANDAMIZLA \u018fLAQ\u018f SAXLAYIN.<\/p>\n","protected":false},"excerpt":{"rendered":"<p>RULON FORMA S\u018fNAYES\u0130 \u00dc\u00c7\u00dcN, YEN\u0130 ADK-NIN KONF\u0130QURAS\u0130YASI V\u018f X\u00dcSUS\u0130YY\u018fTL\u018fR\u0130, RULON FORMA MA\u015eINLAR \u00dc\u00c7\u00dcN N\u018fZ\u018fRD\u018f TUTULMU\u015eDUR. YEN\u0130 ADK \u0130K\u0130L\u0130 G\u0130R\u0130\u015e YIVLI KONF\u0130QURAS\u0130YA \u0130L\u018f HAZIRLANMI\u015eDIR. BU YEN\u0130 KONF\u0130QURAS\u0130YA H\u018fM\u00c7\u0130N\u0130N REDUKTORU T\u018fK V\u018f YA \u0130K\u0130L\u0130 M\u00dcH\u018fRR\u0130KL\u018f \u0130DAR\u018f OLUNMASINA \u0130MKAN VER\u0130R.<\/p>\n","protected":false},"featured_media":5574,"comment_status":"open","ping_status":"closed","template":"","meta":{"om_disable_all_campaigns":false,"_monsterinsights_skip_tracking":false,"_monsterinsights_sitenote_active":false,"_monsterinsights_sitenote_note":"","_monsterinsights_sitenote_category":0},"etheme_brands":[],"product_cat":[207,150],"product_tag":[],"class_list":{"0":"post-4480","1":"product","2":"type-product","3":"status-publish","4":"has-post-thumbnail","6":"product_cat-surt-qutulari","7":"product_cat-muhrrik-reduktorlar","9":"first","10":"instock","11":"shipping-taxable","12":"product-type-simple"},"aioseo_notices":[],"_links":{"self":[{"href":"https:\/\/motionte.com\/az\/wp-json\/wp\/v2\/product\/4480","targetHints":{"allow":["GET"]}}],"collection":[{"href":"https:\/\/motionte.com\/az\/wp-json\/wp\/v2\/product"}],"about":[{"href":"https:\/\/motionte.com\/az\/wp-json\/wp\/v2\/types\/product"}],"replies":[{"embeddable":true,"href":"https:\/\/motionte.com\/az\/wp-json\/wp\/v2\/comments?post=4480"}],"version-history":[{"count":3,"href":"https:\/\/motionte.com\/az\/wp-json\/wp\/v2\/product\/4480\/revisions"}],"predecessor-version":[{"id":7190,"href":"https:\/\/motionte.com\/az\/wp-json\/wp\/v2\/product\/4480\/revisions\/7190"}],"wp:featuredmedia":[{"embeddable":true,"href":"https:\/\/motionte.com\/az\/wp-json\/wp\/v2\/media\/5574"}],"wp:attachment":[{"href":"https:\/\/motionte.com\/az\/wp-json\/wp\/v2\/media?parent=4480"}],"wp:term":[{"taxonomy":"brand","embeddable":true,"href":"https:\/\/motionte.com\/az\/wp-json\/wp\/v2\/etheme_brands?post=4480"},{"taxonomy":"product_cat","embeddable":true,"href":"https:\/\/motionte.com\/az\/wp-json\/wp\/v2\/product_cat?post=4480"},{"taxonomy":"product_tag","embeddable":true,"href":"https:\/\/motionte.com\/az\/wp-json\/wp\/v2\/product_tag?post=4480"}],"curies":[{"name":"wp","href":"https:\/\/api.w.org\/{rel}","templated":true}]}}