{"id":4479,"date":"2024-10-21T00:51:37","date_gmt":"2024-10-21T00:51:37","guid":{"rendered":"https:\/\/motionte.com\/product\/konveyer-lentler\/"},"modified":"2025-07-02T08:25:02","modified_gmt":"2025-07-02T08:25:02","slug":"konveyer-lentler","status":"publish","type":"product","link":"https:\/\/motionte.com\/az\/product\/konveyer-lentler\/","title":{"rendered":"KONVEYER LENTL\u018fR"},"content":{"rendered":"<p><strong>M\u00dcXT\u018fL\u0130F N\u00d6V MATER\u0130ALLARDAN HAZIRLANIR, M\u018fS\u018fL\u018fN:<br \/>\n<\/strong><\/p>\n<ul>\n<li>PVC &#8211; POL\u0130V\u0130NILXLOR\u0130D<\/li>\n<li>PU \u2013 POL\u0130URETAN<\/li>\n<li>TPO \u2013 POL\u0130OLEF\u0130N<\/li>\n<li>TPEE \u2013 POLYESTER<\/li>\n<li>M\u00dcXT\u018fL\u0130F PAR\u00c7ALAR, O C\u00dcML\u018fD\u018fN PAMBIQ<\/li>\n<li>REZ\u0130N<\/li>\n<li>V\u018f S.<\/li>\n<\/ul>\n<p>UZUNLU\u011eU, QALINLI\u011eI, EN\u0130 V\u018f LENT\u0130N \u00dcST S\u018fTH N\u00d6V\u00dcN\u00dc SE\u00c7M\u018fK M\u00dcMK\u00dcND\u00dcR<\/p>\n","protected":false},"excerpt":{"rendered":"<div id=\"u9655-30\" class=\"clearfix grpelem\">\n<p>KONVEYER S\u0130STEML\u018fR\u0130ND\u018f, Q\u0130DA S\u018fNAY\u018fSIND\u018f, LOG\u0130ST\u0130KADA V\u018f D\u0130G\u018fR M\u018fHSULLARIN N\u018fQL EDILM\u018fS\u0130ND\u018f \u0130ST\u0130FAD\u018f OLUNUR.<\/p>\n<\/div>\n","protected":false},"featured_media":4282,"comment_status":"open","ping_status":"closed","template":"","meta":{"om_disable_all_campaigns":false,"_monsterinsights_skip_tracking":false,"_monsterinsights_sitenote_active":false,"_monsterinsights_sitenote_note":"","_monsterinsights_sitenote_category":0},"etheme_brands":[],"product_cat":[211],"product_tag":[],"class_list":{"0":"post-4479","1":"product","2":"type-product","3":"status-publish","4":"has-post-thumbnail","6":"product_cat-konveyer-lentler","8":"first","9":"instock","10":"shipping-taxable","11":"product-type-simple"},"aioseo_notices":[],"_links":{"self":[{"href":"https:\/\/motionte.com\/az\/wp-json\/wp\/v2\/product\/4479","targetHints":{"allow":["GET"]}}],"collection":[{"href":"https:\/\/motionte.com\/az\/wp-json\/wp\/v2\/product"}],"about":[{"href":"https:\/\/motionte.com\/az\/wp-json\/wp\/v2\/types\/product"}],"replies":[{"embeddable":true,"href":"https:\/\/motionte.com\/az\/wp-json\/wp\/v2\/comments?post=4479"}],"version-history":[{"count":3,"href":"https:\/\/motionte.com\/az\/wp-json\/wp\/v2\/product\/4479\/revisions"}],"predecessor-version":[{"id":7160,"href":"https:\/\/motionte.com\/az\/wp-json\/wp\/v2\/product\/4479\/revisions\/7160"}],"wp:featuredmedia":[{"embeddable":true,"href":"https:\/\/motionte.com\/az\/wp-json\/wp\/v2\/media\/4282"}],"wp:attachment":[{"href":"https:\/\/motionte.com\/az\/wp-json\/wp\/v2\/media?parent=4479"}],"wp:term":[{"taxonomy":"brand","embeddable":true,"href":"https:\/\/motionte.com\/az\/wp-json\/wp\/v2\/etheme_brands?post=4479"},{"taxonomy":"product_cat","embeddable":true,"href":"https:\/\/motionte.com\/az\/wp-json\/wp\/v2\/product_cat?post=4479"},{"taxonomy":"product_tag","embeddable":true,"href":"https:\/\/motionte.com\/az\/wp-json\/wp\/v2\/product_tag?post=4479"}],"curies":[{"name":"wp","href":"https:\/\/api.w.org\/{rel}","templated":true}]}}