{"id":4478,"date":"2024-10-21T00:56:24","date_gmt":"2024-10-21T00:56:24","guid":{"rendered":"https:\/\/motionte.com\/product\/modular-lentler\/"},"modified":"2025-07-02T08:44:33","modified_gmt":"2025-07-02T08:44:33","slug":"modular-lentler","status":"publish","type":"product","link":"https:\/\/motionte.com\/az\/product\/modular-lentler\/","title":{"rendered":"MODULAR LENTL\u018fR"},"content":{"rendered":"<p>M\u00dcXT\u018fL\u0130F N\u00d6V MATER\u0130ALLARDAN HAZIRLANIR,<\/p>\n<p><strong>M\u018fS\u018fL\u018fN:<\/strong><\/p>\n<ul>\n<li>POM \u2013 ASETAL<\/li>\n<li>PP \u2013 POL\u0130PROP\u0130LEN<\/li>\n<li>PE \u2013 POL\u0130ET\u0130LEN<\/li>\n<\/ul>\n<p>\u00dcST S\u018fTH\u0130 \u00d6RT\u00dcL\u00dc LENTL\u018fR, EYN\u0130 ZAMANDA MAYE K\u00dcTL\u018fN\u0130N AXMASI \u00dc\u00c7\u00dcN M\u00dcXT\u018fL\u0130F D\u0130AMETRL\u0130 V\u018f F\u018fRQL\u0130 D\u018fL\u0130KL\u018fR\u0130 OLAN X\u00dcSUS\u0130 LENTL\u018fR M\u00d6VCUDDUR.<\/p>\n<p>ASANLIQLA S\u00d6K\u00dcL\u00dcP-QURA\u015eDIRIlIR, DAVAMLIDIR, X\u00dcSUS\u0130 X\u0130DM\u018fT T\u018fL\u018fB ETM\u0130R.<\/p>\n<p>\u0130ST\u018fN\u0130L\u018fN STANDART \u00d6L\u00c7\u00dcL\u018fR\u0130: UZUNLU\u011eU, QALINLI\u011eI, EN\u0130, \u00dcST S\u018fTH\u0130N SE\u00c7\u0130LM\u018fS\u0130 M\u00dcMK\u00dcND\u00dcR.<\/p>\n","protected":false},"excerpt":{"rendered":"<p>Q\u0130DA S\u018fNAY\u018fSIND\u018f, LOG\u0130ST\u0130KADA V\u018f D\u0130G\u018fR SEKTORLARINDA, M\u018fHSULLARIN N\u018fQL EDILM\u018fS\u0130 \u00dc\u00c7\u00dcN KONVEYER S\u0130STEML\u018fR\u0130ND\u018f \u0130ST\u0130FAD\u018f OLUNUR.<\/p>\n","protected":false},"featured_media":4287,"comment_status":"open","ping_status":"closed","template":"","meta":{"om_disable_all_campaigns":false,"_monsterinsights_skip_tracking":false,"_monsterinsights_sitenote_active":false,"_monsterinsights_sitenote_note":"","_monsterinsights_sitenote_category":0},"etheme_brands":[],"product_cat":[211,208],"product_tag":[],"class_list":{"0":"post-4478","1":"product","2":"type-product","3":"status-publish","4":"has-post-thumbnail","6":"product_cat-konveyer-lentler","7":"product_cat-modul-kmrlr-v-disli-carxlar","9":"first","10":"instock","11":"shipping-taxable","12":"product-type-simple"},"aioseo_notices":[],"_links":{"self":[{"href":"https:\/\/motionte.com\/az\/wp-json\/wp\/v2\/product\/4478","targetHints":{"allow":["GET"]}}],"collection":[{"href":"https:\/\/motionte.com\/az\/wp-json\/wp\/v2\/product"}],"about":[{"href":"https:\/\/motionte.com\/az\/wp-json\/wp\/v2\/types\/product"}],"replies":[{"embeddable":true,"href":"https:\/\/motionte.com\/az\/wp-json\/wp\/v2\/comments?post=4478"}],"version-history":[{"count":3,"href":"https:\/\/motionte.com\/az\/wp-json\/wp\/v2\/product\/4478\/revisions"}],"predecessor-version":[{"id":7168,"href":"https:\/\/motionte.com\/az\/wp-json\/wp\/v2\/product\/4478\/revisions\/7168"}],"wp:featuredmedia":[{"embeddable":true,"href":"https:\/\/motionte.com\/az\/wp-json\/wp\/v2\/media\/4287"}],"wp:attachment":[{"href":"https:\/\/motionte.com\/az\/wp-json\/wp\/v2\/media?parent=4478"}],"wp:term":[{"taxonomy":"brand","embeddable":true,"href":"https:\/\/motionte.com\/az\/wp-json\/wp\/v2\/etheme_brands?post=4478"},{"taxonomy":"product_cat","embeddable":true,"href":"https:\/\/motionte.com\/az\/wp-json\/wp\/v2\/product_cat?post=4478"},{"taxonomy":"product_tag","embeddable":true,"href":"https:\/\/motionte.com\/az\/wp-json\/wp\/v2\/product_tag?post=4478"}],"curies":[{"name":"wp","href":"https:\/\/api.w.org\/{rel}","templated":true}]}}