{"id":4476,"date":"2024-10-21T01:02:11","date_gmt":"2024-10-21T01:02:11","guid":{"rendered":"https:\/\/motionte.com\/product\/plite-lentleri\/"},"modified":"2025-07-02T10:51:06","modified_gmt":"2025-07-02T10:51:06","slug":"plite-lentleri","status":"publish","type":"product","link":"https:\/\/motionte.com\/az\/product\/plite-lentleri\/","title":{"rendered":"PL\u0130T\u018f LENTL\u018fR\u0130"},"content":{"rendered":"<p><strong>B\u0130R NE\u00c7\u018f MATER\u0130ALLARDAN HAZIRLANIR, M\u018fS\u018fL\u018fN:<\/strong><\/p>\n<ul>\n<li>M\u00dcXT\u018fL\u0130F PLAST\u0130KL\u018fR (POM, PP V\u018f S.)<\/li>\n<li>M\u00dcXT\u018fL\u0130F METALLAR (PASLANMAYAN, AL\u00dcM\u0130N\u0130UM V\u018f S.)<\/li>\n<\/ul>\n<p>PL\u0130T\u018f LENTL\u018fR\u0130N B\u0130R \u00c7OX N\u00d6VL\u018fR\u0130 M\u00d6VCUDDUR.<\/p>\n<p>ASANLIQLA QURA\u015eDIRIlIR, S\u00d6K\u00dcL\u00dcR, DAVAMLIDIR V\u018f LENT X\u00dcSUS\u0130 X\u0130DM\u018fT T\u018fL\u018fB ETM\u0130R.<\/p>\n<p>STANDART EN\u0130 V\u018f UZUNLU\u011eU OLAN, PL\u0130T\u018f LENTL\u018fR\u0130N \u0130ST\u018fN\u0130L\u018fN\u00a0 \u00d6L\u00c7\u00dcD\u018f SE\u00c7\u0130LM\u018fS\u0130 M\u00dcMK\u00dcND\u00dcR.<\/p>\n","protected":false},"excerpt":{"rendered":"<p>BU S\u0130STEML\u018fR &#8211;\u00a0 BUTULKALARIN, \u015e\u00dc\u015e\u018fL\u018fR\u0130N, BANKALARIN V\u018f B\u018fNZ\u018fR M\u018fHSULLARIN N\u018fQL ED\u0130LM\u018fS\u0130ND\u018f, M\u00dcXT\u018fL\u0130F S\u018fNAYEL\u018fRD\u018f \u0130ST\u0130FAD\u018f OLUNUR.<\/p>\n","protected":false},"featured_media":4298,"comment_status":"open","ping_status":"closed","template":"","meta":{"om_disable_all_campaigns":false,"_monsterinsights_skip_tracking":false,"_monsterinsights_sitenote_active":false,"_monsterinsights_sitenote_note":"","_monsterinsights_sitenote_category":0},"etheme_brands":[],"product_cat":[211,208],"product_tag":[],"class_list":{"0":"post-4476","1":"product","2":"type-product","3":"status-publish","4":"has-post-thumbnail","6":"product_cat-konveyer-lentler","7":"product_cat-modul-kmrlr-v-disli-carxlar","9":"first","10":"instock","11":"shipping-taxable","12":"product-type-simple"},"aioseo_notices":[],"_links":{"self":[{"href":"https:\/\/motionte.com\/az\/wp-json\/wp\/v2\/product\/4476","targetHints":{"allow":["GET"]}}],"collection":[{"href":"https:\/\/motionte.com\/az\/wp-json\/wp\/v2\/product"}],"about":[{"href":"https:\/\/motionte.com\/az\/wp-json\/wp\/v2\/types\/product"}],"replies":[{"embeddable":true,"href":"https:\/\/motionte.com\/az\/wp-json\/wp\/v2\/comments?post=4476"}],"version-history":[{"count":4,"href":"https:\/\/motionte.com\/az\/wp-json\/wp\/v2\/product\/4476\/revisions"}],"predecessor-version":[{"id":7177,"href":"https:\/\/motionte.com\/az\/wp-json\/wp\/v2\/product\/4476\/revisions\/7177"}],"wp:featuredmedia":[{"embeddable":true,"href":"https:\/\/motionte.com\/az\/wp-json\/wp\/v2\/media\/4298"}],"wp:attachment":[{"href":"https:\/\/motionte.com\/az\/wp-json\/wp\/v2\/media?parent=4476"}],"wp:term":[{"taxonomy":"brand","embeddable":true,"href":"https:\/\/motionte.com\/az\/wp-json\/wp\/v2\/etheme_brands?post=4476"},{"taxonomy":"product_cat","embeddable":true,"href":"https:\/\/motionte.com\/az\/wp-json\/wp\/v2\/product_cat?post=4476"},{"taxonomy":"product_tag","embeddable":true,"href":"https:\/\/motionte.com\/az\/wp-json\/wp\/v2\/product_tag?post=4476"}],"curies":[{"name":"wp","href":"https:\/\/api.w.org\/{rel}","templated":true}]}}