{"id":4473,"date":"2024-10-21T01:07:13","date_gmt":"2024-10-21T01:07:13","guid":{"rendered":"https:\/\/motionte.com\/product\/mexaniki-calamalar-ve-qurasdirma\/"},"modified":"2025-07-02T08:04:05","modified_gmt":"2025-07-02T08:04:05","slug":"lent-calama-vasiteleri","status":"publish","type":"product","link":"https:\/\/motionte.com\/az\/product\/lent-calama-vasiteleri\/","title":{"rendered":"LENT CALAMA VAS\u0130T\u018fL\u018fR\u0130"},"content":{"rendered":"<p>AVADANLI\u011eA UY\u011eUN OLARAQ B\u0130R NE\u00c7\u018f N\u00d6V MATER\u0130ALDAN \u0130STEHSAL OLUNUR:<\/p>\n<ul>\n<li>PASLANMAZ POLAD \u0130L\u018f<\/li>\n<li>GALVAN\u0130ZL\u0130 POLAD \u0130L\u018f<\/li>\n<li>X\u00dcSUS\u0130 PLAST\u0130K \u0130L\u018f<\/li>\n<\/ul>\n<p>LENT\u0130N N\u00d6V\u00dcND\u018fN V\u018f AVADANLI\u011eIN M\u00dcXT\u018fL\u0130F EHT\u0130YACLARINDAN ASILI OLARAQ \u0130ST\u0130FAD\u018f OLUNAN M\u00dcXT\u018fL\u0130F N\u00d6V V\u018f F\u018fRQL\u0130 \u00d6L\u00c7\u00dcD\u018f MEXAN\u0130K\u0130 CALAMALAR VARDIR.<\/p>\n<p>H\u018fM CALAMA AVADANLIQLARIN, H\u018fM D\u018f X\u00dcSUS\u0130 CALAMA VAS\u0130T\u018fL\u018fR\u0130N T\u018fCH\u0130Z\u0130 T\u018fR\u018fF\u0130M\u0130ZD\u018fN M\u00dcMK\u00dcND\u00dcR.<\/p>\n<p>BUNDAN \u018fLAV\u018f, LENT CALAMA X\u0130DM\u018fT\u0130 M\u00d6VCUDDUR.<\/p>\n","protected":false},"excerpt":{"rendered":"<p>LENT CALAMA VAS\u0130T\u018fL\u018fR\u0130 \u2013 KENVEYER LENTL\u018fR\u0130N\u0130N CALANMASI \u00dc\u00c7\u00dcN \u0130ST\u0130FAD\u018f OLUNAN X\u00dcSUS\u0130 D\u0130\u015eL\u0130 \u00c7UBUQLARDIR.<\/p>\n<p>\u0130ST\u018fN\u0130L\u018fN KONVEYER LENT\u0130ND\u018f AVADANLIQDAN ASILI OLARAQ \u0130ST\u0130FAD\u018f OLUNUR.<\/p>\n","protected":false},"featured_media":4313,"comment_status":"open","ping_status":"closed","template":"","meta":{"om_disable_all_campaigns":false,"_monsterinsights_skip_tracking":false,"_monsterinsights_sitenote_active":false,"_monsterinsights_sitenote_note":"","_monsterinsights_sitenote_category":0},"etheme_brands":[],"product_cat":[210],"product_tag":[],"class_list":{"0":"post-4473","1":"product","2":"type-product","3":"status-publish","4":"has-post-thumbnail","6":"product_cat-aparat-baglayicilari","8":"first","9":"instock","10":"shipping-taxable","11":"product-type-simple"},"aioseo_notices":[],"_links":{"self":[{"href":"https:\/\/motionte.com\/az\/wp-json\/wp\/v2\/product\/4473","targetHints":{"allow":["GET"]}}],"collection":[{"href":"https:\/\/motionte.com\/az\/wp-json\/wp\/v2\/product"}],"about":[{"href":"https:\/\/motionte.com\/az\/wp-json\/wp\/v2\/types\/product"}],"replies":[{"embeddable":true,"href":"https:\/\/motionte.com\/az\/wp-json\/wp\/v2\/comments?post=4473"}],"version-history":[{"count":2,"href":"https:\/\/motionte.com\/az\/wp-json\/wp\/v2\/product\/4473\/revisions"}],"predecessor-version":[{"id":7146,"href":"https:\/\/motionte.com\/az\/wp-json\/wp\/v2\/product\/4473\/revisions\/7146"}],"wp:featuredmedia":[{"embeddable":true,"href":"https:\/\/motionte.com\/az\/wp-json\/wp\/v2\/media\/4313"}],"wp:attachment":[{"href":"https:\/\/motionte.com\/az\/wp-json\/wp\/v2\/media?parent=4473"}],"wp:term":[{"taxonomy":"brand","embeddable":true,"href":"https:\/\/motionte.com\/az\/wp-json\/wp\/v2\/etheme_brands?post=4473"},{"taxonomy":"product_cat","embeddable":true,"href":"https:\/\/motionte.com\/az\/wp-json\/wp\/v2\/product_cat?post=4473"},{"taxonomy":"product_tag","embeddable":true,"href":"https:\/\/motionte.com\/az\/wp-json\/wp\/v2\/product_tag?post=4473"}],"curies":[{"name":"wp","href":"https:\/\/api.w.org\/{rel}","templated":true}]}}