{"id":6097,"date":"2025-02-21T08:05:35","date_gmt":"2025-02-21T08:05:35","guid":{"rendered":"https:\/\/motionte.com\/ehtiyat-hiss%c9%99l%c9%99ri-2\/"},"modified":"2025-07-02T10:46:54","modified_gmt":"2025-07-02T10:46:54","slug":"ehtiyat-hiss%c9%99l%c9%99ri-2","status":"publish","type":"page","link":"https:\/\/motionte.com\/az\/ehtiyat-hiss%c9%99l%c9%99ri-2\/","title":{"rendered":"Ehtiyat hiss\u0259l\u0259ri &#8211; b\u00f6lm\u0259l\u0259r"},"content":{"rendered":"\t\t<div data-elementor-type=\"wp-page\" data-elementor-id=\"6097\" class=\"elementor elementor-6097 elementor-6092\" data-elementor-post-type=\"page\">\n\t\t\t\t<div class=\"elementor-element elementor-element-ccc2682 e-flex e-con-boxed e-con e-parent\" data-id=\"ccc2682\" data-element_type=\"container\">\n\t\t\t\t\t<div class=\"e-con-inner\">\n\t\t<div class=\"elementor-element elementor-element-891cc89 e-con-full e-flex e-con e-child\" data-id=\"891cc89\" data-element_type=\"container\">\n\t\t\t\t<div class=\"elementor-element elementor-element-4a551e2 ProdLineWrapper e-transform elementor-position-top elementor-widget elementor-widget-image-box\" data-id=\"4a551e2\" data-element_type=\"widget\" data-settings=\"{&quot;_transform_scale_effect_hover&quot;:{&quot;unit&quot;:&quot;px&quot;,&quot;size&quot;:1.1,&quot;sizes&quot;:[]},&quot;_transform_scale_effect_hover_tablet&quot;:{&quot;unit&quot;:&quot;px&quot;,&quot;size&quot;:&quot;&quot;,&quot;sizes&quot;:[]},&quot;_transform_scale_effect_hover_mobile&quot;:{&quot;unit&quot;:&quot;px&quot;,&quot;size&quot;:&quot;&quot;,&quot;sizes&quot;:[]}}\" data-widget_type=\"image-box.default\">\n\t\t\t\t<div class=\"elementor-widget-container\">\n\t\t\t<div class=\"elementor-image-box-wrapper\"><figure class=\"elementor-image-box-img\"><a href=\"https:\/\/motionte.com\/az\/product-category\/konveyer-lentler\/\" tabindex=\"-1\"><img loading=\"lazy\" loading=\"lazy\" decoding=\"async\" width=\"400\" height=\"410\" src=\"https:\/\/motionte.com\/wp-content\/uploads\/2025\/06\/cnvr_blts2.png\" class=\"attachment-large size-large wp-image-7073\" alt=\"\" srcset=\"https:\/\/motionte.com\/wp-content\/uploads\/2025\/06\/cnvr_blts2.png 400w, https:\/\/motionte.com\/wp-content\/uploads\/2025\/06\/cnvr_blts2-293x300.png 293w, https:\/\/motionte.com\/wp-content\/uploads\/2025\/06\/cnvr_blts2-1x1.png 1w, https:\/\/motionte.com\/wp-content\/uploads\/2025\/06\/cnvr_blts2-10x10.png 10w\" sizes=\"auto, (max-width: 400px) 100vw, 400px\" \/><\/a><\/figure><div class=\"elementor-image-box-content\"><h3 class=\"elementor-image-box-title\"><a href=\"https:\/\/motionte.com\/az\/product-category\/konveyer-lentler\/\">KONVEYER<BR> K\u018fM\u018fRL\u018fR<\/a><\/h3><\/div><\/div>\t\t<\/div>\n\t\t\t\t<\/div>\n\t\t\t\t<\/div>\n\t\t<div class=\"elementor-element elementor-element-acd489d e-con-full e-flex e-con e-child\" data-id=\"acd489d\" data-element_type=\"container\">\n\t\t\t\t<div class=\"elementor-element elementor-element-4f58700 ProdLineWrapper e-transform elementor-position-top elementor-widget elementor-widget-image-box\" data-id=\"4f58700\" data-element_type=\"widget\" data-settings=\"{&quot;_transform_scale_effect_hover&quot;:{&quot;unit&quot;:&quot;px&quot;,&quot;size&quot;:1.1,&quot;sizes&quot;:[]},&quot;_transform_scale_effect_hover_tablet&quot;:{&quot;unit&quot;:&quot;px&quot;,&quot;size&quot;:&quot;&quot;,&quot;sizes&quot;:[]},&quot;_transform_scale_effect_hover_mobile&quot;:{&quot;unit&quot;:&quot;px&quot;,&quot;size&quot;:&quot;&quot;,&quot;sizes&quot;:[]}}\" data-widget_type=\"image-box.default\">\n\t\t\t\t<div class=\"elementor-widget-container\">\n\t\t\t<div class=\"elementor-image-box-wrapper\"><figure class=\"elementor-image-box-img\"><a href=\"https:\/\/motionte.com\/az\/product-category\/spare-parts\/metal-chain-sprocket\/\" tabindex=\"-1\"><img loading=\"lazy\" loading=\"lazy\" decoding=\"async\" width=\"600\" height=\"600\" src=\"https:\/\/motionte.com\/wp-content\/uploads\/2025\/04\/chain-sprocket.png\" class=\"attachment-large size-large wp-image-6943\" alt=\"\" srcset=\"https:\/\/motionte.com\/wp-content\/uploads\/2025\/04\/chain-sprocket.png 600w, https:\/\/motionte.com\/wp-content\/uploads\/2025\/04\/chain-sprocket-300x300.png 300w, https:\/\/motionte.com\/wp-content\/uploads\/2025\/04\/chain-sprocket-150x150.png 150w, https:\/\/motionte.com\/wp-content\/uploads\/2025\/04\/chain-sprocket-100x100.png 100w, https:\/\/motionte.com\/wp-content\/uploads\/2025\/04\/chain-sprocket-1x1.png 1w, https:\/\/motionte.com\/wp-content\/uploads\/2025\/04\/chain-sprocket-10x10.png 10w\" sizes=\"auto, (max-width: 600px) 100vw, 600px\" \/><\/a><\/figure><div class=\"elementor-image-box-content\"><h3 class=\"elementor-image-box-title\"><a href=\"https:\/\/motionte.com\/az\/product-category\/spare-parts\/metal-chain-sprocket\/\">METAL Z\u018fNC\u0130RL\u018fR<br>V\u018f D\u0130\u015eL\u0130L\u018fR<\/a><\/h3><\/div><\/div>\t\t<\/div>\n\t\t\t\t<\/div>\n\t\t\t\t<\/div>\n\t\t<div class=\"elementor-element elementor-element-afacdb1 e-con-full e-flex e-con e-child\" data-id=\"afacdb1\" data-element_type=\"container\">\n\t\t\t\t<div class=\"elementor-element elementor-element-f7165eb ProdLineWrapper e-transform elementor-position-top elementor-widget elementor-widget-image-box\" data-id=\"f7165eb\" data-element_type=\"widget\" data-settings=\"{&quot;_transform_scale_effect_hover&quot;:{&quot;unit&quot;:&quot;px&quot;,&quot;size&quot;:1.1,&quot;sizes&quot;:[]},&quot;_transform_scale_effect_hover_tablet&quot;:{&quot;unit&quot;:&quot;px&quot;,&quot;size&quot;:&quot;&quot;,&quot;sizes&quot;:[]},&quot;_transform_scale_effect_hover_mobile&quot;:{&quot;unit&quot;:&quot;px&quot;,&quot;size&quot;:&quot;&quot;,&quot;sizes&quot;:[]}}\" data-widget_type=\"image-box.default\">\n\t\t\t\t<div class=\"elementor-widget-container\">\n\t\t\t<div class=\"elementor-image-box-wrapper\"><figure class=\"elementor-image-box-img\"><a href=\"https:\/\/motionte.com\/produhttps:\/\/motionte.com\/az\/product-category\/zamanlama-v-v%c9%99-transmissiya-k%c9%99m%c9%99rl%c9%99ri\/\" tabindex=\"-1\"><img loading=\"lazy\" loading=\"lazy\" decoding=\"async\" width=\"600\" height=\"600\" src=\"https:\/\/motionte.com\/wp-content\/uploads\/2025\/02\/tm_v_belts-icon-2.png\" class=\"attachment-large size-large wp-image-6264\" alt=\"\" srcset=\"https:\/\/motionte.com\/wp-content\/uploads\/2025\/02\/tm_v_belts-icon-2.png 600w, https:\/\/motionte.com\/wp-content\/uploads\/2025\/02\/tm_v_belts-icon-2-300x300.png 300w, https:\/\/motionte.com\/wp-content\/uploads\/2025\/02\/tm_v_belts-icon-2-150x150.png 150w, https:\/\/motionte.com\/wp-content\/uploads\/2025\/02\/tm_v_belts-icon-2-100x100.png 100w, https:\/\/motionte.com\/wp-content\/uploads\/2025\/02\/tm_v_belts-icon-2-1x1.png 1w, https:\/\/motionte.com\/wp-content\/uploads\/2025\/02\/tm_v_belts-icon-2-10x10.png 10w\" sizes=\"auto, (max-width: 600px) 100vw, 600px\" \/><\/a><\/figure><div class=\"elementor-image-box-content\"><h3 class=\"elementor-image-box-title\"><a href=\"https:\/\/motionte.com\/produhttps:\/\/motionte.com\/az\/product-category\/zamanlama-v-v%c9%99-transmissiya-k%c9%99m%c9%99rl%c9%99ri\/\">D\u0130\u015eL\u0130, V,<br>D\u00dcZ QAYI\u015eLAR<\/a><\/h3><\/div><\/div>\t\t<\/div>\n\t\t\t\t<\/div>\n\t\t\t\t<\/div>\n\t\t<div class=\"elementor-element elementor-element-a5f35f4 e-con-full e-flex e-con e-child\" data-id=\"a5f35f4\" data-element_type=\"container\">\n\t\t\t\t<div class=\"elementor-element elementor-element-97d2bf2 ProdLineWrapper e-transform elementor-position-top elementor-widget elementor-widget-image-box\" data-id=\"97d2bf2\" data-element_type=\"widget\" data-settings=\"{&quot;_transform_scale_effect_hover&quot;:{&quot;unit&quot;:&quot;px&quot;,&quot;size&quot;:1.1,&quot;sizes&quot;:[]},&quot;_transform_scale_effect_hover_tablet&quot;:{&quot;unit&quot;:&quot;px&quot;,&quot;size&quot;:&quot;&quot;,&quot;sizes&quot;:[]},&quot;_transform_scale_effect_hover_mobile&quot;:{&quot;unit&quot;:&quot;px&quot;,&quot;size&quot;:&quot;&quot;,&quot;sizes&quot;:[]}}\" data-widget_type=\"image-box.default\">\n\t\t\t\t<div class=\"elementor-widget-container\">\n\t\t\t<div class=\"elementor-image-box-wrapper\"><figure class=\"elementor-image-box-img\"><img loading=\"lazy\" loading=\"lazy\" decoding=\"async\" width=\"500\" height=\"500\" src=\"https:\/\/motionte.com\/wp-content\/uploads\/2025\/06\/gt_vlv1.png\" class=\"attachment-large size-large wp-image-7082\" alt=\"\" srcset=\"https:\/\/motionte.com\/wp-content\/uploads\/2025\/06\/gt_vlv1.png 500w, https:\/\/motionte.com\/wp-content\/uploads\/2025\/06\/gt_vlv1-300x300.png 300w, https:\/\/motionte.com\/wp-content\/uploads\/2025\/06\/gt_vlv1-150x150.png 150w, https:\/\/motionte.com\/wp-content\/uploads\/2025\/06\/gt_vlv1-100x100.png 100w, https:\/\/motionte.com\/wp-content\/uploads\/2025\/06\/gt_vlv1-1x1.png 1w, https:\/\/motionte.com\/wp-content\/uploads\/2025\/06\/gt_vlv1-10x10.png 10w\" sizes=\"auto, (max-width: 500px) 100vw, 500px\" \/><\/figure><div class=\"elementor-image-box-content\"><h3 class=\"elementor-image-box-title\">QAPI<BR> VANALAR<\/h3><\/div><\/div>\t\t<\/div>\n\t\t\t\t<\/div>\n\t\t\t\t<\/div>\n\t\t<div class=\"elementor-element elementor-element-c172200 e-con-full e-flex e-con e-child\" data-id=\"c172200\" data-element_type=\"container\">\n\t\t\t\t<div class=\"elementor-element elementor-element-b7853ca ProdLineWrapper e-transform elementor-position-top elementor-widget elementor-widget-image-box\" data-id=\"b7853ca\" data-element_type=\"widget\" data-settings=\"{&quot;_transform_scale_effect_hover&quot;:{&quot;unit&quot;:&quot;px&quot;,&quot;size&quot;:1.1,&quot;sizes&quot;:[]},&quot;_transform_scale_effect_hover_tablet&quot;:{&quot;unit&quot;:&quot;px&quot;,&quot;size&quot;:&quot;&quot;,&quot;sizes&quot;:[]},&quot;_transform_scale_effect_hover_mobile&quot;:{&quot;unit&quot;:&quot;px&quot;,&quot;size&quot;:&quot;&quot;,&quot;sizes&quot;:[]}}\" data-widget_type=\"image-box.default\">\n\t\t\t\t<div class=\"elementor-widget-container\">\n\t\t\t<div class=\"elementor-image-box-wrapper\"><figure class=\"elementor-image-box-img\"><a href=\"https:\/\/motionte.com\/az\/product-category\/rulmanlar\/\" tabindex=\"-1\"><img loading=\"lazy\" loading=\"lazy\" decoding=\"async\" width=\"1024\" height=\"792\" src=\"https:\/\/motionte.com\/wp-content\/uploads\/2025\/02\/Mounted-Bearingsf-1024x792.png\" class=\"attachment-large size-large wp-image-6113\" alt=\"\" srcset=\"https:\/\/motionte.com\/wp-content\/uploads\/2025\/02\/Mounted-Bearingsf-1024x792.png 1024w, https:\/\/motionte.com\/wp-content\/uploads\/2025\/02\/Mounted-Bearingsf-300x232.png 300w, https:\/\/motionte.com\/wp-content\/uploads\/2025\/02\/Mounted-Bearingsf-768x594.png 768w, https:\/\/motionte.com\/wp-content\/uploads\/2025\/02\/Mounted-Bearingsf-600x464.png 600w, https:\/\/motionte.com\/wp-content\/uploads\/2025\/02\/Mounted-Bearingsf-1x1.png 1w, https:\/\/motionte.com\/wp-content\/uploads\/2025\/02\/Mounted-Bearingsf-10x8.png 10w, https:\/\/motionte.com\/wp-content\/uploads\/2025\/02\/Mounted-Bearingsf.png 1500w\" sizes=\"auto, (max-width: 1024px) 100vw, 1024px\" \/><\/a><\/figure><div class=\"elementor-image-box-content\"><h3 class=\"elementor-image-box-title\"><a href=\"https:\/\/motionte.com\/az\/product-category\/rulmanlar\/\">YASTIQLAR<\/a><\/h3><\/div><\/div>\t\t<\/div>\n\t\t\t\t<\/div>\n\t\t\t\t<\/div>\n\t\t\t\t\t<\/div>\n\t\t\t\t<\/div>\n\t\t<div class=\"elementor-element elementor-element-dea2370 e-flex e-con-boxed e-con e-parent\" data-id=\"dea2370\" data-element_type=\"container\">\n\t\t\t\t\t<div class=\"e-con-inner\">\n\t\t<div class=\"elementor-element elementor-element-4d3bc0e e-con-full e-flex e-con e-child\" data-id=\"4d3bc0e\" data-element_type=\"container\">\n\t\t\t\t<div class=\"elementor-element elementor-element-23b276b ProdLineWrapper e-transform elementor-position-top elementor-widget elementor-widget-image-box\" data-id=\"23b276b\" data-element_type=\"widget\" data-settings=\"{&quot;_transform_scale_effect_hover&quot;:{&quot;unit&quot;:&quot;px&quot;,&quot;size&quot;:1.1,&quot;sizes&quot;:[]},&quot;_transform_scale_effect_hover_tablet&quot;:{&quot;unit&quot;:&quot;px&quot;,&quot;size&quot;:&quot;&quot;,&quot;sizes&quot;:[]},&quot;_transform_scale_effect_hover_mobile&quot;:{&quot;unit&quot;:&quot;px&quot;,&quot;size&quot;:&quot;&quot;,&quot;sizes&quot;:[]}}\" data-widget_type=\"image-box.default\">\n\t\t\t\t<div class=\"elementor-widget-container\">\n\t\t\t<div class=\"elementor-image-box-wrapper\"><figure class=\"elementor-image-box-img\"><a href=\"https:\/\/motionte.com\/az\/product-category\/ehtiyat-hiss%c9%99l%c9%99ri\/muh%c9%99rrik-reduktorlar\/\" tabindex=\"-1\"><img loading=\"lazy\" loading=\"lazy\" decoding=\"async\" width=\"600\" height=\"600\" src=\"https:\/\/motionte.com\/wp-content\/uploads\/2025\/04\/Motor-and-Reducer-Red.png\" class=\"attachment-large size-large wp-image-7033\" alt=\"\" srcset=\"https:\/\/motionte.com\/wp-content\/uploads\/2025\/04\/Motor-and-Reducer-Red.png 600w, https:\/\/motionte.com\/wp-content\/uploads\/2025\/04\/Motor-and-Reducer-Red-300x300.png 300w, https:\/\/motionte.com\/wp-content\/uploads\/2025\/04\/Motor-and-Reducer-Red-150x150.png 150w, https:\/\/motionte.com\/wp-content\/uploads\/2025\/04\/Motor-and-Reducer-Red-100x100.png 100w, https:\/\/motionte.com\/wp-content\/uploads\/2025\/04\/Motor-and-Reducer-Red-1x1.png 1w, https:\/\/motionte.com\/wp-content\/uploads\/2025\/04\/Motor-and-Reducer-Red-10x10.png 10w\" sizes=\"auto, (max-width: 600px) 100vw, 600px\" \/><\/a><\/figure><div class=\"elementor-image-box-content\"><h3 class=\"elementor-image-box-title\"><a href=\"https:\/\/motionte.com\/az\/product-category\/ehtiyat-hiss%c9%99l%c9%99ri\/muh%c9%99rrik-reduktorlar\/\">ELEKTR\u0130K M\u00dcH\u018fRR\u0130KL\u018fR V\u018f REDUKTORLAR<\/a><\/h3><\/div><\/div>\t\t<\/div>\n\t\t\t\t<\/div>\n\t\t\t\t<\/div>\n\t\t<div class=\"elementor-element elementor-element-7a794ab e-con-full e-flex e-con e-child\" data-id=\"7a794ab\" data-element_type=\"container\">\n\t\t\t\t<div class=\"elementor-element elementor-element-3b443a2 ProdLineWrapper e-transform elementor-position-top elementor-widget elementor-widget-image-box\" data-id=\"3b443a2\" data-element_type=\"widget\" data-settings=\"{&quot;_transform_scale_effect_hover&quot;:{&quot;unit&quot;:&quot;px&quot;,&quot;size&quot;:1.1,&quot;sizes&quot;:[]},&quot;_transform_scale_effect_hover_tablet&quot;:{&quot;unit&quot;:&quot;px&quot;,&quot;size&quot;:&quot;&quot;,&quot;sizes&quot;:[]},&quot;_transform_scale_effect_hover_mobile&quot;:{&quot;unit&quot;:&quot;px&quot;,&quot;size&quot;:&quot;&quot;,&quot;sizes&quot;:[]}}\" data-widget_type=\"image-box.default\">\n\t\t\t\t<div class=\"elementor-widget-container\">\n\t\t\t<div class=\"elementor-image-box-wrapper\"><figure class=\"elementor-image-box-img\"><a href=\"https:\/\/motionte.com\/az\/product-category\/spare-parts\/support-profile\/\" tabindex=\"-1\"><img loading=\"lazy\" loading=\"lazy\" decoding=\"async\" width=\"403\" height=\"435\" src=\"https:\/\/motionte.com\/wp-content\/uploads\/2025\/04\/legs-and-wheels-and-profiles-e1744894069293.png\" class=\"attachment-large size-large wp-image-6933\" alt=\"\" srcset=\"https:\/\/motionte.com\/wp-content\/uploads\/2025\/04\/legs-and-wheels-and-profiles-e1744894069293.png 403w, https:\/\/motionte.com\/wp-content\/uploads\/2025\/04\/legs-and-wheels-and-profiles-e1744894069293-278x300.png 278w, https:\/\/motionte.com\/wp-content\/uploads\/2025\/04\/legs-and-wheels-and-profiles-e1744894069293-1x1.png 1w, https:\/\/motionte.com\/wp-content\/uploads\/2025\/04\/legs-and-wheels-and-profiles-e1744894069293-10x10.png 10w\" sizes=\"auto, (max-width: 403px) 100vw, 403px\" \/><\/a><\/figure><div class=\"elementor-image-box-content\"><h3 class=\"elementor-image-box-title\"><a href=\"https:\/\/motionte.com\/az\/product-category\/spare-parts\/support-profile\/\">T\u018fK\u018fRL\u018fR V\u018f<br>PLAST\u0130K PROF\u0130LL\u018fR <\/a><\/h3><\/div><\/div>\t\t<\/div>\n\t\t\t\t<\/div>\n\t\t\t\t<\/div>\n\t\t<div class=\"elementor-element elementor-element-459a5dc e-con-full e-flex e-con e-child\" data-id=\"459a5dc\" data-element_type=\"container\">\n\t\t\t\t<div class=\"elementor-element elementor-element-7075398 ProdLineWrapper e-transform elementor-position-top elementor-widget elementor-widget-image-box\" data-id=\"7075398\" data-element_type=\"widget\" data-settings=\"{&quot;_transform_scale_effect_hover&quot;:{&quot;unit&quot;:&quot;px&quot;,&quot;size&quot;:1.1,&quot;sizes&quot;:[]},&quot;_transform_scale_effect_hover_tablet&quot;:{&quot;unit&quot;:&quot;px&quot;,&quot;size&quot;:&quot;&quot;,&quot;sizes&quot;:[]},&quot;_transform_scale_effect_hover_mobile&quot;:{&quot;unit&quot;:&quot;px&quot;,&quot;size&quot;:&quot;&quot;,&quot;sizes&quot;:[]}}\" data-widget_type=\"image-box.default\">\n\t\t\t\t<div class=\"elementor-widget-container\">\n\t\t\t<div class=\"elementor-image-box-wrapper\"><figure class=\"elementor-image-box-img\"><img loading=\"lazy\" loading=\"lazy\" decoding=\"async\" width=\"600\" height=\"600\" src=\"https:\/\/motionte.com\/wp-content\/uploads\/2025\/02\/Electrical-equipment.png\" class=\"attachment-large size-large wp-image-6122\" alt=\"\" srcset=\"https:\/\/motionte.com\/wp-content\/uploads\/2025\/02\/Electrical-equipment.png 600w, https:\/\/motionte.com\/wp-content\/uploads\/2025\/02\/Electrical-equipment-300x300.png 300w, https:\/\/motionte.com\/wp-content\/uploads\/2025\/02\/Electrical-equipment-150x150.png 150w, https:\/\/motionte.com\/wp-content\/uploads\/2025\/02\/Electrical-equipment-100x100.png 100w, https:\/\/motionte.com\/wp-content\/uploads\/2025\/02\/Electrical-equipment-1x1.png 1w, https:\/\/motionte.com\/wp-content\/uploads\/2025\/02\/Electrical-equipment-10x10.png 10w\" sizes=\"auto, (max-width: 600px) 100vw, 600px\" \/><\/figure><div class=\"elementor-image-box-content\"><h3 class=\"elementor-image-box-title\">ELEKTRON\u0130KA<\/h3><\/div><\/div>\t\t<\/div>\n\t\t\t\t<\/div>\n\t\t\t\t<\/div>\n\t\t<div class=\"elementor-element elementor-element-1f41c22 e-con-full e-flex e-con e-child\" data-id=\"1f41c22\" data-element_type=\"container\">\n\t\t\t\t<div class=\"elementor-element elementor-element-db3aa20 ProdLineWrapper e-transform elementor-position-top elementor-widget elementor-widget-image-box\" data-id=\"db3aa20\" data-element_type=\"widget\" data-settings=\"{&quot;_transform_scale_effect_hover&quot;:{&quot;unit&quot;:&quot;px&quot;,&quot;size&quot;:1.1,&quot;sizes&quot;:[]},&quot;_transform_scale_effect_hover_tablet&quot;:{&quot;unit&quot;:&quot;px&quot;,&quot;size&quot;:&quot;&quot;,&quot;sizes&quot;:[]},&quot;_transform_scale_effect_hover_mobile&quot;:{&quot;unit&quot;:&quot;px&quot;,&quot;size&quot;:&quot;&quot;,&quot;sizes&quot;:[]}}\" data-widget_type=\"image-box.default\">\n\t\t\t\t<div class=\"elementor-widget-container\">\n\t\t\t<div class=\"elementor-image-box-wrapper\"><figure class=\"elementor-image-box-img\"><a href=\"https:\/\/motionte.com\/az\/product-category\/aparat-baglayicilari\/\" tabindex=\"-1\"><img loading=\"lazy\" loading=\"lazy\" decoding=\"async\" width=\"600\" height=\"600\" src=\"https:\/\/motionte.com\/wp-content\/uploads\/2025\/04\/Hardware-Fasteners-new.png\" class=\"attachment-large size-large wp-image-6930\" alt=\"\" srcset=\"https:\/\/motionte.com\/wp-content\/uploads\/2025\/04\/Hardware-Fasteners-new.png 600w, https:\/\/motionte.com\/wp-content\/uploads\/2025\/04\/Hardware-Fasteners-new-300x300.png 300w, https:\/\/motionte.com\/wp-content\/uploads\/2025\/04\/Hardware-Fasteners-new-150x150.png 150w, https:\/\/motionte.com\/wp-content\/uploads\/2025\/04\/Hardware-Fasteners-new-100x100.png 100w, https:\/\/motionte.com\/wp-content\/uploads\/2025\/04\/Hardware-Fasteners-new-1x1.png 1w, https:\/\/motionte.com\/wp-content\/uploads\/2025\/04\/Hardware-Fasteners-new-10x10.png 10w\" sizes=\"auto, (max-width: 600px) 100vw, 600px\" \/><\/a><\/figure><div class=\"elementor-image-box-content\"><h3 class=\"elementor-image-box-title\"><a href=\"https:\/\/motionte.com\/az\/product-category\/aparat-baglayicilari\/\">BA\u011eLAYICILAR V\u018f CALAMA VAS\u0130T\u018fL\u018fR\u0130<\/a><\/h3><\/div><\/div>\t\t<\/div>\n\t\t\t\t<\/div>\n\t\t\t\t<\/div>\n\t\t<div class=\"elementor-element elementor-element-d40c649 e-con-full e-flex e-con e-child\" data-id=\"d40c649\" data-element_type=\"container\">\n\t\t\t\t<div class=\"elementor-element elementor-element-ffc2883 ProdLineWrapper e-transform elementor-position-top elementor-widget elementor-widget-image-box\" data-id=\"ffc2883\" data-element_type=\"widget\" data-settings=\"{&quot;_transform_scale_effect_hover&quot;:{&quot;unit&quot;:&quot;px&quot;,&quot;size&quot;:1.1,&quot;sizes&quot;:[]},&quot;_transform_scale_effect_hover_tablet&quot;:{&quot;unit&quot;:&quot;px&quot;,&quot;size&quot;:&quot;&quot;,&quot;sizes&quot;:[]},&quot;_transform_scale_effect_hover_mobile&quot;:{&quot;unit&quot;:&quot;px&quot;,&quot;size&quot;:&quot;&quot;,&quot;sizes&quot;:[]}}\" data-widget_type=\"image-box.default\">\n\t\t\t\t<div class=\"elementor-widget-container\">\n\t\t\t<div class=\"elementor-image-box-wrapper\"><figure class=\"elementor-image-box-img\"><img loading=\"lazy\" loading=\"lazy\" decoding=\"async\" width=\"600\" height=\"600\" src=\"https:\/\/motionte.com\/wp-content\/uploads\/2025\/04\/Service.png\" class=\"attachment-large size-large wp-image-6939\" alt=\"\" srcset=\"https:\/\/motionte.com\/wp-content\/uploads\/2025\/04\/Service.png 600w, https:\/\/motionte.com\/wp-content\/uploads\/2025\/04\/Service-300x300.png 300w, https:\/\/motionte.com\/wp-content\/uploads\/2025\/04\/Service-150x150.png 150w, https:\/\/motionte.com\/wp-content\/uploads\/2025\/04\/Service-100x100.png 100w, https:\/\/motionte.com\/wp-content\/uploads\/2025\/04\/Service-1x1.png 1w, https:\/\/motionte.com\/wp-content\/uploads\/2025\/04\/Service-10x10.png 10w\" sizes=\"auto, (max-width: 600px) 100vw, 600px\" \/><\/figure><div class=\"elementor-image-box-content\"><h3 class=\"elementor-image-box-title\">SERV\u0130SL\u018fR<\/h3><\/div><\/div>\t\t<\/div>\n\t\t\t\t<\/div>\n\t\t\t\t<\/div>\n\t\t\t\t\t<\/div>\n\t\t\t\t<\/div>\n\t\t\t\t<\/div>\n\t\t","protected":false},"excerpt":{"rendered":"<p>KONVEYER K\u018fM\u018fRL\u018fR METAL Z\u018fNC\u0130RL\u018fRV\u018f D\u0130\u015eL\u0130L\u018fR D\u0130\u015eL\u0130, V,D\u00dcZ QAYI\u015eLAR QAPI VANALAR YASTIQLAR ELEKTR\u0130K M\u00dcH\u018fRR\u0130KL\u018fR V\u018f REDUKTORLAR T\u018fK\u018fRL\u018fR V\u018fPLAST\u0130K PROF\u0130LL\u018fR ELEKTRON\u0130KA BA\u011eLAYICILAR V\u018f CALAMA VAS\u0130T\u018fL\u018fR\u0130 SERV\u0130SL\u018fR<\/p>\n","protected":false},"author":1,"featured_media":0,"parent":0,"menu_order":0,"comment_status":"closed","ping_status":"closed","template":"","meta":{"om_disable_all_campaigns":false,"_monsterinsights_skip_tracking":false,"_monsterinsights_sitenote_active":false,"_monsterinsights_sitenote_note":"","_monsterinsights_sitenote_category":0,"footnotes":""},"class_list":["post-6097","page","type-page","status-publish","hentry"],"aioseo_notices":[],"_links":{"self":[{"href":"https:\/\/motionte.com\/az\/wp-json\/wp\/v2\/pages\/6097","targetHints":{"allow":["GET"]}}],"collection":[{"href":"https:\/\/motionte.com\/az\/wp-json\/wp\/v2\/pages"}],"about":[{"href":"https:\/\/motionte.com\/az\/wp-json\/wp\/v2\/types\/page"}],"author":[{"embeddable":true,"href":"https:\/\/motionte.com\/az\/wp-json\/wp\/v2\/users\/1"}],"replies":[{"embeddable":true,"href":"https:\/\/motionte.com\/az\/wp-json\/wp\/v2\/comments?post=6097"}],"version-history":[{"count":17,"href":"https:\/\/motionte.com\/az\/wp-json\/wp\/v2\/pages\/6097\/revisions"}],"predecessor-version":[{"id":7174,"href":"https:\/\/motionte.com\/az\/wp-json\/wp\/v2\/pages\/6097\/revisions\/7174"}],"wp:attachment":[{"href":"https:\/\/motionte.com\/az\/wp-json\/wp\/v2\/media?parent=6097"}],"curies":[{"name":"wp","href":"https:\/\/api.w.org\/{rel}","templated":true}]}}