{"id":4519,"date":"2022-02-06T09:37:16","date_gmt":"2022-02-06T09:37:16","guid":{"rendered":"https:\/\/motionte.com\/h%c9%99r%c9%99k%c9%99t-texnologiyasi\/"},"modified":"2025-07-02T11:08:18","modified_gmt":"2025-07-02T11:08:18","slug":"h%c9%99r%c9%99k%c9%99t-texnologiyasi","status":"publish","type":"page","link":"https:\/\/motionte.com\/az\/","title":{"rendered":"Motion Technology"},"content":{"rendered":"\t\t<div data-elementor-type=\"wp-page\" data-elementor-id=\"4519\" class=\"elementor elementor-4519 elementor-16\" data-elementor-post-type=\"page\">\n\t\t\t\t<div class=\"elementor-element elementor-element-e75aa86 e-con-full e-flex e-con e-parent\" data-id=\"e75aa86\" data-element_type=\"container\">\n\t\t<div class=\"elementor-element elementor-element-afd626b e-con-full elementor-hidden-mobile e-flex e-con e-child\" data-id=\"afd626b\" data-element_type=\"container\">\n\t\t\t\t<div class=\"elementor-element elementor-element-f090d31 ProdLineWrapper-mainpage e-transform elementor-position-left elementor-vertical-align-middle elementor-widget elementor-widget-image-box\" data-id=\"f090d31\" data-element_type=\"widget\" data-settings=\"{&quot;_transform_scale_effect_hover&quot;:{&quot;unit&quot;:&quot;px&quot;,&quot;size&quot;:1.05,&quot;sizes&quot;:[]},&quot;_transform_scale_effect_hover_tablet&quot;:{&quot;unit&quot;:&quot;px&quot;,&quot;size&quot;:&quot;&quot;,&quot;sizes&quot;:[]},&quot;_transform_scale_effect_hover_mobile&quot;:{&quot;unit&quot;:&quot;px&quot;,&quot;size&quot;:&quot;&quot;,&quot;sizes&quot;:[]}}\" data-widget_type=\"image-box.default\">\n\t\t\t\t<div class=\"elementor-widget-container\">\n\t\t\t<div class=\"elementor-image-box-wrapper\"><figure class=\"elementor-image-box-img\"><a href=\"https:\/\/motionte.com\/az\/ehtiyat-hiss%c9%99l%c9%99ri-2\/\" tabindex=\"-1\"><img loading=\"lazy\" loading=\"lazy\" decoding=\"async\" width=\"210\" height=\"210\" src=\"https:\/\/motionte.com\/wp-content\/uploads\/2024\/11\/Motor-Reducers-transparent-new.png\" class=\"attachment-large size-large wp-image-5180\" alt=\"\" srcset=\"https:\/\/motionte.com\/wp-content\/uploads\/2024\/11\/Motor-Reducers-transparent-new.png 210w, https:\/\/motionte.com\/wp-content\/uploads\/2024\/11\/Motor-Reducers-transparent-new-150x150.png 150w, https:\/\/motionte.com\/wp-content\/uploads\/2024\/11\/Motor-Reducers-transparent-new-100x100.png 100w, https:\/\/motionte.com\/wp-content\/uploads\/2024\/11\/Motor-Reducers-transparent-new-1x1.png 1w, https:\/\/motionte.com\/wp-content\/uploads\/2024\/11\/Motor-Reducers-transparent-new-10x10.png 10w\" sizes=\"auto, (max-width: 210px) 100vw, 210px\" \/><\/a><\/figure><div class=\"elementor-image-box-content\"><h3 class=\"elementor-image-box-title\"><a href=\"https:\/\/motionte.com\/az\/ehtiyat-hiss%c9%99l%c9%99ri-2\/\">EHT\u0130YAT H\u0130SS\u018fL\u018fR\u0130<\/a><\/h3><\/div><\/div>\t\t<\/div>\n\t\t\t\t<\/div>\n\t\t\t\t<div class=\"elementor-element elementor-element-0f4fa11 ProdLineWrapper-mainpage e-transform elementor-position-left elementor-vertical-align-middle elementor-widget elementor-widget-image-box\" data-id=\"0f4fa11\" data-element_type=\"widget\" data-settings=\"{&quot;_transform_scale_effect_hover&quot;:{&quot;unit&quot;:&quot;px&quot;,&quot;size&quot;:1.05,&quot;sizes&quot;:[]},&quot;_transform_scale_effect_hover_tablet&quot;:{&quot;unit&quot;:&quot;px&quot;,&quot;size&quot;:&quot;&quot;,&quot;sizes&quot;:[]},&quot;_transform_scale_effect_hover_mobile&quot;:{&quot;unit&quot;:&quot;px&quot;,&quot;size&quot;:&quot;&quot;,&quot;sizes&quot;:[]}}\" data-widget_type=\"image-box.default\">\n\t\t\t\t<div class=\"elementor-widget-container\">\n\t\t\t<div class=\"elementor-image-box-wrapper\"><figure class=\"elementor-image-box-img\"><a href=\"https:\/\/motionte.com\/az\/masinlar-2\/\" tabindex=\"-1\"><img loading=\"lazy\" loading=\"lazy\" decoding=\"async\" width=\"210\" height=\"210\" src=\"https:\/\/motionte.com\/wp-content\/uploads\/2024\/08\/Ptroduction-Lines-transparent.png\" class=\"attachment-large size-large wp-image-2351\" alt=\"\" srcset=\"https:\/\/motionte.com\/wp-content\/uploads\/2024\/08\/Ptroduction-Lines-transparent.png 210w, https:\/\/motionte.com\/wp-content\/uploads\/2024\/08\/Ptroduction-Lines-transparent-150x150.png 150w, https:\/\/motionte.com\/wp-content\/uploads\/2024\/08\/Ptroduction-Lines-transparent-100x100.png 100w, https:\/\/motionte.com\/wp-content\/uploads\/2024\/08\/Ptroduction-Lines-transparent-1x1.png 1w, https:\/\/motionte.com\/wp-content\/uploads\/2024\/08\/Ptroduction-Lines-transparent-10x10.png 10w\" sizes=\"auto, (max-width: 210px) 100vw, 210px\" \/><\/a><\/figure><div class=\"elementor-image-box-content\"><h3 class=\"elementor-image-box-title\"><a href=\"https:\/\/motionte.com\/az\/masinlar-2\/\">MA\u015eINLAR<\/a><\/h3><\/div><\/div>\t\t<\/div>\n\t\t\t\t<\/div>\n\t\t\t\t<\/div>\n\t\t<div class=\"elementor-element elementor-element-15ea94f e-con-full e-flex e-con e-child\" data-id=\"15ea94f\" data-element_type=\"container\" data-settings=\"{&quot;background_background&quot;:&quot;video&quot;,&quot;background_video_link&quot;:&quot;https:\\\/\\\/motionte.com\\\/wp-content\\\/uploads\\\/2025\\\/04\\\/MT_Web_Updated_Updated.mp4&quot;,&quot;background_play_on_mobile&quot;:&quot;yes&quot;}\">\n\t\t<div class=\"elementor-background-video-container\">\n\t\t\t\t\t\t\t<video class=\"elementor-background-video-hosted elementor-html5-video\" autoplay muted playsinline loop><\/video>\n\t\t\t\t\t<\/div><div class=\"elementor-element elementor-element-9bf3153 e-con-full e-flex e-con e-child\" data-id=\"9bf3153\" data-element_type=\"container\">\n\t\t\t\t<div class=\"elementor-element elementor-element-ff10d7f elementor-hidden-desktop elementor-hidden-tablet elementor-hidden-mobile elementor-widget elementor-widget-heading\" data-id=\"ff10d7f\" data-element_type=\"widget\" data-widget_type=\"heading.default\">\n\t\t\t\t<div class=\"elementor-widget-container\">\n\t\t\t<h1 class=\"elementor-heading-title elementor-size-default\">Ba\u015fl\u0131q M\u0259tninizi Bura \u0259lav\u0259 edin<\/h1>\t\t<\/div>\n\t\t\t\t<\/div>\n\t\t\t\t<\/div>\n\t\t<div class=\"elementor-element elementor-element-4543fbc e-con-full e-flex e-con e-child\" data-id=\"4543fbc\" data-element_type=\"container\">\n\t\t\t\t<div class=\"elementor-element elementor-element-f4454c7 elementor-hidden-desktop elementor-hidden-tablet elementor-hidden-mobile elementor-widget elementor-widget-text-editor\" data-id=\"f4454c7\" data-element_type=\"widget\" data-widget_type=\"text-editor.default\">\n\t\t\t\t<div class=\"elementor-widget-container\">\n\t\t\t\t\t\t\t<p>Lorem ipsum dolor sit amet, consectetur adipiscing elit. Ut elit tellus, luctus nec ullamcorper mattis, pulvinar dapibus leo.<\/p>\t\t\t\t\t\t<\/div>\n\t\t\t\t<\/div>\n\t\t\t\t<\/div>\n\t\t\t\t<\/div>\n\t\t\t\t<\/div>\n\t\t<div class=\"elementor-element elementor-element-6eebf39 e-con-full elementor-hidden-desktop elementor-hidden-tablet e-flex e-con e-parent\" data-id=\"6eebf39\" data-element_type=\"container\">\n\t\t<div class=\"elementor-element elementor-element-ce2a14a e-con-full e-flex e-con e-child\" data-id=\"ce2a14a\" data-element_type=\"container\">\n\t\t\t\t<div class=\"elementor-element elementor-element-bb64a63 ProdLineWrapper e-transform elementor-position-top elementor-widget elementor-widget-image-box\" data-id=\"bb64a63\" data-element_type=\"widget\" data-settings=\"{&quot;_transform_scale_effect_hover&quot;:{&quot;unit&quot;:&quot;px&quot;,&quot;size&quot;:1.05,&quot;sizes&quot;:[]},&quot;_transform_scale_effect_hover_tablet&quot;:{&quot;unit&quot;:&quot;px&quot;,&quot;size&quot;:&quot;&quot;,&quot;sizes&quot;:[]},&quot;_transform_scale_effect_hover_mobile&quot;:{&quot;unit&quot;:&quot;px&quot;,&quot;size&quot;:&quot;&quot;,&quot;sizes&quot;:[]}}\" data-widget_type=\"image-box.default\">\n\t\t\t\t<div class=\"elementor-widget-container\">\n\t\t\t<div class=\"elementor-image-box-wrapper\"><figure class=\"elementor-image-box-img\"><a href=\"https:\/\/motionte.com\/product-category\/production-lines\/\" tabindex=\"-1\"><img loading=\"lazy\" loading=\"lazy\" decoding=\"async\" width=\"210\" height=\"210\" src=\"https:\/\/motionte.com\/wp-content\/uploads\/2024\/08\/Ptroduction-Lines-transparent.png\" class=\"attachment-large size-large wp-image-2351\" alt=\"\" srcset=\"https:\/\/motionte.com\/wp-content\/uploads\/2024\/08\/Ptroduction-Lines-transparent.png 210w, https:\/\/motionte.com\/wp-content\/uploads\/2024\/08\/Ptroduction-Lines-transparent-150x150.png 150w, https:\/\/motionte.com\/wp-content\/uploads\/2024\/08\/Ptroduction-Lines-transparent-100x100.png 100w, https:\/\/motionte.com\/wp-content\/uploads\/2024\/08\/Ptroduction-Lines-transparent-1x1.png 1w, https:\/\/motionte.com\/wp-content\/uploads\/2024\/08\/Ptroduction-Lines-transparent-10x10.png 10w\" sizes=\"auto, (max-width: 210px) 100vw, 210px\" \/><\/a><\/figure><div class=\"elementor-image-box-content\"><h3 class=\"elementor-image-box-title\"><a href=\"https:\/\/motionte.com\/product-category\/production-lines\/\">Ma\u015f\u0131nlar<\/a><\/h3><\/div><\/div>\t\t<\/div>\n\t\t\t\t<\/div>\n\t\t\t\t<\/div>\n\t\t<div class=\"elementor-element elementor-element-a45d2da e-con-full e-flex e-con e-child\" data-id=\"a45d2da\" data-element_type=\"container\">\n\t\t\t\t<div class=\"elementor-element elementor-element-b6f39d5 ProdLineWrapper e-transform elementor-position-top elementor-widget elementor-widget-image-box\" data-id=\"b6f39d5\" data-element_type=\"widget\" data-settings=\"{&quot;_transform_scale_effect_hover&quot;:{&quot;unit&quot;:&quot;px&quot;,&quot;size&quot;:1.05,&quot;sizes&quot;:[]},&quot;_transform_scale_effect_hover_tablet&quot;:{&quot;unit&quot;:&quot;px&quot;,&quot;size&quot;:&quot;&quot;,&quot;sizes&quot;:[]},&quot;_transform_scale_effect_hover_mobile&quot;:{&quot;unit&quot;:&quot;px&quot;,&quot;size&quot;:&quot;&quot;,&quot;sizes&quot;:[]}}\" data-widget_type=\"image-box.default\">\n\t\t\t\t<div class=\"elementor-widget-container\">\n\t\t\t<div class=\"elementor-image-box-wrapper\"><figure class=\"elementor-image-box-img\"><a href=\"https:\/\/motionte.com\/product-category\/motor-reducers\/\" tabindex=\"-1\"><img loading=\"lazy\" loading=\"lazy\" decoding=\"async\" width=\"210\" height=\"210\" src=\"https:\/\/motionte.com\/wp-content\/uploads\/2024\/08\/Motor-Reducers-transparent.png\" class=\"attachment-large size-large wp-image-2350\" alt=\"\" srcset=\"https:\/\/motionte.com\/wp-content\/uploads\/2024\/08\/Motor-Reducers-transparent.png 210w, https:\/\/motionte.com\/wp-content\/uploads\/2024\/08\/Motor-Reducers-transparent-150x150.png 150w, https:\/\/motionte.com\/wp-content\/uploads\/2024\/08\/Motor-Reducers-transparent-100x100.png 100w, https:\/\/motionte.com\/wp-content\/uploads\/2024\/08\/Motor-Reducers-transparent-1x1.png 1w, https:\/\/motionte.com\/wp-content\/uploads\/2024\/08\/Motor-Reducers-transparent-10x10.png 10w\" sizes=\"auto, (max-width: 210px) 100vw, 210px\" \/><\/a><\/figure><div class=\"elementor-image-box-content\"><h3 class=\"elementor-image-box-title\"><a href=\"https:\/\/motionte.com\/product-category\/motor-reducers\/\">Ehtiyat hiss\u0259l\u0259ri<\/a><\/h3><\/div><\/div>\t\t<\/div>\n\t\t\t\t<\/div>\n\t\t\t\t<\/div>\n\t\t\t\t<\/div>\n\t\t\t\t<\/div>\n\t\t","protected":false},"excerpt":{"rendered":"<p>EHT\u0130YAT H\u0130SS\u018fL\u018fR\u0130 MA\u015eINLAR Ba\u015fl\u0131q M\u0259tninizi Bura \u0259lav\u0259 edin Lorem ipsum dolor sit amet, consectetur adipiscing elit. Ut elit tellus, luctus nec ullamcorper mattis, pulvinar dapibus leo. Ma\u015f\u0131nlar Ehtiyat hiss\u0259l\u0259ri<\/p>\n","protected":false},"author":1,"featured_media":0,"parent":0,"menu_order":0,"comment_status":"closed","ping_status":"closed","template":"","meta":{"om_disable_all_campaigns":false,"_monsterinsights_skip_tracking":false,"_monsterinsights_sitenote_active":false,"_monsterinsights_sitenote_note":"","_monsterinsights_sitenote_category":0,"footnotes":""},"class_list":["post-4519","page","type-page","status-publish","hentry"],"aioseo_notices":[],"_links":{"self":[{"href":"https:\/\/motionte.com\/az\/wp-json\/wp\/v2\/pages\/4519","targetHints":{"allow":["GET"]}}],"collection":[{"href":"https:\/\/motionte.com\/az\/wp-json\/wp\/v2\/pages"}],"about":[{"href":"https:\/\/motionte.com\/az\/wp-json\/wp\/v2\/types\/page"}],"author":[{"embeddable":true,"href":"https:\/\/motionte.com\/az\/wp-json\/wp\/v2\/users\/1"}],"replies":[{"embeddable":true,"href":"https:\/\/motionte.com\/az\/wp-json\/wp\/v2\/comments?post=4519"}],"version-history":[{"count":39,"href":"https:\/\/motionte.com\/az\/wp-json\/wp\/v2\/pages\/4519\/revisions"}],"predecessor-version":[{"id":7188,"href":"https:\/\/motionte.com\/az\/wp-json\/wp\/v2\/pages\/4519\/revisions\/7188"}],"wp:attachment":[{"href":"https:\/\/motionte.com\/az\/wp-json\/wp\/v2\/media?parent=4519"}],"curies":[{"name":"wp","href":"https:\/\/api.w.org\/{rel}","templated":true}]}}