{"id":4389,"date":"2024-10-29T11:52:01","date_gmt":"2024-10-29T11:52:01","guid":{"rendered":"https:\/\/motionte.com\/masinlar-2\/"},"modified":"2025-07-02T10:54:05","modified_gmt":"2025-07-02T10:54:05","slug":"masinlar-2","status":"publish","type":"page","link":"https:\/\/motionte.com\/az\/masinlar-2\/","title":{"rendered":"Ma\u015f\u0131nlar"},"content":{"rendered":"\t\t<div data-elementor-type=\"wp-page\" data-elementor-id=\"4389\" class=\"elementor elementor-4389 elementor-4379\" data-elementor-post-type=\"page\">\n\t\t\t\t<div class=\"elementor-element elementor-element-e75aa86 e-con-full e-flex e-con e-parent\" data-id=\"e75aa86\" data-element_type=\"container\">\n\t\t<div class=\"elementor-element elementor-element-afd626b e-con-full e-flex e-con e-child\" data-id=\"afd626b\" data-element_type=\"container\">\n\t\t\t\t<div class=\"elementor-element elementor-element-0f4fa11 ProdLineWrapper-mainpage e-transform elementor-position-left elementor-vertical-align-middle elementor-widget elementor-widget-image-box\" data-id=\"0f4fa11\" data-element_type=\"widget\" data-settings=\"{&quot;_transform_scale_effect_hover&quot;:{&quot;unit&quot;:&quot;px&quot;,&quot;size&quot;:1.05,&quot;sizes&quot;:[]},&quot;_transform_scale_effect_hover_tablet&quot;:{&quot;unit&quot;:&quot;px&quot;,&quot;size&quot;:&quot;&quot;,&quot;sizes&quot;:[]},&quot;_transform_scale_effect_hover_mobile&quot;:{&quot;unit&quot;:&quot;px&quot;,&quot;size&quot;:&quot;&quot;,&quot;sizes&quot;:[]}}\" data-widget_type=\"image-box.default\">\n\t\t\t\t<div class=\"elementor-widget-container\">\n\t\t\t<div class=\"elementor-image-box-wrapper\"><figure class=\"elementor-image-box-img\"><a href=\"https:\/\/motionte.com\/az\/?page_id=4341\" tabindex=\"-1\"><img loading=\"lazy\" loading=\"lazy\" decoding=\"async\" width=\"500\" height=\"500\" src=\"https:\/\/motionte.com\/wp-content\/uploads\/2024\/10\/Untitled_design__2_-removebg-preview.png\" class=\"attachment-large size-large wp-image-2926\" alt=\"\" srcset=\"https:\/\/motionte.com\/wp-content\/uploads\/2024\/10\/Untitled_design__2_-removebg-preview.png 500w, https:\/\/motionte.com\/wp-content\/uploads\/2024\/10\/Untitled_design__2_-removebg-preview-300x300.png 300w, https:\/\/motionte.com\/wp-content\/uploads\/2024\/10\/Untitled_design__2_-removebg-preview-150x150.png 150w, https:\/\/motionte.com\/wp-content\/uploads\/2024\/10\/Untitled_design__2_-removebg-preview-100x100.png 100w, https:\/\/motionte.com\/wp-content\/uploads\/2024\/10\/Untitled_design__2_-removebg-preview-1x1.png 1w, https:\/\/motionte.com\/wp-content\/uploads\/2024\/10\/Untitled_design__2_-removebg-preview-10x10.png 10w\" sizes=\"auto, (max-width: 500px) 100vw, 500px\" \/><\/a><\/figure><div class=\"elementor-image-box-content\"><h3 class=\"elementor-image-box-title\"><a href=\"https:\/\/motionte.com\/az\/?page_id=4341\">\u0130STEHSAL X\u018fTL\u018fR\u0130<\/a><\/h3><\/div><\/div>\t\t<\/div>\n\t\t\t\t<\/div>\n\t\t\t\t<div class=\"elementor-element elementor-element-f090d31 ProdLineWrapper-mainpage e-transform elementor-position-left elementor-vertical-align-middle elementor-widget elementor-widget-image-box\" data-id=\"f090d31\" data-element_type=\"widget\" data-settings=\"{&quot;_transform_scale_effect_hover&quot;:{&quot;unit&quot;:&quot;px&quot;,&quot;size&quot;:1.05,&quot;sizes&quot;:[]},&quot;_transform_scale_effect_hover_tablet&quot;:{&quot;unit&quot;:&quot;px&quot;,&quot;size&quot;:&quot;&quot;,&quot;sizes&quot;:[]},&quot;_transform_scale_effect_hover_mobile&quot;:{&quot;unit&quot;:&quot;px&quot;,&quot;size&quot;:&quot;&quot;,&quot;sizes&quot;:[]}}\" data-widget_type=\"image-box.default\">\n\t\t\t\t<div class=\"elementor-widget-container\">\n\t\t\t<div class=\"elementor-image-box-wrapper\"><figure class=\"elementor-image-box-img\"><a href=\"https:\/\/motionte.com\/az\/product-category\/muxt%c9%99lif-avadanliqlar\/\" tabindex=\"-1\"><img loading=\"lazy\" loading=\"lazy\" decoding=\"async\" width=\"500\" height=\"500\" src=\"https:\/\/motionte.com\/wp-content\/uploads\/2024\/10\/Untitled_design__4_-removebg-preview-1.png\" class=\"attachment-large size-large wp-image-2951\" alt=\"\" srcset=\"https:\/\/motionte.com\/wp-content\/uploads\/2024\/10\/Untitled_design__4_-removebg-preview-1.png 500w, https:\/\/motionte.com\/wp-content\/uploads\/2024\/10\/Untitled_design__4_-removebg-preview-1-300x300.png 300w, https:\/\/motionte.com\/wp-content\/uploads\/2024\/10\/Untitled_design__4_-removebg-preview-1-150x150.png 150w, https:\/\/motionte.com\/wp-content\/uploads\/2024\/10\/Untitled_design__4_-removebg-preview-1-100x100.png 100w, https:\/\/motionte.com\/wp-content\/uploads\/2024\/10\/Untitled_design__4_-removebg-preview-1-1x1.png 1w, https:\/\/motionte.com\/wp-content\/uploads\/2024\/10\/Untitled_design__4_-removebg-preview-1-10x10.png 10w\" sizes=\"auto, (max-width: 500px) 100vw, 500px\" \/><\/a><\/figure><div class=\"elementor-image-box-content\"><h3 class=\"elementor-image-box-title\"><a href=\"https:\/\/motionte.com\/az\/product-category\/muxt%c9%99lif-avadanliqlar\/\">X\u00dcSUSU AVADANLIQLAR<\/a><\/h3><\/div><\/div>\t\t<\/div>\n\t\t\t\t<\/div>\n\t\t\t\t<\/div>\n\t\t<div class=\"elementor-element elementor-element-15ea94f e-con-full e-flex e-con e-child\" data-id=\"15ea94f\" data-element_type=\"container\" data-settings=\"{&quot;background_background&quot;:&quot;video&quot;,&quot;background_video_link&quot;:&quot;https:\\\/\\\/motionte.com\\\/wp-content\\\/uploads\\\/2024\\\/09\\\/Web_Video_Final.mp4&quot;}\">\n\t\t<div class=\"elementor-background-video-container elementor-hidden-mobile\">\n\t\t\t\t\t\t\t<video class=\"elementor-background-video-hosted elementor-html5-video\" autoplay muted playsinline loop><\/video>\n\t\t\t\t\t<\/div><div class=\"elementor-element elementor-element-9bf3153 e-con-full elementor-hidden-desktop elementor-hidden-tablet elementor-hidden-mobile e-flex e-con e-child\" data-id=\"9bf3153\" data-element_type=\"container\">\n\t\t\t\t<div class=\"elementor-element elementor-element-ff10d7f elementor-widget elementor-widget-heading\" data-id=\"ff10d7f\" data-element_type=\"widget\" data-widget_type=\"heading.default\">\n\t\t\t\t<div class=\"elementor-widget-container\">\n\t\t\t<h1 class=\"elementor-heading-title elementor-size-default\">Ma\u015f\u0131nlar<\/h1>\t\t<\/div>\n\t\t\t\t<\/div>\n\t\t\t\t<\/div>\n\t\t<div class=\"elementor-element elementor-element-4543fbc e-con-full elementor-hidden-desktop elementor-hidden-tablet elementor-hidden-mobile e-flex e-con e-child\" data-id=\"4543fbc\" data-element_type=\"container\">\n\t\t\t\t<div class=\"elementor-element elementor-element-f4454c7 elementor-widget elementor-widget-text-editor\" data-id=\"f4454c7\" data-element_type=\"widget\" data-widget_type=\"text-editor.default\">\n\t\t\t\t<div class=\"elementor-widget-container\">\n\t\t\t\t\t\t\t<p>Lorem ipsum dolor sit amet, consectetur adipiscing elit. Ut elit tellus, luctus nec ullamcorper mattis, pulvinar dapibus leo.<\/p>\t\t\t\t\t\t<\/div>\n\t\t\t\t<\/div>\n\t\t\t\t<\/div>\n\t\t\t\t<\/div>\n\t\t\t\t<\/div>\n\t\t<div class=\"elementor-element elementor-element-016a38b e-con-full elementor-hidden-desktop elementor-hidden-tablet e-flex e-con e-parent\" data-id=\"016a38b\" data-element_type=\"container\">\n\t\t<div class=\"elementor-element elementor-element-970df31 e-con-full e-flex e-con e-child\" data-id=\"970df31\" data-element_type=\"container\">\n\t\t\t\t<div class=\"elementor-element elementor-element-2e6d117 ProdLineWrapper e-transform elementor-position-top elementor-widget elementor-widget-image-box\" data-id=\"2e6d117\" data-element_type=\"widget\" data-settings=\"{&quot;_transform_scale_effect_hover&quot;:{&quot;unit&quot;:&quot;px&quot;,&quot;size&quot;:1.05,&quot;sizes&quot;:[]},&quot;_transform_scale_effect_hover_tablet&quot;:{&quot;unit&quot;:&quot;px&quot;,&quot;size&quot;:&quot;&quot;,&quot;sizes&quot;:[]},&quot;_transform_scale_effect_hover_mobile&quot;:{&quot;unit&quot;:&quot;px&quot;,&quot;size&quot;:&quot;&quot;,&quot;sizes&quot;:[]}}\" data-widget_type=\"image-box.default\">\n\t\t\t\t<div class=\"elementor-widget-container\">\n\t\t\t<div class=\"elementor-image-box-wrapper\"><figure class=\"elementor-image-box-img\"><a href=\"https:\/\/motionte.com\/az\/?page_id=4341\" tabindex=\"-1\"><img loading=\"lazy\" loading=\"lazy\" decoding=\"async\" width=\"500\" height=\"500\" src=\"https:\/\/motionte.com\/wp-content\/uploads\/2024\/11\/Untitled_design__2_-removebg-preview-1.png\" class=\"attachment-large size-large wp-image-5329\" alt=\"\" srcset=\"https:\/\/motionte.com\/wp-content\/uploads\/2024\/11\/Untitled_design__2_-removebg-preview-1.png 500w, https:\/\/motionte.com\/wp-content\/uploads\/2024\/11\/Untitled_design__2_-removebg-preview-1-300x300.png 300w, https:\/\/motionte.com\/wp-content\/uploads\/2024\/11\/Untitled_design__2_-removebg-preview-1-150x150.png 150w, https:\/\/motionte.com\/wp-content\/uploads\/2024\/11\/Untitled_design__2_-removebg-preview-1-100x100.png 100w, https:\/\/motionte.com\/wp-content\/uploads\/2024\/11\/Untitled_design__2_-removebg-preview-1-1x1.png 1w, https:\/\/motionte.com\/wp-content\/uploads\/2024\/11\/Untitled_design__2_-removebg-preview-1-10x10.png 10w\" sizes=\"auto, (max-width: 500px) 100vw, 500px\" \/><\/a><\/figure><div class=\"elementor-image-box-content\"><h3 class=\"elementor-image-box-title\"><a href=\"https:\/\/motionte.com\/az\/?page_id=4341\">\u0130stehsal x\u0259tl\u0259ri<\/a><\/h3><\/div><\/div>\t\t<\/div>\n\t\t\t\t<\/div>\n\t\t\t\t<\/div>\n\t\t<div class=\"elementor-element elementor-element-387e650 e-con-full e-flex e-con e-child\" data-id=\"387e650\" data-element_type=\"container\">\n\t\t\t\t<div class=\"elementor-element elementor-element-41e764a ProdLineWrapper e-transform elementor-position-top elementor-widget elementor-widget-image-box\" data-id=\"41e764a\" data-element_type=\"widget\" data-settings=\"{&quot;_transform_scale_effect_hover&quot;:{&quot;unit&quot;:&quot;px&quot;,&quot;size&quot;:1.05,&quot;sizes&quot;:[]},&quot;_transform_scale_effect_hover_tablet&quot;:{&quot;unit&quot;:&quot;px&quot;,&quot;size&quot;:&quot;&quot;,&quot;sizes&quot;:[]},&quot;_transform_scale_effect_hover_mobile&quot;:{&quot;unit&quot;:&quot;px&quot;,&quot;size&quot;:&quot;&quot;,&quot;sizes&quot;:[]}}\" data-widget_type=\"image-box.default\">\n\t\t\t\t<div class=\"elementor-widget-container\">\n\t\t\t<div class=\"elementor-image-box-wrapper\"><figure class=\"elementor-image-box-img\"><a href=\"https:\/\/motionte.com\/az\/product-category\/muxt%c9%99lif-avadanliqlar\/\" tabindex=\"-1\"><img loading=\"lazy\" loading=\"lazy\" decoding=\"async\" width=\"500\" height=\"500\" src=\"https:\/\/motionte.com\/wp-content\/uploads\/2024\/11\/Untitled_design__4_-removebg-preview-1-1.png\" class=\"attachment-large size-large wp-image-5332\" alt=\"\" srcset=\"https:\/\/motionte.com\/wp-content\/uploads\/2024\/11\/Untitled_design__4_-removebg-preview-1-1.png 500w, https:\/\/motionte.com\/wp-content\/uploads\/2024\/11\/Untitled_design__4_-removebg-preview-1-1-300x300.png 300w, https:\/\/motionte.com\/wp-content\/uploads\/2024\/11\/Untitled_design__4_-removebg-preview-1-1-150x150.png 150w, https:\/\/motionte.com\/wp-content\/uploads\/2024\/11\/Untitled_design__4_-removebg-preview-1-1-100x100.png 100w, https:\/\/motionte.com\/wp-content\/uploads\/2024\/11\/Untitled_design__4_-removebg-preview-1-1-1x1.png 1w, https:\/\/motionte.com\/wp-content\/uploads\/2024\/11\/Untitled_design__4_-removebg-preview-1-1-10x10.png 10w\" sizes=\"auto, (max-width: 500px) 100vw, 500px\" \/><\/a><\/figure><div class=\"elementor-image-box-content\"><h3 class=\"elementor-image-box-title\"><a href=\"https:\/\/motionte.com\/az\/product-category\/muxt%c9%99lif-avadanliqlar\/\">Ayr\u0131 Qura\u015fd\u0131rmalar<\/a><\/h3><\/div><\/div>\t\t<\/div>\n\t\t\t\t<\/div>\n\t\t\t\t<\/div>\n\t\t\t\t<\/div>\n\t\t\t\t<\/div>\n\t\t","protected":false},"excerpt":{"rendered":"<p>\u0130STEHSAL X\u018fTL\u018fR\u0130 X\u00dcSUSU AVADANLIQLAR Ma\u015f\u0131nlar Lorem ipsum dolor sit amet, consectetur adipiscing elit. Ut elit tellus, luctus nec ullamcorper mattis, pulvinar dapibus leo. \u0130stehsal x\u0259tl\u0259ri Ayr\u0131 Qura\u015fd\u0131rmalar<\/p>\n","protected":false},"author":1,"featured_media":0,"parent":0,"menu_order":0,"comment_status":"closed","ping_status":"closed","template":"","meta":{"om_disable_all_campaigns":false,"_monsterinsights_skip_tracking":false,"_monsterinsights_sitenote_active":false,"_monsterinsights_sitenote_note":"","_monsterinsights_sitenote_category":0,"footnotes":""},"class_list":["post-4389","page","type-page","status-publish","hentry"],"aioseo_notices":[],"_links":{"self":[{"href":"https:\/\/motionte.com\/az\/wp-json\/wp\/v2\/pages\/4389","targetHints":{"allow":["GET"]}}],"collection":[{"href":"https:\/\/motionte.com\/az\/wp-json\/wp\/v2\/pages"}],"about":[{"href":"https:\/\/motionte.com\/az\/wp-json\/wp\/v2\/types\/page"}],"author":[{"embeddable":true,"href":"https:\/\/motionte.com\/az\/wp-json\/wp\/v2\/users\/1"}],"replies":[{"embeddable":true,"href":"https:\/\/motionte.com\/az\/wp-json\/wp\/v2\/comments?post=4389"}],"version-history":[{"count":17,"href":"https:\/\/motionte.com\/az\/wp-json\/wp\/v2\/pages\/4389\/revisions"}],"predecessor-version":[{"id":7182,"href":"https:\/\/motionte.com\/az\/wp-json\/wp\/v2\/pages\/4389\/revisions\/7182"}],"wp:attachment":[{"href":"https:\/\/motionte.com\/az\/wp-json\/wp\/v2\/media?parent=4389"}],"curies":[{"name":"wp","href":"https:\/\/api.w.org\/{rel}","templated":true}]}}