{"id":4341,"date":"2024-07-16T11:51:10","date_gmt":"2024-07-16T11:51:10","guid":{"rendered":"https:\/\/motionte.com\/istehsal-x%c9%99tl%c9%99ri\/"},"modified":"2025-07-02T08:22:34","modified_gmt":"2025-07-02T08:22:34","slug":"istehsal-x%c9%99tl%c9%99ri","status":"publish","type":"page","link":"https:\/\/motionte.com\/az\/istehsal-x%c9%99tl%c9%99ri\/","title":{"rendered":"M\u00fcxt\u0259lif avadanl\u0131qlar"},"content":{"rendered":"\t\t<div data-elementor-type=\"wp-page\" data-elementor-id=\"4341\" class=\"elementor elementor-4341 elementor-2078\" data-elementor-post-type=\"page\">\n\t\t\t\t<div class=\"elementor-element elementor-element-ccc2682 e-flex e-con-boxed e-con e-parent\" data-id=\"ccc2682\" data-element_type=\"container\">\n\t\t\t\t\t<div class=\"e-con-inner\">\n\t\t<div class=\"elementor-element elementor-element-891cc89 e-con-full e-flex e-con e-child\" data-id=\"891cc89\" data-element_type=\"container\">\n\t\t\t\t<div class=\"elementor-element elementor-element-4a551e2 ProdLineWrapper e-transform elementor-position-top elementor-widget elementor-widget-image-box\" data-id=\"4a551e2\" data-element_type=\"widget\" data-settings=\"{&quot;_transform_scale_effect_hover&quot;:{&quot;unit&quot;:&quot;px&quot;,&quot;size&quot;:1.1,&quot;sizes&quot;:[]},&quot;_transform_scale_effect_hover_tablet&quot;:{&quot;unit&quot;:&quot;px&quot;,&quot;size&quot;:&quot;&quot;,&quot;sizes&quot;:[]},&quot;_transform_scale_effect_hover_mobile&quot;:{&quot;unit&quot;:&quot;px&quot;,&quot;size&quot;:&quot;&quot;,&quot;sizes&quot;:[]}}\" data-widget_type=\"image-box.default\">\n\t\t\t\t<div class=\"elementor-widget-container\">\n\t\t\t<div class=\"elementor-image-box-wrapper\"><figure class=\"elementor-image-box-img\"><a href=\"https:\/\/motionte.com\/product-category\/hazelnut-processing-line\/\" tabindex=\"-1\"><img loading=\"lazy\" loading=\"lazy\" decoding=\"async\" width=\"1024\" height=\"1024\" src=\"https:\/\/motionte.com\/wp-content\/uploads\/2025\/02\/Hazelnut-1.png\" class=\"attachment-large size-large wp-image-5976\" alt=\"\" srcset=\"https:\/\/motionte.com\/wp-content\/uploads\/2025\/02\/Hazelnut-1.png 1024w, https:\/\/motionte.com\/wp-content\/uploads\/2025\/02\/Hazelnut-1-300x300.png 300w, https:\/\/motionte.com\/wp-content\/uploads\/2025\/02\/Hazelnut-1-150x150.png 150w, https:\/\/motionte.com\/wp-content\/uploads\/2025\/02\/Hazelnut-1-768x768.png 768w, https:\/\/motionte.com\/wp-content\/uploads\/2025\/02\/Hazelnut-1-600x600.png 600w, https:\/\/motionte.com\/wp-content\/uploads\/2025\/02\/Hazelnut-1-100x100.png 100w, https:\/\/motionte.com\/wp-content\/uploads\/2025\/02\/Hazelnut-1-1x1.png 1w, https:\/\/motionte.com\/wp-content\/uploads\/2025\/02\/Hazelnut-1-10x10.png 10w\" sizes=\"auto, (max-width: 1024px) 100vw, 1024px\" \/><\/a><\/figure><div class=\"elementor-image-box-content\"><h3 class=\"elementor-image-box-title\"><a href=\"https:\/\/motionte.com\/product-category\/hazelnut-processing-line\/\">FINDIQ<br>EMAL X\u018fTT\u0130<\/a><\/h3><\/div><\/div>\t\t<\/div>\n\t\t\t\t<\/div>\n\t\t\t\t<\/div>\n\t\t<div class=\"elementor-element elementor-element-acd489d e-con-full e-flex e-con e-child\" data-id=\"acd489d\" data-element_type=\"container\">\n\t\t\t\t<div class=\"elementor-element elementor-element-4f58700 ProdLineWrapper e-transform elementor-position-top elementor-widget elementor-widget-image-box\" data-id=\"4f58700\" data-element_type=\"widget\" data-settings=\"{&quot;_transform_scale_effect_hover&quot;:{&quot;unit&quot;:&quot;px&quot;,&quot;size&quot;:1.1,&quot;sizes&quot;:[]},&quot;_transform_scale_effect_hover_tablet&quot;:{&quot;unit&quot;:&quot;px&quot;,&quot;size&quot;:&quot;&quot;,&quot;sizes&quot;:[]},&quot;_transform_scale_effect_hover_mobile&quot;:{&quot;unit&quot;:&quot;px&quot;,&quot;size&quot;:&quot;&quot;,&quot;sizes&quot;:[]}}\" data-widget_type=\"image-box.default\">\n\t\t\t\t<div class=\"elementor-widget-container\">\n\t\t\t<div class=\"elementor-image-box-wrapper\"><figure class=\"elementor-image-box-img\"><a href=\"https:\/\/motionte.com\/product-category\/walnut-processing-line\/\" tabindex=\"-1\"><img loading=\"lazy\" loading=\"lazy\" decoding=\"async\" width=\"1024\" height=\"1024\" src=\"https:\/\/motionte.com\/wp-content\/uploads\/2025\/02\/Walnut-1.png\" class=\"attachment-large size-large wp-image-5985\" alt=\"\" srcset=\"https:\/\/motionte.com\/wp-content\/uploads\/2025\/02\/Walnut-1.png 1024w, https:\/\/motionte.com\/wp-content\/uploads\/2025\/02\/Walnut-1-300x300.png 300w, https:\/\/motionte.com\/wp-content\/uploads\/2025\/02\/Walnut-1-150x150.png 150w, https:\/\/motionte.com\/wp-content\/uploads\/2025\/02\/Walnut-1-768x768.png 768w, https:\/\/motionte.com\/wp-content\/uploads\/2025\/02\/Walnut-1-600x600.png 600w, https:\/\/motionte.com\/wp-content\/uploads\/2025\/02\/Walnut-1-100x100.png 100w, https:\/\/motionte.com\/wp-content\/uploads\/2025\/02\/Walnut-1-1x1.png 1w, https:\/\/motionte.com\/wp-content\/uploads\/2025\/02\/Walnut-1-10x10.png 10w\" sizes=\"auto, (max-width: 1024px) 100vw, 1024px\" \/><\/a><\/figure><div class=\"elementor-image-box-content\"><h3 class=\"elementor-image-box-title\"><a href=\"https:\/\/motionte.com\/product-category\/walnut-processing-line\/\">QOZ<br>EMAL X\u018fTT\u0130<\/a><\/h3><\/div><\/div>\t\t<\/div>\n\t\t\t\t<\/div>\n\t\t\t\t<\/div>\n\t\t<div class=\"elementor-element elementor-element-afacdb1 e-con-full e-flex e-con e-child\" data-id=\"afacdb1\" data-element_type=\"container\">\n\t\t\t\t<div class=\"elementor-element elementor-element-f7165eb ProdLineWrapper e-transform elementor-position-top elementor-widget elementor-widget-image-box\" data-id=\"f7165eb\" data-element_type=\"widget\" data-settings=\"{&quot;_transform_scale_effect_hover&quot;:{&quot;unit&quot;:&quot;px&quot;,&quot;size&quot;:1.1,&quot;sizes&quot;:[]},&quot;_transform_scale_effect_hover_tablet&quot;:{&quot;unit&quot;:&quot;px&quot;,&quot;size&quot;:&quot;&quot;,&quot;sizes&quot;:[]},&quot;_transform_scale_effect_hover_mobile&quot;:{&quot;unit&quot;:&quot;px&quot;,&quot;size&quot;:&quot;&quot;,&quot;sizes&quot;:[]}}\" data-widget_type=\"image-box.default\">\n\t\t\t\t<div class=\"elementor-widget-container\">\n\t\t\t<div class=\"elementor-image-box-wrapper\"><figure class=\"elementor-image-box-img\"><a href=\"https:\/\/motionte.com\/product-category\/almond-processing-line\/\" tabindex=\"-1\"><img loading=\"lazy\" loading=\"lazy\" decoding=\"async\" width=\"1024\" height=\"1024\" src=\"https:\/\/motionte.com\/wp-content\/uploads\/2025\/02\/almond-1.png\" class=\"attachment-large size-large wp-image-5964\" alt=\"\" srcset=\"https:\/\/motionte.com\/wp-content\/uploads\/2025\/02\/almond-1.png 1024w, https:\/\/motionte.com\/wp-content\/uploads\/2025\/02\/almond-1-300x300.png 300w, https:\/\/motionte.com\/wp-content\/uploads\/2025\/02\/almond-1-150x150.png 150w, https:\/\/motionte.com\/wp-content\/uploads\/2025\/02\/almond-1-768x768.png 768w, https:\/\/motionte.com\/wp-content\/uploads\/2025\/02\/almond-1-600x600.png 600w, https:\/\/motionte.com\/wp-content\/uploads\/2025\/02\/almond-1-100x100.png 100w, https:\/\/motionte.com\/wp-content\/uploads\/2025\/02\/almond-1-1x1.png 1w, https:\/\/motionte.com\/wp-content\/uploads\/2025\/02\/almond-1-10x10.png 10w\" sizes=\"auto, (max-width: 1024px) 100vw, 1024px\" \/><\/a><\/figure><div class=\"elementor-image-box-content\"><h3 class=\"elementor-image-box-title\"><a href=\"https:\/\/motionte.com\/product-category\/almond-processing-line\/\">BADAM<br>EMAL X\u018fTT\u0130<\/a><\/h3><\/div><\/div>\t\t<\/div>\n\t\t\t\t<\/div>\n\t\t\t\t<\/div>\n\t\t<div class=\"elementor-element elementor-element-a5f35f4 e-con-full e-flex e-con e-child\" data-id=\"a5f35f4\" data-element_type=\"container\">\n\t\t\t\t<div class=\"elementor-element elementor-element-97d2bf2 ProdLineWrapper e-transform elementor-position-top elementor-widget elementor-widget-image-box\" data-id=\"97d2bf2\" data-element_type=\"widget\" data-settings=\"{&quot;_transform_scale_effect_hover&quot;:{&quot;unit&quot;:&quot;px&quot;,&quot;size&quot;:1.1,&quot;sizes&quot;:[]},&quot;_transform_scale_effect_hover_tablet&quot;:{&quot;unit&quot;:&quot;px&quot;,&quot;size&quot;:&quot;&quot;,&quot;sizes&quot;:[]},&quot;_transform_scale_effect_hover_mobile&quot;:{&quot;unit&quot;:&quot;px&quot;,&quot;size&quot;:&quot;&quot;,&quot;sizes&quot;:[]}}\" data-widget_type=\"image-box.default\">\n\t\t\t\t<div class=\"elementor-widget-container\">\n\t\t\t<div class=\"elementor-image-box-wrapper\"><figure class=\"elementor-image-box-img\"><a href=\"https:\/\/motionte.com\/product-category\/machinery\/production-lines\/tobacco-processing-equipment\/\" tabindex=\"-1\"><img loading=\"lazy\" loading=\"lazy\" decoding=\"async\" width=\"977\" height=\"1024\" src=\"https:\/\/motionte.com\/wp-content\/uploads\/2025\/02\/Winery-1.png\" class=\"attachment-large size-large wp-image-5991\" alt=\"\" srcset=\"https:\/\/motionte.com\/wp-content\/uploads\/2025\/02\/Winery-1.png 977w, https:\/\/motionte.com\/wp-content\/uploads\/2025\/02\/Winery-1-286x300.png 286w, https:\/\/motionte.com\/wp-content\/uploads\/2025\/02\/Winery-1-768x805.png 768w, https:\/\/motionte.com\/wp-content\/uploads\/2025\/02\/Winery-1-600x629.png 600w, https:\/\/motionte.com\/wp-content\/uploads\/2025\/02\/Winery-1-1x1.png 1w, https:\/\/motionte.com\/wp-content\/uploads\/2025\/02\/Winery-1-10x10.png 10w\" sizes=\"auto, (max-width: 977px) 100vw, 977px\" \/><\/a><\/figure><div class=\"elementor-image-box-content\"><h3 class=\"elementor-image-box-title\"><a href=\"https:\/\/motionte.com\/product-category\/machinery\/production-lines\/tobacco-processing-equipment\/\">\u015e\u018fRAB \u0130STEHSALINDA CEC\u018f V\u018f DARAQ DA\u015eIMA X\u018fTT\u0130<\/a><\/h3><\/div><\/div>\t\t<\/div>\n\t\t\t\t<\/div>\n\t\t\t\t<\/div>\n\t\t<div class=\"elementor-element elementor-element-c172200 e-con-full e-flex e-con e-child\" data-id=\"c172200\" data-element_type=\"container\">\n\t\t\t\t<div class=\"elementor-element elementor-element-b7853ca ProdLineWrapper e-transform elementor-position-top elementor-widget elementor-widget-image-box\" data-id=\"b7853ca\" data-element_type=\"widget\" data-settings=\"{&quot;_transform_scale_effect_hover&quot;:{&quot;unit&quot;:&quot;px&quot;,&quot;size&quot;:1.1,&quot;sizes&quot;:[]},&quot;_transform_scale_effect_hover_tablet&quot;:{&quot;unit&quot;:&quot;px&quot;,&quot;size&quot;:&quot;&quot;,&quot;sizes&quot;:[]},&quot;_transform_scale_effect_hover_mobile&quot;:{&quot;unit&quot;:&quot;px&quot;,&quot;size&quot;:&quot;&quot;,&quot;sizes&quot;:[]}}\" data-widget_type=\"image-box.default\">\n\t\t\t\t<div class=\"elementor-widget-container\">\n\t\t\t<div class=\"elementor-image-box-wrapper\"><figure class=\"elementor-image-box-img\"><a href=\"https:\/\/motionte.com\/product-category\/fruit-and-vegetable-processing-line\/\" tabindex=\"-1\"><img loading=\"lazy\" loading=\"lazy\" decoding=\"async\" width=\"1024\" height=\"1024\" src=\"https:\/\/motionte.com\/wp-content\/uploads\/2025\/02\/Fruits-and-veggies-1.png\" class=\"attachment-large size-large wp-image-5973\" alt=\"\" srcset=\"https:\/\/motionte.com\/wp-content\/uploads\/2025\/02\/Fruits-and-veggies-1.png 1024w, https:\/\/motionte.com\/wp-content\/uploads\/2025\/02\/Fruits-and-veggies-1-300x300.png 300w, https:\/\/motionte.com\/wp-content\/uploads\/2025\/02\/Fruits-and-veggies-1-150x150.png 150w, https:\/\/motionte.com\/wp-content\/uploads\/2025\/02\/Fruits-and-veggies-1-768x768.png 768w, https:\/\/motionte.com\/wp-content\/uploads\/2025\/02\/Fruits-and-veggies-1-600x600.png 600w, https:\/\/motionte.com\/wp-content\/uploads\/2025\/02\/Fruits-and-veggies-1-100x100.png 100w, https:\/\/motionte.com\/wp-content\/uploads\/2025\/02\/Fruits-and-veggies-1-1x1.png 1w, https:\/\/motionte.com\/wp-content\/uploads\/2025\/02\/Fruits-and-veggies-1-10x10.png 10w\" sizes=\"auto, (max-width: 1024px) 100vw, 1024px\" \/><\/a><\/figure><div class=\"elementor-image-box-content\"><h3 class=\"elementor-image-box-title\"><a href=\"https:\/\/motionte.com\/product-category\/fruit-and-vegetable-processing-line\/\">MEYV\u018f - T\u018fR\u018fV\u018fZ EMAL AVADANLIQLAR<\/a><\/h3><\/div><\/div>\t\t<\/div>\n\t\t\t\t<\/div>\n\t\t\t\t<\/div>\n\t\t\t\t\t<\/div>\n\t\t\t\t<\/div>\n\t\t<div class=\"elementor-element elementor-element-dea2370 e-flex e-con-boxed e-con e-parent\" data-id=\"dea2370\" data-element_type=\"container\">\n\t\t\t\t\t<div class=\"e-con-inner\">\n\t\t<div class=\"elementor-element elementor-element-4d3bc0e e-con-full e-flex e-con e-child\" data-id=\"4d3bc0e\" data-element_type=\"container\">\n\t\t\t\t<div class=\"elementor-element elementor-element-23b276b ProdLineWrapper e-transform elementor-position-top elementor-widget elementor-widget-image-box\" data-id=\"23b276b\" data-element_type=\"widget\" data-settings=\"{&quot;_transform_scale_effect_hover&quot;:{&quot;unit&quot;:&quot;px&quot;,&quot;size&quot;:1.1,&quot;sizes&quot;:[]},&quot;_transform_scale_effect_hover_tablet&quot;:{&quot;unit&quot;:&quot;px&quot;,&quot;size&quot;:&quot;&quot;,&quot;sizes&quot;:[]},&quot;_transform_scale_effect_hover_mobile&quot;:{&quot;unit&quot;:&quot;px&quot;,&quot;size&quot;:&quot;&quot;,&quot;sizes&quot;:[]}}\" data-widget_type=\"image-box.default\">\n\t\t\t\t<div class=\"elementor-widget-container\">\n\t\t\t<div class=\"elementor-image-box-wrapper\"><figure class=\"elementor-image-box-img\"><a href=\"https:\/\/motionte.com\/product-category\/machinery\/production-lines\/confectionery-production-equipment\/\" tabindex=\"-1\"><img loading=\"lazy\" loading=\"lazy\" decoding=\"async\" width=\"1024\" height=\"1024\" src=\"https:\/\/motionte.com\/wp-content\/uploads\/2025\/02\/Confectionary-1.png\" class=\"attachment-large size-large wp-image-5967\" alt=\"\" srcset=\"https:\/\/motionte.com\/wp-content\/uploads\/2025\/02\/Confectionary-1.png 1024w, https:\/\/motionte.com\/wp-content\/uploads\/2025\/02\/Confectionary-1-300x300.png 300w, https:\/\/motionte.com\/wp-content\/uploads\/2025\/02\/Confectionary-1-150x150.png 150w, https:\/\/motionte.com\/wp-content\/uploads\/2025\/02\/Confectionary-1-768x768.png 768w, https:\/\/motionte.com\/wp-content\/uploads\/2025\/02\/Confectionary-1-600x600.png 600w, https:\/\/motionte.com\/wp-content\/uploads\/2025\/02\/Confectionary-1-100x100.png 100w, https:\/\/motionte.com\/wp-content\/uploads\/2025\/02\/Confectionary-1-1x1.png 1w, https:\/\/motionte.com\/wp-content\/uploads\/2025\/02\/Confectionary-1-10x10.png 10w\" sizes=\"auto, (max-width: 1024px) 100vw, 1024px\" \/><\/a><\/figure><div class=\"elementor-image-box-content\"><h3 class=\"elementor-image-box-title\"><a href=\"https:\/\/motionte.com\/product-category\/machinery\/production-lines\/confectionery-production-equipment\/\">Q\u018fNNAD\u0130 V\u018f \u015e\u0130RN\u0130YY\u018fT \u0130STEHSAL AVADANLIQLARI<\/a><\/h3><\/div><\/div>\t\t<\/div>\n\t\t\t\t<\/div>\n\t\t\t\t<\/div>\n\t\t<div class=\"elementor-element elementor-element-7a794ab e-con-full e-flex e-con e-child\" data-id=\"7a794ab\" data-element_type=\"container\">\n\t\t\t\t<div class=\"elementor-element elementor-element-3b443a2 ProdLineWrapper e-transform elementor-position-top elementor-widget elementor-widget-image-box\" data-id=\"3b443a2\" data-element_type=\"widget\" data-settings=\"{&quot;_transform_scale_effect_hover&quot;:{&quot;unit&quot;:&quot;px&quot;,&quot;size&quot;:1.1,&quot;sizes&quot;:[]},&quot;_transform_scale_effect_hover_tablet&quot;:{&quot;unit&quot;:&quot;px&quot;,&quot;size&quot;:&quot;&quot;,&quot;sizes&quot;:[]},&quot;_transform_scale_effect_hover_mobile&quot;:{&quot;unit&quot;:&quot;px&quot;,&quot;size&quot;:&quot;&quot;,&quot;sizes&quot;:[]}}\" data-widget_type=\"image-box.default\">\n\t\t\t\t<div class=\"elementor-widget-container\">\n\t\t\t<div class=\"elementor-image-box-wrapper\"><figure class=\"elementor-image-box-img\"><a href=\"https:\/\/motionte.com\/product-category\/meat-fish-processing\/\" tabindex=\"-1\"><img loading=\"lazy\" loading=\"lazy\" decoding=\"async\" width=\"1024\" height=\"1024\" src=\"https:\/\/motionte.com\/wp-content\/uploads\/2025\/02\/Fish.png\" class=\"attachment-large size-large wp-image-5970\" alt=\"\" srcset=\"https:\/\/motionte.com\/wp-content\/uploads\/2025\/02\/Fish.png 1024w, https:\/\/motionte.com\/wp-content\/uploads\/2025\/02\/Fish-300x300.png 300w, https:\/\/motionte.com\/wp-content\/uploads\/2025\/02\/Fish-150x150.png 150w, https:\/\/motionte.com\/wp-content\/uploads\/2025\/02\/Fish-768x768.png 768w, https:\/\/motionte.com\/wp-content\/uploads\/2025\/02\/Fish-600x600.png 600w, https:\/\/motionte.com\/wp-content\/uploads\/2025\/02\/Fish-100x100.png 100w, https:\/\/motionte.com\/wp-content\/uploads\/2025\/02\/Fish-1x1.png 1w, https:\/\/motionte.com\/wp-content\/uploads\/2025\/02\/Fish-10x10.png 10w\" sizes=\"auto, (max-width: 1024px) 100vw, 1024px\" \/><\/a><\/figure><div class=\"elementor-image-box-content\"><h3 class=\"elementor-image-box-title\"><a href=\"https:\/\/motionte.com\/product-category\/meat-fish-processing\/\">\u018fT V\u018f BALIQ EMALI AVADANLIQLAR<\/a><\/h3><\/div><\/div>\t\t<\/div>\n\t\t\t\t<\/div>\n\t\t\t\t<\/div>\n\t\t<div class=\"elementor-element elementor-element-459a5dc e-con-full e-flex e-con e-child\" data-id=\"459a5dc\" data-element_type=\"container\">\n\t\t\t\t<div class=\"elementor-element elementor-element-7075398 ProdLineWrapper e-transform elementor-position-top elementor-widget elementor-widget-image-box\" data-id=\"7075398\" data-element_type=\"widget\" data-settings=\"{&quot;_transform_scale_effect_hover&quot;:{&quot;unit&quot;:&quot;px&quot;,&quot;size&quot;:1.1,&quot;sizes&quot;:[]},&quot;_transform_scale_effect_hover_tablet&quot;:{&quot;unit&quot;:&quot;px&quot;,&quot;size&quot;:&quot;&quot;,&quot;sizes&quot;:[]},&quot;_transform_scale_effect_hover_mobile&quot;:{&quot;unit&quot;:&quot;px&quot;,&quot;size&quot;:&quot;&quot;,&quot;sizes&quot;:[]}}\" data-widget_type=\"image-box.default\">\n\t\t\t\t<div class=\"elementor-widget-container\">\n\t\t\t<div class=\"elementor-image-box-wrapper\"><figure class=\"elementor-image-box-img\"><a href=\"https:\/\/motionte.com\/product-category\/semi-finished-products-production\/\" tabindex=\"-1\"><img loading=\"lazy\" loading=\"lazy\" decoding=\"async\" width=\"1024\" height=\"1024\" src=\"https:\/\/motionte.com\/wp-content\/uploads\/2025\/02\/Semi-1.png\" class=\"attachment-large size-large wp-image-5979\" alt=\"\" srcset=\"https:\/\/motionte.com\/wp-content\/uploads\/2025\/02\/Semi-1.png 1024w, https:\/\/motionte.com\/wp-content\/uploads\/2025\/02\/Semi-1-300x300.png 300w, https:\/\/motionte.com\/wp-content\/uploads\/2025\/02\/Semi-1-150x150.png 150w, https:\/\/motionte.com\/wp-content\/uploads\/2025\/02\/Semi-1-768x768.png 768w, https:\/\/motionte.com\/wp-content\/uploads\/2025\/02\/Semi-1-600x600.png 600w, https:\/\/motionte.com\/wp-content\/uploads\/2025\/02\/Semi-1-100x100.png 100w, https:\/\/motionte.com\/wp-content\/uploads\/2025\/02\/Semi-1-1x1.png 1w, https:\/\/motionte.com\/wp-content\/uploads\/2025\/02\/Semi-1-10x10.png 10w\" sizes=\"auto, (max-width: 1024px) 100vw, 1024px\" \/><\/a><\/figure><div class=\"elementor-image-box-content\"><h3 class=\"elementor-image-box-title\"><a href=\"https:\/\/motionte.com\/product-category\/semi-finished-products-production\/\">YARIMFABR\u0130KAT M\u018fHSULLARIN \u0130STEHSAL AVADANLIQLAR<\/a><\/h3><\/div><\/div>\t\t<\/div>\n\t\t\t\t<\/div>\n\t\t\t\t<\/div>\n\t\t<div class=\"elementor-element elementor-element-1f41c22 e-con-full e-flex e-con e-child\" data-id=\"1f41c22\" data-element_type=\"container\">\n\t\t\t\t<div class=\"elementor-element elementor-element-db3aa20 ProdLineWrapper e-transform elementor-position-top elementor-widget elementor-widget-image-box\" data-id=\"db3aa20\" data-element_type=\"widget\" data-settings=\"{&quot;_transform_scale_effect_hover&quot;:{&quot;unit&quot;:&quot;px&quot;,&quot;size&quot;:1.1,&quot;sizes&quot;:[]},&quot;_transform_scale_effect_hover_tablet&quot;:{&quot;unit&quot;:&quot;px&quot;,&quot;size&quot;:&quot;&quot;,&quot;sizes&quot;:[]},&quot;_transform_scale_effect_hover_mobile&quot;:{&quot;unit&quot;:&quot;px&quot;,&quot;size&quot;:&quot;&quot;,&quot;sizes&quot;:[]}}\" data-widget_type=\"image-box.default\">\n\t\t\t\t<div class=\"elementor-widget-container\">\n\t\t\t<div class=\"elementor-image-box-wrapper\"><figure class=\"elementor-image-box-img\"><a href=\"https:\/\/motionte.com\/product-category\/machinery\/production-lines\/tobacco-processing-equipment\/\" tabindex=\"-1\"><img loading=\"lazy\" loading=\"lazy\" decoding=\"async\" width=\"1024\" height=\"1024\" src=\"https:\/\/motionte.com\/wp-content\/uploads\/2025\/02\/Tobacco.png\" class=\"attachment-large size-large wp-image-5982\" alt=\"\" srcset=\"https:\/\/motionte.com\/wp-content\/uploads\/2025\/02\/Tobacco.png 1024w, https:\/\/motionte.com\/wp-content\/uploads\/2025\/02\/Tobacco-300x300.png 300w, https:\/\/motionte.com\/wp-content\/uploads\/2025\/02\/Tobacco-150x150.png 150w, https:\/\/motionte.com\/wp-content\/uploads\/2025\/02\/Tobacco-768x768.png 768w, https:\/\/motionte.com\/wp-content\/uploads\/2025\/02\/Tobacco-600x600.png 600w, https:\/\/motionte.com\/wp-content\/uploads\/2025\/02\/Tobacco-100x100.png 100w, https:\/\/motionte.com\/wp-content\/uploads\/2025\/02\/Tobacco-1x1.png 1w, https:\/\/motionte.com\/wp-content\/uploads\/2025\/02\/Tobacco-10x10.png 10w\" sizes=\"auto, (max-width: 1024px) 100vw, 1024px\" \/><\/a><\/figure><div class=\"elementor-image-box-content\"><h3 class=\"elementor-image-box-title\"><a href=\"https:\/\/motionte.com\/product-category\/machinery\/production-lines\/tobacco-processing-equipment\/\">T\u00dcT\u00dcN EMALI AVADANLIQLAR<\/a><\/h3><\/div><\/div>\t\t<\/div>\n\t\t\t\t<\/div>\n\t\t\t\t<\/div>\n\t\t<div class=\"elementor-element elementor-element-d40c649 e-con-full e-flex e-con e-child\" data-id=\"d40c649\" data-element_type=\"container\">\n\t\t\t\t<div class=\"elementor-element elementor-element-ffc2883 ProdLineWrapper e-transform elementor-position-top elementor-widget elementor-widget-image-box\" data-id=\"ffc2883\" data-element_type=\"widget\" data-settings=\"{&quot;_transform_scale_effect_hover&quot;:{&quot;unit&quot;:&quot;px&quot;,&quot;size&quot;:1.1,&quot;sizes&quot;:[]},&quot;_transform_scale_effect_hover_tablet&quot;:{&quot;unit&quot;:&quot;px&quot;,&quot;size&quot;:&quot;&quot;,&quot;sizes&quot;:[]},&quot;_transform_scale_effect_hover_mobile&quot;:{&quot;unit&quot;:&quot;px&quot;,&quot;size&quot;:&quot;&quot;,&quot;sizes&quot;:[]}}\" data-widget_type=\"image-box.default\">\n\t\t\t\t<div class=\"elementor-widget-container\">\n\t\t\t<div class=\"elementor-image-box-wrapper\"><figure class=\"elementor-image-box-img\"><a href=\"https:\/\/motionte.com\/product-category\/machinery\/production-lines\/warehouse-logistics-equipment\/\" tabindex=\"-1\"><img loading=\"lazy\" loading=\"lazy\" decoding=\"async\" width=\"1024\" height=\"1024\" src=\"https:\/\/motionte.com\/wp-content\/uploads\/2025\/02\/Warehouse-logistics-2.png\" class=\"attachment-large size-large wp-image-6079\" alt=\"\" srcset=\"https:\/\/motionte.com\/wp-content\/uploads\/2025\/02\/Warehouse-logistics-2.png 1024w, https:\/\/motionte.com\/wp-content\/uploads\/2025\/02\/Warehouse-logistics-2-300x300.png 300w, https:\/\/motionte.com\/wp-content\/uploads\/2025\/02\/Warehouse-logistics-2-150x150.png 150w, https:\/\/motionte.com\/wp-content\/uploads\/2025\/02\/Warehouse-logistics-2-768x768.png 768w, https:\/\/motionte.com\/wp-content\/uploads\/2025\/02\/Warehouse-logistics-2-600x600.png 600w, https:\/\/motionte.com\/wp-content\/uploads\/2025\/02\/Warehouse-logistics-2-100x100.png 100w, https:\/\/motionte.com\/wp-content\/uploads\/2025\/02\/Warehouse-logistics-2-1x1.png 1w, https:\/\/motionte.com\/wp-content\/uploads\/2025\/02\/Warehouse-logistics-2-10x10.png 10w\" sizes=\"auto, (max-width: 1024px) 100vw, 1024px\" \/><\/a><\/figure><div class=\"elementor-image-box-content\"><h3 class=\"elementor-image-box-title\"><a href=\"https:\/\/motionte.com\/product-category\/machinery\/production-lines\/warehouse-logistics-equipment\/\">ANBAR V\u018f LOG\u0130ST\u0130KA AVADANLIQLARI<\/a><\/h3><\/div><\/div>\t\t<\/div>\n\t\t\t\t<\/div>\n\t\t\t\t<\/div>\n\t\t\t\t\t<\/div>\n\t\t\t\t<\/div>\n\t\t\t\t<\/div>\n\t\t","protected":false},"excerpt":{"rendered":"<p>FINDIQEMAL X\u018fTT\u0130 QOZEMAL X\u018fTT\u0130 BADAMEMAL X\u018fTT\u0130 \u015e\u018fRAB \u0130STEHSALINDA CEC\u018f V\u018f DARAQ DA\u015eIMA X\u018fTT\u0130 MEYV\u018f &#8211; T\u018fR\u018fV\u018fZ EMAL AVADANLIQLAR Q\u018fNNAD\u0130 V\u018f \u015e\u0130RN\u0130YY\u018fT \u0130STEHSAL AVADANLIQLARI \u018fT V\u018f BALIQ EMALI AVADANLIQLAR YARIMFABR\u0130KAT M\u018fHSULLARIN \u0130STEHSAL AVADANLIQLAR T\u00dcT\u00dcN EMALI AVADANLIQLAR ANBAR V\u018f LOG\u0130ST\u0130KA AVADANLIQLARI<\/p>\n","protected":false},"author":1,"featured_media":0,"parent":0,"menu_order":0,"comment_status":"closed","ping_status":"closed","template":"","meta":{"om_disable_all_campaigns":false,"_monsterinsights_skip_tracking":false,"_monsterinsights_sitenote_active":false,"_monsterinsights_sitenote_note":"","_monsterinsights_sitenote_category":0,"footnotes":""},"class_list":["post-4341","page","type-page","status-publish","hentry"],"aioseo_notices":[],"_links":{"self":[{"href":"https:\/\/motionte.com\/az\/wp-json\/wp\/v2\/pages\/4341","targetHints":{"allow":["GET"]}}],"collection":[{"href":"https:\/\/motionte.com\/az\/wp-json\/wp\/v2\/pages"}],"about":[{"href":"https:\/\/motionte.com\/az\/wp-json\/wp\/v2\/types\/page"}],"author":[{"embeddable":true,"href":"https:\/\/motionte.com\/az\/wp-json\/wp\/v2\/users\/1"}],"replies":[{"embeddable":true,"href":"https:\/\/motionte.com\/az\/wp-json\/wp\/v2\/comments?post=4341"}],"version-history":[{"count":42,"href":"https:\/\/motionte.com\/az\/wp-json\/wp\/v2\/pages\/4341\/revisions"}],"predecessor-version":[{"id":7158,"href":"https:\/\/motionte.com\/az\/wp-json\/wp\/v2\/pages\/4341\/revisions\/7158"}],"wp:attachment":[{"href":"https:\/\/motionte.com\/az\/wp-json\/wp\/v2\/media?parent=4341"}],"curies":[{"name":"wp","href":"https:\/\/api.w.org\/{rel}","templated":true}]}}